{"id":9900,"date":"2026-01-13T09:06:50","date_gmt":"2026-01-13T08:06:50","guid":{"rendered":"https:\/\/www.makuku.pl\/shop\/?post_type=product&#038;p=9900"},"modified":"2026-01-13T09:10:56","modified_gmt":"2026-01-13T08:10:56","slug":"szorty-rodos-light-pink","status":"publish","type":"product","link":"https:\/\/www.makuku.pl\/shop\/?product=szorty-rodos-light-pink","title":{"rendered":"Szorty Rodos Light Pink"},"content":{"rendered":"<p>Szorty <strong>Rodos<\/strong> w kolorze jasnego, pastelowego r\u00f3\u017cu. Uszyte s\u0105 z elastycznej i bardzo wygodnej tkaniny o g\u0142adkiej strukturze. Materia\u0142 dopasowuje si\u0119 do sylwetki. Stan szort\u00f3w jest wysoki, po bokach maj\u0105 wi\u0105zania, nie s\u0105 jedynie ozdob\u0105, a mo\u017cna je podci\u0105ga\u0107 i dzi\u0119ki temu wyd\u0142u\u017caj\u0105 nogi i pi\u0119knie eksponuj\u0105 uda. Uszyte s\u0105 na podszewce, dzi\u0119ki temu nie materia\u0142 nie prze\u015bwituje. Dodatkowo posiadaj\u0105 marszczenie na pupie. Idealnie sprawdzaj\u0105 si\u0119 tak\u017ce do twerku. Bardzo komfortowe, nie posiadaj\u0105 wrzynaj\u0105cych si\u0119 gumek, nie zsuwaj\u0105 si\u0119 podczas treningu. Wyst\u0119puj\u0105 w komplecie z topem &#8211; set Emily.<\/p>\n<p>&nbsp;<\/p>\n<p><strong>Sk\u0142ad:<\/strong> 84% nylon, 16% spandex.<strong> Gramatura:<\/strong> 270g.<\/p>\n<p><strong> <br class=\"avia-permanent-lb\" \/>Wymiary modelki:<\/strong><\/p>\n<ul>\n<li>Wzrost: 167 cm<\/li>\n<li>Szeroko\u015b\u0107 w biu\u015bcie: 82 cm<\/li>\n<li>Szeroko\u015b\u0107 pod biustem: 75 cm<\/li>\n<li>Szeroko\u015b\u0107 w talii: 70 cm<\/li>\n<li>Szeroko\u015b\u0107 w biodrach: 88 cm<\/li>\n<li>Nasza modelka ma na sobie<b> rozmiar S<\/b><\/li>\n<\/ul>\n","protected":false},"excerpt":{"rendered":"<p>Szorty <strong>Rodos<\/strong> w kolorze jasno r\u00f3\u017cowym.<\/p>\n<p>Wi\u0119kszo\u015b\u0107 produkt\u00f3w szyjemy na zam\u00f3wienie. Czas oczekiwania w zale\u017cno\u015bci od tkaniny od 2-10 dni roboczych. W przypadku produkt\u00f3w, kt\u00f3re s\u0105 na stanie, wysy\u0142ka do <strong>48h<\/strong>.<\/p>\n","protected":false},"featured_media":9462,"template":"","meta":[],"product_brand":[],"product_cat":[48,49,74],"product_tag":[53,308,159],"class_list":{"0":"post-9900","1":"product","2":"type-product","3":"status-publish","4":"has-post-thumbnail","6":"product_cat-nowosci","7":"product_cat-pole-dance-exotic","8":"product_cat-szorty","9":"product_tag-pole-dance","10":"product_tag-rodos","11":"product_tag-szorty","12":"pa_produkt-szorty","13":"pa_rozmiar-x-small","14":"pa_rozmiar-small","15":"pa_rozmiar-medium","16":"pa_rozmiar-large","17":"pa_rozmiar-x-large","19":"first","20":"onbackorder","21":"shipping-taxable","22":"purchasable","23":"product-type-variable","24":"has-default-attributes"},"_links":{"self":[{"href":"https:\/\/www.makuku.pl\/shop\/index.php?rest_route=\/wp\/v2\/product\/9900","targetHints":{"allow":["GET"]}}],"collection":[{"href":"https:\/\/www.makuku.pl\/shop\/index.php?rest_route=\/wp\/v2\/product"}],"about":[{"href":"https:\/\/www.makuku.pl\/shop\/index.php?rest_route=\/wp\/v2\/types\/product"}],"wp:featuredmedia":[{"embeddable":true,"href":"https:\/\/www.makuku.pl\/shop\/index.php?rest_route=\/wp\/v2\/media\/9462"}],"wp:attachment":[{"href":"https:\/\/www.makuku.pl\/shop\/index.php?rest_route=%2Fwp%2Fv2%2Fmedia&parent=9900"}],"wp:term":[{"taxonomy":"product_brand","embeddable":true,"href":"https:\/\/www.makuku.pl\/shop\/index.php?rest_route=%2Fwp%2Fv2%2Fproduct_brand&post=9900"},{"taxonomy":"product_cat","embeddable":true,"href":"https:\/\/www.makuku.pl\/shop\/index.php?rest_route=%2Fwp%2Fv2%2Fproduct_cat&post=9900"},{"taxonomy":"product_tag","embeddable":true,"href":"https:\/\/www.makuku.pl\/shop\/index.php?rest_route=%2Fwp%2Fv2%2Fproduct_tag&post=9900"}],"curies":[{"name":"wp","href":"https:\/\/api.w.org\/{rel}","templated":true}]}}