{"id":9651,"date":"2025-08-16T11:28:28","date_gmt":"2025-08-16T10:28:28","guid":{"rendered":"https:\/\/www.makuku.pl\/shop\/?post_type=product&#038;p=9651"},"modified":"2025-08-16T11:42:01","modified_gmt":"2025-08-16T10:42:01","slug":"szorty-greece","status":"publish","type":"product","link":"https:\/\/www.makuku.pl\/shop\/?product=szorty-greece","title":{"rendered":"Szorty Greece"},"content":{"rendered":"<p>Szorty <strong>Greece<\/strong> w kolorze br\u0105zowo-czarnej panterki. Uszyte s\u0105 z elastycznej i bardzo wygodnej tkaniny o g\u0142adkiej strukturze. Materia\u0142 dopasowuje si\u0119 do sylwetki. Stan szort\u00f3w lekko podwy\u017cszony. Fason mocno wyci\u0119ty zar\u00f3wno w pachwinach jak i na pupie. Mocno eksponuj\u0105 po\u015bladki i wyd\u0142u\u017caj\u0105 nogi poprzez wyci\u0119cia. Zakrywaj\u0105 niewielk\u0105 cz\u0119\u015b\u0107 po\u015bladk\u00f3w. Dodatkowo na pupie maj\u0105 wszyt\u0105 modeluj\u0105c\u0105 gumk\u0119. Idealne dla os\u00f3b chc\u0105cych si\u0119 wyr\u00f3\u017cni\u0107. Szorty dost\u0119pne w komplecie Greece z czarnym topem lub preferowany bia\u0142y top Crete. Pi\u0119knie prezentuj\u0105 si\u0119 na \u017cywo i s\u0105 bardzo wygodne.<\/p>\n<p>&nbsp;<\/p>\n<p><strong>Sk\u0142ad:<\/strong> 90% poliester, 10% lycra.<strong> Gramatura:<\/strong> 200g.<\/p>\n<p><strong> <br class=\"avia-permanent-lb\" \/>Wymiary modelki:<\/strong><\/p>\n<ul>\n<li>Wzrost: 167 cm<\/li>\n<li>Szeroko\u015b\u0107 w biu\u015bcie: 82 cm<\/li>\n<li>Szeroko\u015b\u0107 pod biustem: 75 cm<\/li>\n<li>Szeroko\u015b\u0107 w talii: 70 cm<\/li>\n<li>Szeroko\u015b\u0107 w biodrach: 88 cm<\/li>\n<li>Nasza modelka ma na sobie<b> rozmiar S<\/b><\/li>\n<\/ul>\n","protected":false},"excerpt":{"rendered":"<p>Szorty <strong>Greece<\/strong> w kolorze br\u0105zowo-czarnej panterki.<\/p>\n<p><strong>Wi\u0119kszo\u015b\u0107 produkt\u00f3w szyjemy na zam\u00f3wienie. Czas oczekiwania w zale\u017cno\u015bci od tkaniny od 2-10 dni roboczych. W przypadku produkt\u00f3w, kt\u00f3re s\u0105 na stanie, wysy\u0142ka do<\/strong> <strong>48h<\/strong>.<\/p>\n","protected":false},"featured_media":9657,"template":"","meta":[],"product_brand":[],"product_cat":[48,49,74],"product_tag":[311,53,159],"class_list":{"0":"post-9651","1":"product","2":"type-product","3":"status-publish","4":"has-post-thumbnail","6":"product_cat-nowosci","7":"product_cat-pole-dance-exotic","8":"product_cat-szorty","9":"product_tag-greece","10":"product_tag-pole-dance","11":"product_tag-szorty","12":"pa_produkt-szorty","13":"pa_rozmiar-x-small","14":"pa_rozmiar-small","15":"pa_rozmiar-medium","16":"pa_rozmiar-large","17":"pa_rozmiar-x-large","19":"first","20":"onbackorder","21":"shipping-taxable","22":"purchasable","23":"product-type-variable","24":"has-default-attributes"},"_links":{"self":[{"href":"https:\/\/www.makuku.pl\/shop\/index.php?rest_route=\/wp\/v2\/product\/9651","targetHints":{"allow":["GET"]}}],"collection":[{"href":"https:\/\/www.makuku.pl\/shop\/index.php?rest_route=\/wp\/v2\/product"}],"about":[{"href":"https:\/\/www.makuku.pl\/shop\/index.php?rest_route=\/wp\/v2\/types\/product"}],"wp:featuredmedia":[{"embeddable":true,"href":"https:\/\/www.makuku.pl\/shop\/index.php?rest_route=\/wp\/v2\/media\/9657"}],"wp:attachment":[{"href":"https:\/\/www.makuku.pl\/shop\/index.php?rest_route=%2Fwp%2Fv2%2Fmedia&parent=9651"}],"wp:term":[{"taxonomy":"product_brand","embeddable":true,"href":"https:\/\/www.makuku.pl\/shop\/index.php?rest_route=%2Fwp%2Fv2%2Fproduct_brand&post=9651"},{"taxonomy":"product_cat","embeddable":true,"href":"https:\/\/www.makuku.pl\/shop\/index.php?rest_route=%2Fwp%2Fv2%2Fproduct_cat&post=9651"},{"taxonomy":"product_tag","embeddable":true,"href":"https:\/\/www.makuku.pl\/shop\/index.php?rest_route=%2Fwp%2Fv2%2Fproduct_tag&post=9651"}],"curies":[{"name":"wp","href":"https:\/\/api.w.org\/{rel}","templated":true}]}}