{"id":9644,"date":"2025-08-16T11:24:41","date_gmt":"2025-08-16T10:24:41","guid":{"rendered":"https:\/\/www.makuku.pl\/shop\/?post_type=product&#038;p=9644"},"modified":"2025-08-16T11:27:53","modified_gmt":"2025-08-16T10:27:53","slug":"szorty-formella","status":"publish","type":"product","link":"https:\/\/www.makuku.pl\/shop\/?product=szorty-formella","title":{"rendered":"Szorty Formella"},"content":{"rendered":"<p>Szorty <strong>Formella<\/strong> w kolorze czarnym. Uszyte s\u0105 z elastycznej i bardzo wygodnej tkaniny o lekko po\u0142yskliwej strukturze. Materia\u0142 dopasowuje si\u0119 do sylwetki. Stan szort\u00f3w podwy\u017cszony, s\u0105 bezszwowe w pasie, idealne dla os\u00f3b, kt\u00f3re w trakcie trening\u00f3w nie lubi\u0105 mie\u0107 gumki w pasie. Materia\u0142 delikatnie przylega do brzucha. Zakrywaj\u0105 wi\u0119ksz\u0105 cz\u0119\u015b\u0107 po\u015bladk\u00f3w. Idealne dla os\u00f3b chc\u0105cych zakry\u0107 wi\u0119cej. Szorty dost\u0119pne tak\u017ce w komplecie Formella z panterkowym topem. Pi\u0119knie prezentuj\u0105 si\u0119 na \u017cywo i s\u0105 bardzo wygodne.<\/p>\n<p>&nbsp;<\/p>\n<p><strong>Sk\u0142ad:<\/strong> 90% poliester, 10% lycra.<strong> Gramatura:<\/strong> 200g.<\/p>\n<p><strong> <br class=\"avia-permanent-lb\" \/>Wymiary modelki:<\/strong><\/p>\n<ul>\n<li>Wzrost: 167 cm<\/li>\n<li>Szeroko\u015b\u0107 w biu\u015bcie: 82 cm<\/li>\n<li>Szeroko\u015b\u0107 pod biustem: 75 cm<\/li>\n<li>Szeroko\u015b\u0107 w talii: 70 cm<\/li>\n<li>Szeroko\u015b\u0107 w biodrach: 88 cm<\/li>\n<li>Nasza modelka ma na sobie<b> rozmiar S<\/b><\/li>\n<\/ul>\n","protected":false},"excerpt":{"rendered":"<p>Szorty <strong>Formella<\/strong> w kolorze czarnym.<\/p>\n<p><strong>Wi\u0119kszo\u015b\u0107 produkt\u00f3w szyjemy na zam\u00f3wienie. Czas oczekiwania w zale\u017cno\u015bci od tkaniny od 2-10 dni roboczych. W przypadku produkt\u00f3w, kt\u00f3re s\u0105 na stanie, wysy\u0142ka do<\/strong> <strong>48h<\/strong>.<\/p>\n","protected":false},"featured_media":9579,"template":"","meta":[],"product_brand":[],"product_cat":[48,49,74],"product_tag":[313,53,159],"class_list":{"0":"post-9644","1":"product","2":"type-product","3":"status-publish","4":"has-post-thumbnail","6":"product_cat-nowosci","7":"product_cat-pole-dance-exotic","8":"product_cat-szorty","9":"product_tag-formella","10":"product_tag-pole-dance","11":"product_tag-szorty","12":"pa_produkt-szorty","13":"pa_rozmiar-x-small","14":"pa_rozmiar-small","15":"pa_rozmiar-medium","16":"pa_rozmiar-large","17":"pa_rozmiar-x-large","19":"first","20":"onbackorder","21":"shipping-taxable","22":"purchasable","23":"product-type-variable","24":"has-default-attributes"},"_links":{"self":[{"href":"https:\/\/www.makuku.pl\/shop\/index.php?rest_route=\/wp\/v2\/product\/9644","targetHints":{"allow":["GET"]}}],"collection":[{"href":"https:\/\/www.makuku.pl\/shop\/index.php?rest_route=\/wp\/v2\/product"}],"about":[{"href":"https:\/\/www.makuku.pl\/shop\/index.php?rest_route=\/wp\/v2\/types\/product"}],"wp:featuredmedia":[{"embeddable":true,"href":"https:\/\/www.makuku.pl\/shop\/index.php?rest_route=\/wp\/v2\/media\/9579"}],"wp:attachment":[{"href":"https:\/\/www.makuku.pl\/shop\/index.php?rest_route=%2Fwp%2Fv2%2Fmedia&parent=9644"}],"wp:term":[{"taxonomy":"product_brand","embeddable":true,"href":"https:\/\/www.makuku.pl\/shop\/index.php?rest_route=%2Fwp%2Fv2%2Fproduct_brand&post=9644"},{"taxonomy":"product_cat","embeddable":true,"href":"https:\/\/www.makuku.pl\/shop\/index.php?rest_route=%2Fwp%2Fv2%2Fproduct_cat&post=9644"},{"taxonomy":"product_tag","embeddable":true,"href":"https:\/\/www.makuku.pl\/shop\/index.php?rest_route=%2Fwp%2Fv2%2Fproduct_tag&post=9644"}],"curies":[{"name":"wp","href":"https:\/\/api.w.org\/{rel}","templated":true}]}}