{"id":9608,"date":"2025-08-16T10:59:30","date_gmt":"2025-08-16T09:59:30","guid":{"rendered":"https:\/\/www.makuku.pl\/shop\/?post_type=product&#038;p=9608"},"modified":"2025-08-16T11:07:56","modified_gmt":"2025-08-16T10:07:56","slug":"komplet-emma-pink","status":"publish","type":"product","link":"https:\/\/www.makuku.pl\/shop\/?product=komplet-emma-pink","title":{"rendered":"Komplet Emma Pink"},"content":{"rendered":"<p>Str\u00f3j do Pole Dance <strong>Emma<\/strong> w kolorze pastelowo r\u00f3\u017cowym. Uszyty jest z mocno elastycznej i wygodnej tkaniny. Materia\u0142 jest g\u0142adki. Top w klasycznym stylu na szerokich rami\u0105czkach z wyci\u0119tym dekoltem i plecami, posiada miejsce na wk\u0142adki. Szorty typu brazyliany mocno eksponuj\u0105ce po\u015bladki, z wy\u017cszym stanem i ozdobnymi szerokimi paskami na udach (w paskach wszyte s\u0105 elastyczne gumki,\u00a0 nic si\u0119 nie wrzyna). Na pupie maj\u0105 marszczenie. Str\u00f3j pi\u0119knie prezentuje si\u0119 na \u017cywo i jest bardzo wygodny.<\/p>\n<p>&nbsp;<\/p>\n<p><strong>Sk\u0142ad:<\/strong> 90% poliester, 10% lycra.<\/p>\n<p><strong> <br class=\"avia-permanent-lb\" \/>Wymiary modelki:<\/strong><\/p>\n<ul>\n<li>Wzrost: 167 cm<\/li>\n<li>Szeroko\u015b\u0107 w biu\u015bcie: 82 cm<\/li>\n<li>Szeroko\u015b\u0107 pod biustem: 75 cm<\/li>\n<li>Szeroko\u015b\u0107 w talii: 70 cm<\/li>\n<li>Szeroko\u015b\u0107 w biodrach: 88 cm<\/li>\n<li>Nasza modelka ma na sobie<b> rozmiar S<\/b><\/li>\n<\/ul>\n","protected":false},"excerpt":{"rendered":"<p>Str\u00f3j do Pole Dance <strong>Emma<\/strong>\u00a0w kolorze r\u00f3\u017cowym.<strong><br \/>\n<\/strong><\/p>\n<p><strong>Wi\u0119kszo\u015b\u0107 kostium\u00f3w szyjemy na indywidualne zam\u00f3wienie. Czas oczekiwania w zale\u017cno\u015bci od tkaniny od 2-10 dni roboczych. W przypadku produkt\u00f3w, kt\u00f3re s\u0105 na stanie, wysy\u0142ka do<\/strong> <strong>48h<\/strong>.<\/p>\n","protected":false},"featured_media":9624,"template":"","meta":[],"product_brand":[],"product_cat":[48,49,50],"product_tag":[314,53],"class_list":{"0":"post-9608","1":"product","2":"type-product","3":"status-publish","4":"has-post-thumbnail","6":"product_cat-nowosci","7":"product_cat-pole-dance-exotic","8":"product_cat-komplety","9":"product_tag-emma","10":"product_tag-pole-dance","11":"pa_produkt-stroje-pd","12":"pa_rozmiar-dol-x-small","13":"pa_rozmiar-dol-small","14":"pa_rozmiar-dol-medium","15":"pa_rozmiar-dol-large","16":"pa_rozmiar-gora-x-small","17":"pa_rozmiar-gora-small","18":"pa_rozmiar-gora-medium","19":"pa_rozmiar-gora-large","21":"first","22":"onbackorder","23":"shipping-taxable","24":"purchasable","25":"product-type-variable","26":"has-default-attributes"},"_links":{"self":[{"href":"https:\/\/www.makuku.pl\/shop\/index.php?rest_route=\/wp\/v2\/product\/9608","targetHints":{"allow":["GET"]}}],"collection":[{"href":"https:\/\/www.makuku.pl\/shop\/index.php?rest_route=\/wp\/v2\/product"}],"about":[{"href":"https:\/\/www.makuku.pl\/shop\/index.php?rest_route=\/wp\/v2\/types\/product"}],"wp:featuredmedia":[{"embeddable":true,"href":"https:\/\/www.makuku.pl\/shop\/index.php?rest_route=\/wp\/v2\/media\/9624"}],"wp:attachment":[{"href":"https:\/\/www.makuku.pl\/shop\/index.php?rest_route=%2Fwp%2Fv2%2Fmedia&parent=9608"}],"wp:term":[{"taxonomy":"product_brand","embeddable":true,"href":"https:\/\/www.makuku.pl\/shop\/index.php?rest_route=%2Fwp%2Fv2%2Fproduct_brand&post=9608"},{"taxonomy":"product_cat","embeddable":true,"href":"https:\/\/www.makuku.pl\/shop\/index.php?rest_route=%2Fwp%2Fv2%2Fproduct_cat&post=9608"},{"taxonomy":"product_tag","embeddable":true,"href":"https:\/\/www.makuku.pl\/shop\/index.php?rest_route=%2Fwp%2Fv2%2Fproduct_tag&post=9608"}],"curies":[{"name":"wp","href":"https:\/\/api.w.org\/{rel}","templated":true}]}}