{"id":9562,"date":"2025-08-16T10:25:54","date_gmt":"2025-08-16T09:25:54","guid":{"rendered":"https:\/\/www.makuku.pl\/shop\/?post_type=product&#038;p=9562"},"modified":"2025-08-16T10:47:09","modified_gmt":"2025-08-16T09:47:09","slug":"komplet-formella","status":"publish","type":"product","link":"https:\/\/www.makuku.pl\/shop\/?product=komplet-formella","title":{"rendered":"Komplet Formella"},"content":{"rendered":"<p>Str\u00f3j do Pole Dance <strong>Formella<\/strong> w kolorze panterkow0-czarnym. Uszyty jest z mocno elastycznej i wygodnej tkaniny. Szorty z tkaniny delikatnie po\u0142yskliwej, top g\u0142adki. Top mocno zabudowany z przodu, z mocno odkrytymi plecami, posiada miejsce na wk\u0142adki. Szorty z wy\u017cszym stanem, bezszwowe w pasie. Idealne dla os\u00f3b, kt\u00f3re \u017ale si\u0119 czuj\u0105 z gumk\u0105 w pasie. Dodatkowo posiadaj\u0105 marszczenie na pupie. Zakrywaj\u0105 wi\u0119ksz\u0105 cz\u0119\u015b\u0107 po\u015bladk\u00f3w. Kostium bardzo wygodny, idealny dla os\u00f3b chc\u0105cych zakry\u0107 wi\u0119cej.<\/p>\n<p>&nbsp;<\/p>\n<p><strong>Sk\u0142ad:<\/strong> 90% poliester, 10% lycra.<\/p>\n<p><strong> <br class=\"avia-permanent-lb\" \/>Wymiary modelki:<\/strong><\/p>\n<ul>\n<li>Wzrost: 167 cm<\/li>\n<li>Szeroko\u015b\u0107 w biu\u015bcie: 82 cm<\/li>\n<li>Szeroko\u015b\u0107 pod biustem: 75 cm<\/li>\n<li>Szeroko\u015b\u0107 w talii: 70 cm<\/li>\n<li>Szeroko\u015b\u0107 w biodrach: 88 cm<\/li>\n<li>Nasza modelka ma na sobie<b> rozmiar S<\/b><\/li>\n<\/ul>\n","protected":false},"excerpt":{"rendered":"<p>Str\u00f3j do Pole Dance <strong>Formella<\/strong> w kolorze panterkowo-czarnym.<\/p>\n<p><strong>Wi\u0119kszo\u015b\u0107 kostium\u00f3w szyjemy na indywidualne zam\u00f3wienie. Czas oczekiwania w zale\u017cno\u015bci od tkaniny od 2-10 dni roboczych. W przypadku produkt\u00f3w, kt\u00f3re s\u0105 na stanie, wysy\u0142ka do<\/strong> <strong>48h<\/strong>.<\/p>\n","protected":false},"featured_media":9579,"template":"","meta":[],"product_brand":[],"product_cat":[48,49,50],"product_tag":[313,274,53],"class_list":{"0":"post-9562","1":"product","2":"type-product","3":"status-publish","4":"has-post-thumbnail","6":"product_cat-nowosci","7":"product_cat-pole-dance-exotic","8":"product_cat-komplety","9":"product_tag-formella","10":"product_tag-komplet","11":"product_tag-pole-dance","12":"pa_produkt-stroje-pd","13":"pa_rozmiar-dol-x-small","14":"pa_rozmiar-dol-small","15":"pa_rozmiar-dol-medium","16":"pa_rozmiar-dol-large","17":"pa_rozmiar-dol-x-large","18":"pa_rozmiar-gora-x-small","19":"pa_rozmiar-gora-small","20":"pa_rozmiar-gora-medium","21":"pa_rozmiar-gora-large","22":"pa_rozmiar-gora-x-large","24":"first","25":"onbackorder","26":"shipping-taxable","27":"purchasable","28":"product-type-variable","29":"has-default-attributes"},"_links":{"self":[{"href":"https:\/\/www.makuku.pl\/shop\/index.php?rest_route=\/wp\/v2\/product\/9562","targetHints":{"allow":["GET"]}}],"collection":[{"href":"https:\/\/www.makuku.pl\/shop\/index.php?rest_route=\/wp\/v2\/product"}],"about":[{"href":"https:\/\/www.makuku.pl\/shop\/index.php?rest_route=\/wp\/v2\/types\/product"}],"wp:featuredmedia":[{"embeddable":true,"href":"https:\/\/www.makuku.pl\/shop\/index.php?rest_route=\/wp\/v2\/media\/9579"}],"wp:attachment":[{"href":"https:\/\/www.makuku.pl\/shop\/index.php?rest_route=%2Fwp%2Fv2%2Fmedia&parent=9562"}],"wp:term":[{"taxonomy":"product_brand","embeddable":true,"href":"https:\/\/www.makuku.pl\/shop\/index.php?rest_route=%2Fwp%2Fv2%2Fproduct_brand&post=9562"},{"taxonomy":"product_cat","embeddable":true,"href":"https:\/\/www.makuku.pl\/shop\/index.php?rest_route=%2Fwp%2Fv2%2Fproduct_cat&post=9562"},{"taxonomy":"product_tag","embeddable":true,"href":"https:\/\/www.makuku.pl\/shop\/index.php?rest_route=%2Fwp%2Fv2%2Fproduct_tag&post=9562"}],"curies":[{"name":"wp","href":"https:\/\/api.w.org\/{rel}","templated":true}]}}