{"id":9540,"date":"2025-08-16T09:56:21","date_gmt":"2025-08-16T08:56:21","guid":{"rendered":"https:\/\/www.makuku.pl\/shop\/?post_type=product&#038;p=9540"},"modified":"2025-08-16T10:10:55","modified_gmt":"2025-08-16T09:10:55","slug":"komplet-mandala","status":"publish","type":"product","link":"https:\/\/www.makuku.pl\/shop\/?product=komplet-mandala","title":{"rendered":"Komplet Mandala"},"content":{"rendered":"<p>Str\u00f3j do Pole Dance <strong>Mandala<\/strong> w kolorze bia\u0142o-czerwonym. Uszyty jest z mocno elastycznej i wygodnej tkaniny. Tkanina delikatnie po\u0142yskliwa. Top w klasycznym stylu, na szerokich rami\u0105czkach z wyci\u0119tym dekoltem i wyci\u0119tymi plecami, posiada miejsce na wk\u0142adki. Szorty z wy\u017cszym stanem, bezszwowe w pasie. Idealne dla os\u00f3b, kt\u00f3re \u017ale si\u0119 czuj\u0105 z gumk\u0105 w pasie. Dodatkowo posiadaj\u0105 marszczenie na pupie. Zakrywaj\u0105 wi\u0119ksz\u0105 cz\u0119\u015b\u0107 po\u015bladk\u00f3w.<\/p>\n<p>&nbsp;<\/p>\n<p><strong>Sk\u0142ad:<\/strong> 90% poliester, 10% lycra.<\/p>\n<p><strong> <br class=\"avia-permanent-lb\" \/>Wymiary modelki:<\/strong><\/p>\n<ul>\n<li>Wzrost: 167 cm<\/li>\n<li>Szeroko\u015b\u0107 w biu\u015bcie: 82 cm<\/li>\n<li>Szeroko\u015b\u0107 pod biustem: 75 cm<\/li>\n<li>Szeroko\u015b\u0107 w talii: 70 cm<\/li>\n<li>Szeroko\u015b\u0107 w biodrach: 88 cm<\/li>\n<li>Nasza modelka ma na sobie<b> rozmiar S<\/b><\/li>\n<\/ul>\n","protected":false},"excerpt":{"rendered":"<p>Str\u00f3j do Pole Dance Mandala w kolorze bia\u0142o-czerwonym.<strong><br \/>\n<\/strong><\/p>\n<p><strong>Wi\u0119kszo\u015b\u0107 kostium\u00f3w szyjemy na indywidualne zam\u00f3wienie. Czas oczekiwania w zale\u017cno\u015bci od tkaniny od 2-10 dni roboczych. W przypadku produkt\u00f3w, kt\u00f3re s\u0105 na stanie, wysy\u0142ka do<\/strong> <strong>48h<\/strong>.<\/p>\n","protected":false},"featured_media":9557,"template":"","meta":[],"product_brand":[],"product_cat":[48,49,50],"product_tag":[274,312,53],"class_list":{"0":"post-9540","1":"product","2":"type-product","3":"status-publish","4":"has-post-thumbnail","6":"product_cat-nowosci","7":"product_cat-pole-dance-exotic","8":"product_cat-komplety","9":"product_tag-komplet","10":"product_tag-mandala","11":"product_tag-pole-dance","12":"pa_produkt-stroje-pd","13":"pa_rozmiar-dol-x-small","14":"pa_rozmiar-dol-small","15":"pa_rozmiar-dol-medium","16":"pa_rozmiar-dol-large","17":"pa_rozmiar-dol-x-large","18":"pa_rozmiar-gora-x-small","19":"pa_rozmiar-gora-small","20":"pa_rozmiar-gora-medium","21":"pa_rozmiar-gora-large","22":"pa_rozmiar-gora-x-large","24":"first","25":"onbackorder","26":"shipping-taxable","27":"purchasable","28":"product-type-variable","29":"has-default-attributes"},"_links":{"self":[{"href":"https:\/\/www.makuku.pl\/shop\/index.php?rest_route=\/wp\/v2\/product\/9540","targetHints":{"allow":["GET"]}}],"collection":[{"href":"https:\/\/www.makuku.pl\/shop\/index.php?rest_route=\/wp\/v2\/product"}],"about":[{"href":"https:\/\/www.makuku.pl\/shop\/index.php?rest_route=\/wp\/v2\/types\/product"}],"wp:featuredmedia":[{"embeddable":true,"href":"https:\/\/www.makuku.pl\/shop\/index.php?rest_route=\/wp\/v2\/media\/9557"}],"wp:attachment":[{"href":"https:\/\/www.makuku.pl\/shop\/index.php?rest_route=%2Fwp%2Fv2%2Fmedia&parent=9540"}],"wp:term":[{"taxonomy":"product_brand","embeddable":true,"href":"https:\/\/www.makuku.pl\/shop\/index.php?rest_route=%2Fwp%2Fv2%2Fproduct_brand&post=9540"},{"taxonomy":"product_cat","embeddable":true,"href":"https:\/\/www.makuku.pl\/shop\/index.php?rest_route=%2Fwp%2Fv2%2Fproduct_cat&post=9540"},{"taxonomy":"product_tag","embeddable":true,"href":"https:\/\/www.makuku.pl\/shop\/index.php?rest_route=%2Fwp%2Fv2%2Fproduct_tag&post=9540"}],"curies":[{"name":"wp","href":"https:\/\/api.w.org\/{rel}","templated":true}]}}