{"id":9519,"date":"2025-08-15T13:15:32","date_gmt":"2025-08-15T12:15:32","guid":{"rendered":"https:\/\/www.makuku.pl\/shop\/?post_type=product&#038;p=9519"},"modified":"2025-08-16T09:41:13","modified_gmt":"2025-08-16T08:41:13","slug":"komplet-greece","status":"publish","type":"product","link":"https:\/\/www.makuku.pl\/shop\/?product=komplet-greece","title":{"rendered":"Komplet Greece"},"content":{"rendered":"<p>Str\u00f3j do Pole Dance <strong>Greece<\/strong> w kolorze czarno-panterkowym. Uszyty jest z mocno elastycznej i wygodnej tkaniny. Top delikatnie po\u0142yskliwy, szorty g\u0142adkie. Top w klasycznym stylu, na szerokich rami\u0105czkach z wyci\u0119tym dekoltem i wyci\u0119tymi plecami, posiada miejsce na wk\u0142adki. Szorty brazyliany &#8211; z tkaniny w kolorze panterki, mocno wyci\u0119te w pachwinach, z lekko podwy\u017cszonym stanem, marszczone na pupie. Eksponuj\u0105 tali\u0119 i po\u015bladki.<\/p>\n<p>&nbsp;<\/p>\n<p><strong>Sk\u0142ad:<\/strong> 90% poliester, 10% lycra.<\/p>\n<p><strong> <br class=\"avia-permanent-lb\" \/>Wymiary modelki:<\/strong><\/p>\n<ul>\n<li>Wzrost: 167 cm<\/li>\n<li>Szeroko\u015b\u0107 w biu\u015bcie: 82 cm<\/li>\n<li>Szeroko\u015b\u0107 pod biustem: 75 cm<\/li>\n<li>Szeroko\u015b\u0107 w talii: 70 cm<\/li>\n<li>Szeroko\u015b\u0107 w biodrach: 88 cm<\/li>\n<li>Nasza modelka ma na sobie<b> rozmiar S<\/b><\/li>\n<\/ul>\n","protected":false},"excerpt":{"rendered":"<p>Str\u00f3j do Pole Dance <strong>Greece<\/strong> w kolorze czarno-panterkowym.<strong><br \/>\n<\/strong><\/p>\n<p><strong>Wi\u0119kszo\u015b\u0107 kostium\u00f3w szyjemy na indywidualne zam\u00f3wienie. Czas oczekiwania w zale\u017cno\u015bci od tkaniny od 2-10 dni roboczych. W przypadku produkt\u00f3w, kt\u00f3re s\u0105 na stanie, wysy\u0142ka do<\/strong> <strong>48h<\/strong>.<\/p>\n","protected":false},"featured_media":9537,"template":"","meta":[],"product_brand":[],"product_cat":[48,49,50],"product_tag":[311,53],"class_list":{"0":"post-9519","1":"product","2":"type-product","3":"status-publish","4":"has-post-thumbnail","6":"product_cat-nowosci","7":"product_cat-pole-dance-exotic","8":"product_cat-komplety","9":"product_tag-greece","10":"product_tag-pole-dance","11":"pa_produkt-stroje-pd","12":"pa_rozmiar-dol-x-small","13":"pa_rozmiar-dol-small","14":"pa_rozmiar-dol-medium","15":"pa_rozmiar-dol-large","16":"pa_rozmiar-dol-x-large","17":"pa_rozmiar-gora-x-small","18":"pa_rozmiar-gora-small","19":"pa_rozmiar-gora-medium","20":"pa_rozmiar-gora-large","21":"pa_rozmiar-gora-x-large","23":"first","24":"onbackorder","25":"shipping-taxable","26":"purchasable","27":"product-type-variable","28":"has-default-attributes"},"_links":{"self":[{"href":"https:\/\/www.makuku.pl\/shop\/index.php?rest_route=\/wp\/v2\/product\/9519","targetHints":{"allow":["GET"]}}],"collection":[{"href":"https:\/\/www.makuku.pl\/shop\/index.php?rest_route=\/wp\/v2\/product"}],"about":[{"href":"https:\/\/www.makuku.pl\/shop\/index.php?rest_route=\/wp\/v2\/types\/product"}],"wp:featuredmedia":[{"embeddable":true,"href":"https:\/\/www.makuku.pl\/shop\/index.php?rest_route=\/wp\/v2\/media\/9537"}],"wp:attachment":[{"href":"https:\/\/www.makuku.pl\/shop\/index.php?rest_route=%2Fwp%2Fv2%2Fmedia&parent=9519"}],"wp:term":[{"taxonomy":"product_brand","embeddable":true,"href":"https:\/\/www.makuku.pl\/shop\/index.php?rest_route=%2Fwp%2Fv2%2Fproduct_brand&post=9519"},{"taxonomy":"product_cat","embeddable":true,"href":"https:\/\/www.makuku.pl\/shop\/index.php?rest_route=%2Fwp%2Fv2%2Fproduct_cat&post=9519"},{"taxonomy":"product_tag","embeddable":true,"href":"https:\/\/www.makuku.pl\/shop\/index.php?rest_route=%2Fwp%2Fv2%2Fproduct_tag&post=9519"}],"curies":[{"name":"wp","href":"https:\/\/api.w.org\/{rel}","templated":true}]}}