{"id":9072,"date":"2025-01-05T22:48:18","date_gmt":"2025-01-05T21:48:18","guid":{"rendered":"https:\/\/www.makuku.pl\/shop\/?post_type=product&#038;p=9072"},"modified":"2025-08-15T12:56:45","modified_gmt":"2025-08-15T11:56:45","slug":"szorty-rosalie-black","status":"publish","type":"product","link":"https:\/\/www.makuku.pl\/shop\/?product=szorty-rosalie-black","title":{"rendered":"Szorty Rosalie Black"},"content":{"rendered":"<p>Szorty<strong>\u00a0Rosalie<\/strong> w kolorze czarnym. Szorty z \u015brednim stanem zdobione szerokim paskiem na talii. Paseczek jest bezszwowy, nie wrzyna si\u0119, a jedynie delikatnie opada na tali\u0119. Szorty wyst\u0119puj\u0105 w komplecie z topem &#8211; Str\u00f3j Rosalie Black.<\/p>\n<p>&nbsp;<\/p>\n<p><strong>Sk\u0142ad:<\/strong> 90% poliester, 10% lycra.<\/p>\n<p><strong> <br class=\"avia-permanent-lb\" \/>Wymiary modelki:<\/strong><\/p>\n<ul>\n<li>Wzrost: 167 cm<\/li>\n<li>Szeroko\u015b\u0107 w biu\u015bcie: 82 cm<\/li>\n<li>Szeroko\u015b\u0107 pod biustem: 75 cm<\/li>\n<li>Szeroko\u015b\u0107 w talii: 70 cm<\/li>\n<li>Szeroko\u015b\u0107 w biodrach: 88 cm<\/li>\n<li>Nasza modelka ma na sobie<b> rozmiar S<\/b><\/li>\n<\/ul>\n","protected":false},"excerpt":{"rendered":"<p>Szorty<strong> Rosalie<\/strong> w kolorze czarnym.<strong><br \/>\n<\/strong><\/p>\n<p>Wi\u0119kszo\u015b\u0107 kostium\u00f3w szyjemy na indywidualne zam\u00f3wienie. Czas oczekiwania w zale\u017cno\u015bci od tkaniny od 2-10 dni roboczych. W przypadku produkt\u00f3w, kt\u00f3re s\u0105 na stanie, wysy\u0142ka do <strong>48h<\/strong>.<\/p>\n","protected":false},"featured_media":7472,"template":"","meta":[],"product_brand":[],"product_cat":[49,74],"product_tag":[53,303,159],"class_list":{"0":"post-9072","1":"product","2":"type-product","3":"status-publish","4":"has-post-thumbnail","6":"product_cat-pole-dance-exotic","7":"product_cat-szorty","8":"product_tag-pole-dance","9":"product_tag-rosalie","10":"product_tag-szorty","11":"pa_produkt-stroje-pd","12":"pa_rozmiar-dol-xxs","13":"pa_rozmiar-dol-x-small","14":"pa_rozmiar-dol-small","15":"pa_rozmiar-dol-medium","16":"pa_rozmiar-dol-large","18":"first","19":"onbackorder","20":"shipping-taxable","21":"purchasable","22":"product-type-variable","23":"has-default-attributes"},"_links":{"self":[{"href":"https:\/\/www.makuku.pl\/shop\/index.php?rest_route=\/wp\/v2\/product\/9072","targetHints":{"allow":["GET"]}}],"collection":[{"href":"https:\/\/www.makuku.pl\/shop\/index.php?rest_route=\/wp\/v2\/product"}],"about":[{"href":"https:\/\/www.makuku.pl\/shop\/index.php?rest_route=\/wp\/v2\/types\/product"}],"wp:featuredmedia":[{"embeddable":true,"href":"https:\/\/www.makuku.pl\/shop\/index.php?rest_route=\/wp\/v2\/media\/7472"}],"wp:attachment":[{"href":"https:\/\/www.makuku.pl\/shop\/index.php?rest_route=%2Fwp%2Fv2%2Fmedia&parent=9072"}],"wp:term":[{"taxonomy":"product_brand","embeddable":true,"href":"https:\/\/www.makuku.pl\/shop\/index.php?rest_route=%2Fwp%2Fv2%2Fproduct_brand&post=9072"},{"taxonomy":"product_cat","embeddable":true,"href":"https:\/\/www.makuku.pl\/shop\/index.php?rest_route=%2Fwp%2Fv2%2Fproduct_cat&post=9072"},{"taxonomy":"product_tag","embeddable":true,"href":"https:\/\/www.makuku.pl\/shop\/index.php?rest_route=%2Fwp%2Fv2%2Fproduct_tag&post=9072"}],"curies":[{"name":"wp","href":"https:\/\/api.w.org\/{rel}","templated":true}]}}