{"id":8984,"date":"2025-01-05T21:11:48","date_gmt":"2025-01-05T20:11:48","guid":{"rendered":"https:\/\/www.makuku.pl\/shop\/?post_type=product&#038;p=8984"},"modified":"2025-04-13T10:43:58","modified_gmt":"2025-04-13T09:43:58","slug":"top-rosalie-beige","status":"publish","type":"product","link":"https:\/\/www.makuku.pl\/shop\/?product=top-rosalie-beige","title":{"rendered":"Top Rosalie Kobalt"},"content":{"rendered":"<p>Top<strong> Rosalie<\/strong> w kolorze kobaltowym. Uszyty jest z mocno elastycznej i wygodnej tkaniny. Top zabudowany z przodu z ozdobn\u0105 siateczk\u0105 na dekolcie w kszta\u0142cie litery V, wewn\u0105trz jest miejsce na wk\u0142adki. Plecy w topie s\u0105 zakryte. Top wyst\u0119puje w komplecie z szortami &#8211; Str\u00f3j Rosalie Kobalt.<\/p>\n<p>&nbsp;<\/p>\n<p><strong>Sk\u0142ad:<\/strong> 90% poliester, 10% lycra.<\/p>\n<p><strong> <br class=\"avia-permanent-lb\" \/>Wymiary modelki:<\/strong><\/p>\n<ul>\n<li>Wzrost: 167 cm<\/li>\n<li>Szeroko\u015b\u0107 w biu\u015bcie: 82 cm<\/li>\n<li>Szeroko\u015b\u0107 pod biustem: 75 cm<\/li>\n<li>Szeroko\u015b\u0107 w talii: 70 cm<\/li>\n<li>Szeroko\u015b\u0107 w biodrach: 88 cm<\/li>\n<li>Nasza modelka ma na sobie<b> rozmiar S<\/b><\/li>\n<\/ul>\n","protected":false},"excerpt":{"rendered":"<p>Top<strong> Rosalie<\/strong> w kolorze kobaltowym.<strong><br \/>\n<\/strong><\/p>\n<p>Wi\u0119kszo\u015b\u0107 kostium\u00f3w szyjemy na indywidualne zam\u00f3wienie. Czas oczekiwania w zale\u017cno\u015bci od tkaniny od 2-10 dni roboczych. W przypadku produkt\u00f3w, kt\u00f3re s\u0105 na stanie, wysy\u0142ka do <strong>48h<\/strong>.<\/p>\n","protected":false},"featured_media":8192,"template":"","meta":[],"product_brand":[],"product_cat":[63,49,75],"product_tag":[53,303,212],"class_list":{"0":"post-8984","1":"product","2":"type-product","3":"status-publish","4":"has-post-thumbnail","6":"product_cat-sale","7":"product_cat-pole-dance-exotic","8":"product_cat-topy","9":"product_tag-pole-dance","10":"product_tag-rosalie","11":"product_tag-top","12":"pa_produkt-stroje-pd","13":"pa_rozmiar-gora-xxs","14":"pa_rozmiar-gora-x-small","15":"pa_rozmiar-gora-small","16":"pa_rozmiar-gora-medium","17":"pa_rozmiar-gora-large","19":"first","20":"onbackorder","21":"sale","22":"shipping-taxable","23":"purchasable","24":"product-type-variable","25":"has-default-attributes"},"_links":{"self":[{"href":"https:\/\/www.makuku.pl\/shop\/index.php?rest_route=\/wp\/v2\/product\/8984","targetHints":{"allow":["GET"]}}],"collection":[{"href":"https:\/\/www.makuku.pl\/shop\/index.php?rest_route=\/wp\/v2\/product"}],"about":[{"href":"https:\/\/www.makuku.pl\/shop\/index.php?rest_route=\/wp\/v2\/types\/product"}],"wp:featuredmedia":[{"embeddable":true,"href":"https:\/\/www.makuku.pl\/shop\/index.php?rest_route=\/wp\/v2\/media\/8192"}],"wp:attachment":[{"href":"https:\/\/www.makuku.pl\/shop\/index.php?rest_route=%2Fwp%2Fv2%2Fmedia&parent=8984"}],"wp:term":[{"taxonomy":"product_brand","embeddable":true,"href":"https:\/\/www.makuku.pl\/shop\/index.php?rest_route=%2Fwp%2Fv2%2Fproduct_brand&post=8984"},{"taxonomy":"product_cat","embeddable":true,"href":"https:\/\/www.makuku.pl\/shop\/index.php?rest_route=%2Fwp%2Fv2%2Fproduct_cat&post=8984"},{"taxonomy":"product_tag","embeddable":true,"href":"https:\/\/www.makuku.pl\/shop\/index.php?rest_route=%2Fwp%2Fv2%2Fproduct_tag&post=8984"}],"curies":[{"name":"wp","href":"https:\/\/api.w.org\/{rel}","templated":true}]}}