{"id":8977,"date":"2025-01-05T20:58:56","date_gmt":"2025-01-05T19:58:56","guid":{"rendered":"https:\/\/www.makuku.pl\/shop\/?post_type=product&#038;p=8977"},"modified":"2025-01-05T21:02:40","modified_gmt":"2025-01-05T20:02:40","slug":"szorty-lajla-white","status":"publish","type":"product","link":"https:\/\/www.makuku.pl\/shop\/?product=szorty-lajla-white","title":{"rendered":"Szorty Lajla White"},"content":{"rendered":"<p>Szorty <strong>Lajla <\/strong>w kolorze bia\u0142ym. Uszyte s\u0105 z mocno elastycznej tkaniny, kt\u00f3ra dopasowuje si\u0119 do sylwetki. Szorty typu brazyliany z podwy\u017cszonym stanem, zdobione paseczkami na udach i po bokach. Paseczki szeroko\u015bci\u0105 wsp\u00f3\u0142graj\u0105 z topem. Szorty pi\u0119knie eksponuj\u0105 po\u015bladki i podkre\u015blaj\u0105 talie, dodatkowo maj\u0105 wszyt\u0105 modeluj\u0105ca gumk\u0105 na pupie. Szorty wyst\u0119puj\u0105 w komplecie z topem &#8211; zestaw Lajla White.<\/p>\n<p><strong>Sk\u0142ad:<\/strong> 90% poliester, 10% lycra.<\/p>\n<p><strong> <br class=\"avia-permanent-lb\" \/>Wymiary modelki:<\/strong><\/p>\n<ul>\n<li>Wzrost: 167 cm<\/li>\n<li>Szeroko\u015b\u0107 w biu\u015bcie: 82 cm<\/li>\n<li>Szeroko\u015b\u0107 pod biustem: 75 cm<\/li>\n<li>Szeroko\u015b\u0107 w talii: 70 cm<\/li>\n<li>Szeroko\u015b\u0107 w biodrach: 88 cm<\/li>\n<li>Nasza modelka ma na sobie<b> rozmiar S<\/b><\/li>\n<\/ul>\n","protected":false},"excerpt":{"rendered":"<p>Szorty<strong> Lajla<\/strong> w kolorze bia\u0142ym.<strong><br \/>\n<\/strong><\/p>\n<p>Wi\u0119kszo\u015b\u0107 kostium\u00f3w szyjemy na indywidualne zam\u00f3wienie. Czas oczekiwania w zale\u017cno\u015bci od tkaniny od 2-10 dni roboczych. W przypadku produkt\u00f3w, kt\u00f3re s\u0105 na stanie, wysy\u0142ka do <strong>48h<\/strong>.<\/p>\n","protected":false},"featured_media":7888,"template":"","meta":[],"product_brand":[],"product_cat":[48,49,74],"product_tag":[273,53,159],"class_list":{"0":"post-8977","1":"product","2":"type-product","3":"status-publish","4":"has-post-thumbnail","6":"product_cat-nowosci","7":"product_cat-pole-dance-exotic","8":"product_cat-szorty","9":"product_tag-lajla","10":"product_tag-pole-dance","11":"product_tag-szorty","12":"pa_produkt-topy","13":"pa_rozmiar-x-small","14":"pa_rozmiar-small","15":"pa_rozmiar-medium","16":"pa_rozmiar-large","17":"pa_rozmiar-x-large","19":"first","20":"onbackorder","21":"shipping-taxable","22":"purchasable","23":"product-type-variable","24":"has-default-attributes"},"_links":{"self":[{"href":"https:\/\/www.makuku.pl\/shop\/index.php?rest_route=\/wp\/v2\/product\/8977","targetHints":{"allow":["GET"]}}],"collection":[{"href":"https:\/\/www.makuku.pl\/shop\/index.php?rest_route=\/wp\/v2\/product"}],"about":[{"href":"https:\/\/www.makuku.pl\/shop\/index.php?rest_route=\/wp\/v2\/types\/product"}],"wp:featuredmedia":[{"embeddable":true,"href":"https:\/\/www.makuku.pl\/shop\/index.php?rest_route=\/wp\/v2\/media\/7888"}],"wp:attachment":[{"href":"https:\/\/www.makuku.pl\/shop\/index.php?rest_route=%2Fwp%2Fv2%2Fmedia&parent=8977"}],"wp:term":[{"taxonomy":"product_brand","embeddable":true,"href":"https:\/\/www.makuku.pl\/shop\/index.php?rest_route=%2Fwp%2Fv2%2Fproduct_brand&post=8977"},{"taxonomy":"product_cat","embeddable":true,"href":"https:\/\/www.makuku.pl\/shop\/index.php?rest_route=%2Fwp%2Fv2%2Fproduct_cat&post=8977"},{"taxonomy":"product_tag","embeddable":true,"href":"https:\/\/www.makuku.pl\/shop\/index.php?rest_route=%2Fwp%2Fv2%2Fproduct_tag&post=8977"}],"curies":[{"name":"wp","href":"https:\/\/api.w.org\/{rel}","templated":true}]}}