{"id":8940,"date":"2025-01-05T20:32:27","date_gmt":"2025-01-05T19:32:27","guid":{"rendered":"https:\/\/www.makuku.pl\/shop\/?post_type=product&#038;p=8940"},"modified":"2025-01-05T20:36:23","modified_gmt":"2025-01-05T19:36:23","slug":"top-lajla-white","status":"publish","type":"product","link":"https:\/\/www.makuku.pl\/shop\/?product=top-lajla-white","title":{"rendered":"Top Lajla White"},"content":{"rendered":"<p>Bardzo efektowny top <strong>Lajla<\/strong> w kolorze bia\u0142ym. Uszyty jest z mocno elastycznej tkaniny o g\u0142adkiej strukturze, dopasowuje si\u0119 do sylwetki. Top na szerszych rami\u0105czkach, z dekoltem w kszta\u0142cie litery V i mocno wyci\u0119tymi plecami. Ozdob\u0105 w topie s\u0105 paseczki pod biustem, wszyta w nich jest gumka, dzi\u0119ki czemu s\u0105 bardzo rozci\u0105gliwe, nie wrzynaj\u0105 si\u0119. Top posiada miejsce na wk\u0142adki. Fason do pole dance, ale sprawdzi si\u0119 tak\u017ce do szort\u00f3w na lato.\u00a0 Doskonale prezentuje si\u0119 na \u017cywo. Wyst\u0119puje w komplecie z szortami Lajla &#8211; Komplet Lajla White.<\/p>\n<p>&nbsp;<\/p>\n<p><strong>Sk\u0142ad:<\/strong> 90% poliester, 10% lycra.<\/p>\n<p><strong> <br class=\"avia-permanent-lb\" \/>Wymiary modelki:<\/strong><\/p>\n<ul>\n<li>Wzrost: 167 cm<\/li>\n<li>Szeroko\u015b\u0107 w biu\u015bcie: 82 cm<\/li>\n<li>Szeroko\u015b\u0107 pod biustem: 75 cm<\/li>\n<li>Szeroko\u015b\u0107 w talii: 70 cm<\/li>\n<li>Szeroko\u015b\u0107 w biodrach: 88 cm<\/li>\n<li>Nasza modelka ma na sobie<b> rozmiar S<\/b><\/li>\n<\/ul>\n","protected":false},"excerpt":{"rendered":"<p>Top <strong>Lajla<\/strong> w kolorze bia\u0142ym.<strong><br \/>\n<\/strong><\/p>\n<p>Wi\u0119kszo\u015b\u0107 kostium\u00f3w szyjemy na indywidualne zam\u00f3wienie. Czas oczekiwania w zale\u017cno\u015bci od tkaniny od 2-10 dni roboczych. W przypadku produkt\u00f3w, kt\u00f3re s\u0105 na stanie, wysy\u0142ka do <strong>48h<\/strong>.<\/p>\n","protected":false},"featured_media":7888,"template":"","meta":[],"product_brand":[],"product_cat":[48,49,75],"product_tag":[273,53,212],"class_list":{"0":"post-8940","1":"product","2":"type-product","3":"status-publish","4":"has-post-thumbnail","6":"product_cat-nowosci","7":"product_cat-pole-dance-exotic","8":"product_cat-topy","9":"product_tag-lajla","10":"product_tag-pole-dance","11":"product_tag-top","12":"pa_produkt-topy","13":"pa_rozmiar-x-small","14":"pa_rozmiar-small","15":"pa_rozmiar-medium","16":"pa_rozmiar-large","17":"pa_rozmiar-x-large","19":"first","20":"onbackorder","21":"shipping-taxable","22":"purchasable","23":"product-type-variable","24":"has-default-attributes"},"_links":{"self":[{"href":"https:\/\/www.makuku.pl\/shop\/index.php?rest_route=\/wp\/v2\/product\/8940","targetHints":{"allow":["GET"]}}],"collection":[{"href":"https:\/\/www.makuku.pl\/shop\/index.php?rest_route=\/wp\/v2\/product"}],"about":[{"href":"https:\/\/www.makuku.pl\/shop\/index.php?rest_route=\/wp\/v2\/types\/product"}],"wp:featuredmedia":[{"embeddable":true,"href":"https:\/\/www.makuku.pl\/shop\/index.php?rest_route=\/wp\/v2\/media\/7888"}],"wp:attachment":[{"href":"https:\/\/www.makuku.pl\/shop\/index.php?rest_route=%2Fwp%2Fv2%2Fmedia&parent=8940"}],"wp:term":[{"taxonomy":"product_brand","embeddable":true,"href":"https:\/\/www.makuku.pl\/shop\/index.php?rest_route=%2Fwp%2Fv2%2Fproduct_brand&post=8940"},{"taxonomy":"product_cat","embeddable":true,"href":"https:\/\/www.makuku.pl\/shop\/index.php?rest_route=%2Fwp%2Fv2%2Fproduct_cat&post=8940"},{"taxonomy":"product_tag","embeddable":true,"href":"https:\/\/www.makuku.pl\/shop\/index.php?rest_route=%2Fwp%2Fv2%2Fproduct_tag&post=8940"}],"curies":[{"name":"wp","href":"https:\/\/api.w.org\/{rel}","templated":true}]}}