{"id":8234,"date":"2024-05-25T14:23:26","date_gmt":"2024-05-25T13:23:26","guid":{"rendered":"https:\/\/www.makuku.pl\/shop\/?post_type=product&#038;p=8234"},"modified":"2025-01-05T23:04:17","modified_gmt":"2025-01-05T22:04:17","slug":"szorty-niky-panther","status":"publish","type":"product","link":"https:\/\/www.makuku.pl\/shop\/?product=szorty-niky-panther","title":{"rendered":"Szorty Niky Panther"},"content":{"rendered":"<p>Szorty <strong>Niky<\/strong> w kolorze br\u0105zowej panterki. Uszyte s\u0105 z elastycznej i bardzo wygodnej tkaniny o g\u0142adkiej strukturze. Materia\u0142 dopasowuje si\u0119 do sylwetki. Stan szort\u00f3w jest lekko podwy\u017cszony, po bokach maj\u0105 ozdobne wi\u0105zania, wyd\u0142u\u017caj\u0105 nogi i pi\u0119knie eksponuj\u0105 uda. Dodatkowo posiadaj\u0105 marszczenie na pupie. Idealnie sprawdzaj\u0105 si\u0119 tak\u017ce do twerku.<\/p>\n<p>&nbsp;<\/p>\n<p><strong>Sk\u0142ad:<\/strong> 90% poliester, 10% lycra.<strong> Gramatura:<\/strong> 200g.<\/p>\n<p><strong> <br class=\"avia-permanent-lb\" \/>Wymiary modelki:<\/strong><\/p>\n<ul>\n<li>Wzrost: 167 cm<\/li>\n<li>Szeroko\u015b\u0107 w biu\u015bcie: 82 cm<\/li>\n<li>Szeroko\u015b\u0107 pod biustem: 75 cm<\/li>\n<li>Szeroko\u015b\u0107 w talii: 70 cm<\/li>\n<li>Szeroko\u015b\u0107 w biodrach: 88 cm<\/li>\n<li>Nasza modelka ma na sobie<b> rozmiar S<\/b><\/li>\n<\/ul>\n","protected":false},"excerpt":{"rendered":"<p>Szorty <strong>Niky<\/strong> w kolorze br\u0105zowej panterki.<\/p>\n<p>Wi\u0119kszo\u015b\u0107 produkt\u00f3w szyjemy na zam\u00f3wienie. Czas oczekiwania w zale\u017cno\u015bci od tkaniny od 2-10 dni roboczych. W przypadku produkt\u00f3w, kt\u00f3re s\u0105 na stanie, wysy\u0142ka do <strong>48h<\/strong>.<\/p>\n","protected":false},"featured_media":8240,"template":"","meta":[],"product_brand":[],"product_cat":[48,49,74],"product_tag":[272,53,159],"class_list":{"0":"post-8234","1":"product","2":"type-product","3":"status-publish","4":"has-post-thumbnail","6":"product_cat-nowosci","7":"product_cat-pole-dance-exotic","8":"product_cat-szorty","9":"product_tag-niky","10":"product_tag-pole-dance","11":"product_tag-szorty","12":"pa_produkt-szorty","13":"pa_rozmiar-x-small","14":"pa_rozmiar-small","15":"pa_rozmiar-medium","16":"pa_rozmiar-large","17":"pa_rozmiar-x-large","19":"first","20":"onbackorder","21":"shipping-taxable","22":"purchasable","23":"product-type-variable","24":"has-default-attributes"},"_links":{"self":[{"href":"https:\/\/www.makuku.pl\/shop\/index.php?rest_route=\/wp\/v2\/product\/8234","targetHints":{"allow":["GET"]}}],"collection":[{"href":"https:\/\/www.makuku.pl\/shop\/index.php?rest_route=\/wp\/v2\/product"}],"about":[{"href":"https:\/\/www.makuku.pl\/shop\/index.php?rest_route=\/wp\/v2\/types\/product"}],"wp:featuredmedia":[{"embeddable":true,"href":"https:\/\/www.makuku.pl\/shop\/index.php?rest_route=\/wp\/v2\/media\/8240"}],"wp:attachment":[{"href":"https:\/\/www.makuku.pl\/shop\/index.php?rest_route=%2Fwp%2Fv2%2Fmedia&parent=8234"}],"wp:term":[{"taxonomy":"product_brand","embeddable":true,"href":"https:\/\/www.makuku.pl\/shop\/index.php?rest_route=%2Fwp%2Fv2%2Fproduct_brand&post=8234"},{"taxonomy":"product_cat","embeddable":true,"href":"https:\/\/www.makuku.pl\/shop\/index.php?rest_route=%2Fwp%2Fv2%2Fproduct_cat&post=8234"},{"taxonomy":"product_tag","embeddable":true,"href":"https:\/\/www.makuku.pl\/shop\/index.php?rest_route=%2Fwp%2Fv2%2Fproduct_tag&post=8234"}],"curies":[{"name":"wp","href":"https:\/\/api.w.org\/{rel}","templated":true}]}}