{"id":8175,"date":"2024-05-25T14:10:39","date_gmt":"2024-05-25T13:10:39","guid":{"rendered":"https:\/\/www.makuku.pl\/shop\/?post_type=product&#038;p=8175"},"modified":"2025-08-15T12:58:49","modified_gmt":"2025-08-15T11:58:49","slug":"komplet-rosalie-kobalt","status":"publish","type":"product","link":"https:\/\/www.makuku.pl\/shop\/?product=komplet-rosalie-kobalt","title":{"rendered":"Komplet Rosalie Kobalt"},"content":{"rendered":"<p>Str\u00f3j do Pole Dance <strong>Rosalie<\/strong> w kolorze kobaltowym. Uszyty jest z mocno elastycznej i wygodnej tkaniny. Top zabudowany z przodu z ozdobn\u0105 siateczk\u0105 na dekolcie w kszta\u0142cie litery V, wewn\u0105trz jest miejsce na wk\u0142adki. Plecy w topie s\u0105 zakryte. Szorty z \u015brednim stanem zdobione szerokim paskiem na talii. Paseczek jest bezszwowy, nie wrzyna si\u0119, a jedynie delikatnie opada na tali\u0119. Na pupie jest ozdobne marszczenie. Str\u00f3j na \u017cywo prezentuje si\u0119 wyj\u0105tkowo pi\u0119knie, sprawdzi si\u0119 na trening, ale tak\u017ce do sesji zdj\u0119ciowych.<\/p>\n<p>&nbsp;<\/p>\n<p><strong>Sk\u0142ad:<\/strong> 90% poliester, 10% lycra.<\/p>\n<p><strong> <br class=\"avia-permanent-lb\" \/>Wymiary modelki:<\/strong><\/p>\n<ul>\n<li>Wzrost: 167 cm<\/li>\n<li>Szeroko\u015b\u0107 w biu\u015bcie: 82 cm<\/li>\n<li>Szeroko\u015b\u0107 pod biustem: 75 cm<\/li>\n<li>Szeroko\u015b\u0107 w talii: 70 cm<\/li>\n<li>Szeroko\u015b\u0107 w biodrach: 88 cm<\/li>\n<li>Nasza modelka ma na sobie<b> rozmiar S<\/b><\/li>\n<\/ul>\n","protected":false},"excerpt":{"rendered":"<p>Str\u00f3j do Pole Dance <strong>Rosalie<\/strong> w kolorze kobaltowym.<strong><br \/>\n<\/strong><\/p>\n<p>Wi\u0119kszo\u015b\u0107 kostium\u00f3w szyjemy na indywidualne zam\u00f3wienie. Czas oczekiwania w zale\u017cno\u015bci od tkaniny od 2-10 dni roboczych. W przypadku produkt\u00f3w, kt\u00f3re s\u0105 na stanie, wysy\u0142ka do <strong>48h<\/strong>.<\/p>\n","protected":false},"featured_media":8192,"template":"","meta":[],"product_brand":[],"product_cat":[49,50],"product_tag":[274,53,303],"class_list":{"0":"post-8175","1":"product","2":"type-product","3":"status-publish","4":"has-post-thumbnail","6":"product_cat-pole-dance-exotic","7":"product_cat-komplety","8":"product_tag-komplet","9":"product_tag-pole-dance","10":"product_tag-rosalie","11":"pa_produkt-stroje-pd","12":"pa_rozmiar-dol-x-small","13":"pa_rozmiar-dol-small","14":"pa_rozmiar-dol-medium","15":"pa_rozmiar-dol-large","16":"pa_rozmiar-gora-x-small","17":"pa_rozmiar-gora-small","18":"pa_rozmiar-gora-medium","19":"pa_rozmiar-gora-large","21":"first","22":"onbackorder","23":"shipping-taxable","24":"purchasable","25":"product-type-variable","26":"has-default-attributes"},"_links":{"self":[{"href":"https:\/\/www.makuku.pl\/shop\/index.php?rest_route=\/wp\/v2\/product\/8175","targetHints":{"allow":["GET"]}}],"collection":[{"href":"https:\/\/www.makuku.pl\/shop\/index.php?rest_route=\/wp\/v2\/product"}],"about":[{"href":"https:\/\/www.makuku.pl\/shop\/index.php?rest_route=\/wp\/v2\/types\/product"}],"wp:featuredmedia":[{"embeddable":true,"href":"https:\/\/www.makuku.pl\/shop\/index.php?rest_route=\/wp\/v2\/media\/8192"}],"wp:attachment":[{"href":"https:\/\/www.makuku.pl\/shop\/index.php?rest_route=%2Fwp%2Fv2%2Fmedia&parent=8175"}],"wp:term":[{"taxonomy":"product_brand","embeddable":true,"href":"https:\/\/www.makuku.pl\/shop\/index.php?rest_route=%2Fwp%2Fv2%2Fproduct_brand&post=8175"},{"taxonomy":"product_cat","embeddable":true,"href":"https:\/\/www.makuku.pl\/shop\/index.php?rest_route=%2Fwp%2Fv2%2Fproduct_cat&post=8175"},{"taxonomy":"product_tag","embeddable":true,"href":"https:\/\/www.makuku.pl\/shop\/index.php?rest_route=%2Fwp%2Fv2%2Fproduct_tag&post=8175"}],"curies":[{"name":"wp","href":"https:\/\/api.w.org\/{rel}","templated":true}]}}