{"id":7438,"date":"2023-12-08T17:20:24","date_gmt":"2023-12-08T16:20:24","guid":{"rendered":"https:\/\/www.makuku.pl\/shop\/?post_type=product&#038;p=7438"},"modified":"2024-03-17T12:50:19","modified_gmt":"2024-03-17T11:50:19","slug":"komplet-rosa-black","status":"publish","type":"product","link":"https:\/\/www.makuku.pl\/shop\/?product=komplet-rosa-black","title":{"rendered":"Komplet Rosa Black"},"content":{"rendered":"<p>Str\u00f3j do Pole Dance <strong>Rosa<\/strong> w kolorze czarnym. Uszyty jest z mocno elastycznej i wygodnej tkaniny. Top z p\u00f3\u0142okr\u0105g\u0142ym dekoltem i zabudowanym ty\u0142em, kt\u00f3ry zdobiony jest delikatnym wyci\u0119ciem na plecach. Top posiada miejsce na wk\u0142adki. Szorty typu brazyliany mocno eksponuj\u0105 po\u015bladki. Stan szort\u00f3w wysoki, na udach ozdobne paseczki z gumkami, na pupie marszczenie.<\/p>\n<p>&nbsp;<\/p>\n<p><strong>Sk\u0142ad:<\/strong> 90% poliester, 10% lycra.<\/p>\n<p><strong> <br class=\"avia-permanent-lb\" \/>Wymiary modelki:<\/strong><\/p>\n<ul>\n<li>Wzrost: 167 cm<\/li>\n<li>Szeroko\u015b\u0107 w biu\u015bcie: 82 cm<\/li>\n<li>Szeroko\u015b\u0107 pod biustem: 75 cm<\/li>\n<li>Szeroko\u015b\u0107 w talii: 70 cm<\/li>\n<li>Szeroko\u015b\u0107 w biodrach: 88 cm<\/li>\n<li>Nasza modelka ma na sobie<b> rozmiar S<\/b><\/li>\n<\/ul>\n","protected":false},"excerpt":{"rendered":"<p>Str\u00f3j do Pole Dance <strong>Rosa<\/strong> w kolorze czarnym.<strong><br \/>\n<\/strong><\/p>\n<p>Wi\u0119kszo\u015b\u0107 kostium\u00f3w szyjemy na indywidualne zam\u00f3wienie. Czas oczekiwania w zale\u017cno\u015bci od tkaniny od 2-10 dni roboczych. W przypadku produkt\u00f3w, kt\u00f3re s\u0105 na stanie, wysy\u0142ka do <strong>48h<\/strong>.<\/p>\n","protected":false},"featured_media":7454,"template":"","meta":[],"product_brand":[],"product_cat":[48,49,50],"product_tag":[53,302],"class_list":{"0":"post-7438","1":"product","2":"type-product","3":"status-publish","4":"has-post-thumbnail","6":"product_cat-nowosci","7":"product_cat-pole-dance-exotic","8":"product_cat-komplety","9":"product_tag-pole-dance","10":"product_tag-rosa","11":"pa_produkt-stroje-pd","12":"pa_rozmiar-dol-x-small","13":"pa_rozmiar-dol-small","14":"pa_rozmiar-dol-medium","15":"pa_rozmiar-dol-large","16":"pa_rozmiar-gora-x-small","17":"pa_rozmiar-gora-small","18":"pa_rozmiar-gora-medium","19":"pa_rozmiar-gora-large","21":"first","22":"onbackorder","23":"shipping-taxable","24":"purchasable","25":"product-type-variable","26":"has-default-attributes"},"_links":{"self":[{"href":"https:\/\/www.makuku.pl\/shop\/index.php?rest_route=\/wp\/v2\/product\/7438","targetHints":{"allow":["GET"]}}],"collection":[{"href":"https:\/\/www.makuku.pl\/shop\/index.php?rest_route=\/wp\/v2\/product"}],"about":[{"href":"https:\/\/www.makuku.pl\/shop\/index.php?rest_route=\/wp\/v2\/types\/product"}],"wp:featuredmedia":[{"embeddable":true,"href":"https:\/\/www.makuku.pl\/shop\/index.php?rest_route=\/wp\/v2\/media\/7454"}],"wp:attachment":[{"href":"https:\/\/www.makuku.pl\/shop\/index.php?rest_route=%2Fwp%2Fv2%2Fmedia&parent=7438"}],"wp:term":[{"taxonomy":"product_brand","embeddable":true,"href":"https:\/\/www.makuku.pl\/shop\/index.php?rest_route=%2Fwp%2Fv2%2Fproduct_brand&post=7438"},{"taxonomy":"product_cat","embeddable":true,"href":"https:\/\/www.makuku.pl\/shop\/index.php?rest_route=%2Fwp%2Fv2%2Fproduct_cat&post=7438"},{"taxonomy":"product_tag","embeddable":true,"href":"https:\/\/www.makuku.pl\/shop\/index.php?rest_route=%2Fwp%2Fv2%2Fproduct_tag&post=7438"}],"curies":[{"name":"wp","href":"https:\/\/api.w.org\/{rel}","templated":true}]}}