{"id":7190,"date":"2023-10-14T15:43:20","date_gmt":"2023-10-14T14:43:20","guid":{"rendered":"https:\/\/www.makuku.pl\/shop\/?post_type=product&#038;p=7190"},"modified":"2024-05-25T15:07:08","modified_gmt":"2024-05-25T14:07:08","slug":"komplet-dresowy-velvet-kassi-pistacja","status":"publish","type":"product","link":"https:\/\/www.makuku.pl\/shop\/?product=komplet-dresowy-velvet-kassi-pistacja","title":{"rendered":"Komplet Dresowy Velvet Kassi Pistacja"},"content":{"rendered":"<p>Komplet dresowy <strong>Velvet Kassi <\/strong>w kolorze pistacjowym. Uszyty z bardzo przyjemnego i mi\u0119kkiego weluru. Bluza \u015bredniej d\u0142ugo\u015bci oraz spodnie z wy\u017cszym stanem i \u015bci\u0105gaczami na nogawkach, dodatkowo posiadaj\u0105 kieszonki po bokach. Przyda si\u0119 w ka\u017cdej kobiecej szafie.<\/p>\n<p><strong>Sk\u0142ad:<\/strong> 92% poliester, 8% elastan.<\/p>\n<p><strong>Gramatura<\/strong>: 420g.<\/p>\n<p><strong> <br class=\"avia-permanent-lb\" \/>Wymiary modelki:<\/strong><\/p>\n<ul>\n<li>Wzrost: 167 cm<\/li>\n<li>Szeroko\u015b\u0107 w biu\u015bcie: 82 cm<\/li>\n<li>Szeroko\u015b\u0107 pod biustem: 75 cm<\/li>\n<li>Szeroko\u015b\u0107 w talii: 70 cm<\/li>\n<li>Szeroko\u015b\u0107 w biodrach: 88 cm<\/li>\n<li>Nasza modelka ma na sobie<b> rozmiar S<\/b><\/li>\n<\/ul>\n","protected":false},"excerpt":{"rendered":"<p>Komplet dresowy <strong>Velvet Kassi <\/strong>w kolorze pistacjowym. Dost\u0119pny w wielu kolorach.<\/p>\n<p>Wi\u0119kszo\u015b\u0107 dres\u00f3w szyjemy na indywidualne zam\u00f3wienie. Czas oczekiwania w zale\u017cno\u015bci od tkaniny od 2-10 dni roboczych. W przypadku produkt\u00f3w, kt\u00f3re s\u0105 na stanie, wysy\u0142ka do <strong>48h<\/strong>.<\/p>\n","protected":false},"featured_media":7188,"template":"","meta":[],"product_brand":[],"product_cat":[54,56],"product_tag":[177,290,140],"class_list":{"0":"post-7190","1":"product","2":"type-product","3":"status-publish","4":"has-post-thumbnail","6":"product_cat-dresy","7":"product_cat-komplety-dresy","8":"product_tag-dres","9":"product_tag-kassi","10":"product_tag-velvet","11":"pa_produkt-dresy","12":"pa_rozmiar-small","14":"first","15":"outofstock","16":"shipping-taxable","17":"purchasable","18":"product-type-variable","19":"has-default-attributes"},"_links":{"self":[{"href":"https:\/\/www.makuku.pl\/shop\/index.php?rest_route=\/wp\/v2\/product\/7190","targetHints":{"allow":["GET"]}}],"collection":[{"href":"https:\/\/www.makuku.pl\/shop\/index.php?rest_route=\/wp\/v2\/product"}],"about":[{"href":"https:\/\/www.makuku.pl\/shop\/index.php?rest_route=\/wp\/v2\/types\/product"}],"wp:featuredmedia":[{"embeddable":true,"href":"https:\/\/www.makuku.pl\/shop\/index.php?rest_route=\/wp\/v2\/media\/7188"}],"wp:attachment":[{"href":"https:\/\/www.makuku.pl\/shop\/index.php?rest_route=%2Fwp%2Fv2%2Fmedia&parent=7190"}],"wp:term":[{"taxonomy":"product_brand","embeddable":true,"href":"https:\/\/www.makuku.pl\/shop\/index.php?rest_route=%2Fwp%2Fv2%2Fproduct_brand&post=7190"},{"taxonomy":"product_cat","embeddable":true,"href":"https:\/\/www.makuku.pl\/shop\/index.php?rest_route=%2Fwp%2Fv2%2Fproduct_cat&post=7190"},{"taxonomy":"product_tag","embeddable":true,"href":"https:\/\/www.makuku.pl\/shop\/index.php?rest_route=%2Fwp%2Fv2%2Fproduct_tag&post=7190"}],"curies":[{"name":"wp","href":"https:\/\/api.w.org\/{rel}","templated":true}]}}