{"id":7038,"date":"2023-09-04T10:09:43","date_gmt":"2023-09-04T09:09:43","guid":{"rendered":"https:\/\/www.makuku.pl\/shop\/?post_type=product&#038;p=7038"},"modified":"2025-08-15T12:59:32","modified_gmt":"2025-08-15T11:59:32","slug":"komplet-lajla-white","status":"publish","type":"product","link":"https:\/\/www.makuku.pl\/shop\/?product=komplet-lajla-white","title":{"rendered":"Komplet Lajla White"},"content":{"rendered":"<p>Str\u00f3j <strong>Lajla <\/strong>w kolorze bia\u0142ym. Uszyty jest z mocno elastycznej tkaniny, kt\u00f3ra dopasowuje si\u0119 do sylwetki. Top na szerszych rami\u0105czkach z dekoltem w kszta\u0142cie litery V i mocno wyci\u0119tymi plecami. Jego ozdob\u0105 s\u0105 cienkie paseczki &#8211; wewn\u0105trz posiadaj\u0105 gumki, dzi\u0119ki temu s\u0105 mocno rozci\u0105gliwe i nie wrzynaj\u0105 si\u0119. Top posiada miejsce na wk\u0142adki. Szorty typu brazyliany z podwy\u017cszonym stanem, zdobione paseczkami na udach i po bokach. Paseczki szeroko\u015bci\u0105 wsp\u00f3\u0142graj\u0105 z topem. Szorty pi\u0119knie eksponuj\u0105 po\u015bladki i podkre\u015blaj\u0105 talie, dodatkowo maj\u0105 wszyt\u0105 modeluj\u0105ca gumk\u0105 na pupie. Komplet jest bardzo efektowny, b\u0119dzie \u015bwietnym wyborem dla ka\u017cdej kobiety chc\u0105cej si\u0119 wyr\u00f3\u017cni\u0107. Doskonale le\u017cy, a jeszcze lepiej prezentuje si\u0119 na \u017cywo.<\/p>\n<p>&nbsp;<\/p>\n<p><strong>Sk\u0142ad:<\/strong> 90% poliester, 10% lycra.<\/p>\n<p><strong> <br class=\"avia-permanent-lb\" \/>Wymiary modelki:<\/strong><\/p>\n<ul>\n<li>Wzrost: 167 cm<\/li>\n<li>Szeroko\u015b\u0107 w biu\u015bcie: 82 cm<\/li>\n<li>Szeroko\u015b\u0107 pod biustem: 75 cm<\/li>\n<li>Szeroko\u015b\u0107 w talii: 70 cm<\/li>\n<li>Szeroko\u015b\u0107 w biodrach: 88 cm<\/li>\n<li>Nasza modelka ma na sobie<b> rozmiar S<\/b><\/li>\n<\/ul>\n","protected":false},"excerpt":{"rendered":"<p>Str\u00f3j <strong>Lajla <\/strong>w kolorze bia\u0142ym.<\/p>\n<p>Wi\u0119kszo\u015b\u0107 kostium\u00f3w szyjemy na indywidualne zam\u00f3wienie. Czas oczekiwania w zale\u017cno\u015bci od tkaniny od 2-10 dni roboczych. W przypadku produkt\u00f3w, kt\u00f3re s\u0105 na stanie, wysy\u0142ka do <strong>48h<\/strong>.<\/p>\n","protected":false},"featured_media":7888,"template":"","meta":[],"product_brand":[],"product_cat":[49,50],"product_tag":[274,273,53],"class_list":{"0":"post-7038","1":"product","2":"type-product","3":"status-publish","4":"has-post-thumbnail","6":"product_cat-pole-dance-exotic","7":"product_cat-komplety","8":"product_tag-komplet","9":"product_tag-lajla","10":"product_tag-pole-dance","11":"pa_produkt-stroje-pd","12":"pa_rozmiar-dol-x-small","13":"pa_rozmiar-dol-small","14":"pa_rozmiar-dol-medium","15":"pa_rozmiar-dol-large","16":"pa_rozmiar-gora-x-small","17":"pa_rozmiar-gora-small","18":"pa_rozmiar-gora-medium","19":"pa_rozmiar-gora-large","21":"first","22":"onbackorder","23":"shipping-taxable","24":"purchasable","25":"product-type-variable","26":"has-default-attributes"},"_links":{"self":[{"href":"https:\/\/www.makuku.pl\/shop\/index.php?rest_route=\/wp\/v2\/product\/7038","targetHints":{"allow":["GET"]}}],"collection":[{"href":"https:\/\/www.makuku.pl\/shop\/index.php?rest_route=\/wp\/v2\/product"}],"about":[{"href":"https:\/\/www.makuku.pl\/shop\/index.php?rest_route=\/wp\/v2\/types\/product"}],"wp:featuredmedia":[{"embeddable":true,"href":"https:\/\/www.makuku.pl\/shop\/index.php?rest_route=\/wp\/v2\/media\/7888"}],"wp:attachment":[{"href":"https:\/\/www.makuku.pl\/shop\/index.php?rest_route=%2Fwp%2Fv2%2Fmedia&parent=7038"}],"wp:term":[{"taxonomy":"product_brand","embeddable":true,"href":"https:\/\/www.makuku.pl\/shop\/index.php?rest_route=%2Fwp%2Fv2%2Fproduct_brand&post=7038"},{"taxonomy":"product_cat","embeddable":true,"href":"https:\/\/www.makuku.pl\/shop\/index.php?rest_route=%2Fwp%2Fv2%2Fproduct_cat&post=7038"},{"taxonomy":"product_tag","embeddable":true,"href":"https:\/\/www.makuku.pl\/shop\/index.php?rest_route=%2Fwp%2Fv2%2Fproduct_tag&post=7038"}],"curies":[{"name":"wp","href":"https:\/\/api.w.org\/{rel}","templated":true}]}}