{"id":6935,"date":"2023-08-23T14:39:36","date_gmt":"2023-08-23T13:39:36","guid":{"rendered":"https:\/\/www.makuku.pl\/shop\/?post_type=product&#038;p=6935"},"modified":"2023-08-24T11:48:45","modified_gmt":"2023-08-24T10:48:45","slug":"karta-podarunkowa-makuku","status":"publish","type":"product","link":"https:\/\/www.makuku.pl\/shop\/?product=karta-podarunkowa-makuku","title":{"rendered":"Karta Podarunkowa Makuku"},"content":{"rendered":"<p>Karta podarunkowa Makuku w kilku wariantach cenowych: 200, 300, 400, 500 oraz 700 z\u0142otych.<\/p>\n","protected":false},"excerpt":{"rendered":"<p>Karta podarunkowa\u00a0 Makuku w kilku wariantach cenowych. Zr\u00f3b niespodziank\u0119 bliskiej Ci osobie, kt\u00f3ra z pewno\u015bci\u0105 wybierze dla siebie co\u015b odpowiedniego z naszego szerokiego asortymentu produkt\u00f3w.<\/p>\n<p><strong>Nie masz pomys\u0142u na prezent? Ju\u017c masz!<\/strong><\/p>\n<p>Kart\u0119 podarunkow\u0105 otrzymasz w postaci elektronicznej (kod na adres email) lub fizycznej (papierowej).<\/p>\n<p>Karta wa\u017cna jest <strong>6 miesi\u0119cy<\/strong> od momentu zakupu.<\/p>\n<p>&nbsp;<\/p>\n<blockquote><p><strong>UWAGA!<\/strong><\/p>\n<p>Dla karty elektronicznej o warto\u015bci <strong>200z\u0142<\/strong> w koszyku wybierz opcj\u0119 wysy\u0142ki <strong>Odbi\u00f3r osobisty<\/strong>.<\/p>\n<p>Dla karty elektronicznej o warto\u015bci od <strong>300z\u0142 i powy\u017cej<\/strong>, wybierz w koszyku opcj\u0119 wysy\u0142ki <strong>Odbi\u00f3r osobisty<\/strong> lub <strong>Darmowa dostawa<\/strong>.<\/p><\/blockquote>\n<p>&nbsp;<\/p>\n","protected":false},"featured_media":6952,"template":"","meta":[],"product_brand":[],"product_cat":[277],"product_tag":[280,279,278],"class_list":{"0":"post-6935","1":"product","2":"type-product","3":"status-publish","4":"has-post-thumbnail","6":"product_cat-voucher-karta-podarunkowa","7":"product_tag-gift-card","8":"product_tag-karta-podarunkowa","9":"product_tag-voucher","10":"pa_produkt-voucher-karta-podarunkowa","12":"first","13":"instock","14":"shipping-taxable","15":"purchasable","16":"product-type-variable","17":"has-default-attributes"},"_links":{"self":[{"href":"https:\/\/www.makuku.pl\/shop\/index.php?rest_route=\/wp\/v2\/product\/6935","targetHints":{"allow":["GET"]}}],"collection":[{"href":"https:\/\/www.makuku.pl\/shop\/index.php?rest_route=\/wp\/v2\/product"}],"about":[{"href":"https:\/\/www.makuku.pl\/shop\/index.php?rest_route=\/wp\/v2\/types\/product"}],"wp:featuredmedia":[{"embeddable":true,"href":"https:\/\/www.makuku.pl\/shop\/index.php?rest_route=\/wp\/v2\/media\/6952"}],"wp:attachment":[{"href":"https:\/\/www.makuku.pl\/shop\/index.php?rest_route=%2Fwp%2Fv2%2Fmedia&parent=6935"}],"wp:term":[{"taxonomy":"product_brand","embeddable":true,"href":"https:\/\/www.makuku.pl\/shop\/index.php?rest_route=%2Fwp%2Fv2%2Fproduct_brand&post=6935"},{"taxonomy":"product_cat","embeddable":true,"href":"https:\/\/www.makuku.pl\/shop\/index.php?rest_route=%2Fwp%2Fv2%2Fproduct_cat&post=6935"},{"taxonomy":"product_tag","embeddable":true,"href":"https:\/\/www.makuku.pl\/shop\/index.php?rest_route=%2Fwp%2Fv2%2Fproduct_tag&post=6935"}],"curies":[{"name":"wp","href":"https:\/\/api.w.org\/{rel}","templated":true}]}}