{"id":6798,"date":"2023-08-14T09:58:50","date_gmt":"2023-08-14T08:58:50","guid":{"rendered":"https:\/\/www.makuku.pl\/shop\/?post_type=product&#038;p=6798"},"modified":"2026-03-04T16:52:07","modified_gmt":"2026-03-04T15:52:07","slug":"komplet-niky-black","status":"publish","type":"product","link":"https:\/\/www.makuku.pl\/shop\/?product=komplet-niky-black","title":{"rendered":"Komplet Niky Black"},"content":{"rendered":"<p>Str\u00f3j <strong>Niky\u00a0<\/strong>w kolorze czarnym. Bardzo kobiecy top na cienkich rami\u0105czkach z ozdobn\u0105 kokardk\u0105 i wyci\u0119ciem. Posiada miejsce na wk\u0142adki. Rekomendowany maks.do miseczki C. Ozdobne szorty z podwy\u017cszonym stanem i \u015bci\u0105gaczami po bokach. Wyd\u0142u\u017caj\u0105 nogi i pi\u0119knie eksponuj\u0105 uda. Dodatkowo posiadaj\u0105 marszczenie na pupie. Str\u00f3j prezentuje si\u0119 bardzo efektownie, idealny dla kobiet lubi\u0105cych si\u0119 wyr\u00f3\u017cni\u0107. Tkanina mocno elastyczna o g\u0142adkiej strukturze, dopasowuje si\u0119 do sylwetki.<\/p>\n<p>&nbsp;<\/p>\n<p><strong>Sk\u0142ad:<\/strong> 90% poliester, 10% lycra.<\/p>\n<p><strong> <br class=\"avia-permanent-lb\" \/>Wymiary modelki:<\/strong><\/p>\n<ul>\n<li>Wzrost: 167 cm<\/li>\n<li>Szeroko\u015b\u0107 w biu\u015bcie: 82 cm<\/li>\n<li>Szeroko\u015b\u0107 pod biustem: 75 cm<\/li>\n<li>Szeroko\u015b\u0107 w talii: 70 cm<\/li>\n<li>Szeroko\u015b\u0107 w biodrach: 88 cm<\/li>\n<li>Nasza modelka ma na sobie<b> rozmiar S<\/b><\/li>\n<\/ul>\n","protected":false},"excerpt":{"rendered":"<p>Str\u00f3j do Pole Dance <strong>Niky\u00a0<\/strong>w kolorze czarnym.<\/p>\n<p>Wi\u0119kszo\u015b\u0107 kostium\u00f3w szyjemy na indywidualne zam\u00f3wienie. Czas oczekiwania w zale\u017cno\u015bci od tkaniny od 2-10 dni roboczych. W przypadku produkt\u00f3w, kt\u00f3re s\u0105 na stanie, wysy\u0142ka do <strong>48h<\/strong>.<\/p>\n","protected":false},"featured_media":6818,"template":"","meta":[],"product_brand":[],"product_cat":[49,50],"product_tag":[272,53],"class_list":{"0":"post-6798","1":"product","2":"type-product","3":"status-publish","4":"has-post-thumbnail","6":"product_cat-pole-dance-exotic","7":"product_cat-komplety","8":"product_tag-niky","9":"product_tag-pole-dance","10":"pa_produkt-stroje-pd","11":"pa_rozmiar-dol-x-small","12":"pa_rozmiar-dol-small","13":"pa_rozmiar-dol-medium","14":"pa_rozmiar-dol-large","15":"pa_rozmiar-gora-x-small","16":"pa_rozmiar-gora-small","17":"pa_rozmiar-gora-medium","18":"pa_rozmiar-gora-large","20":"first","21":"onbackorder","22":"shipping-taxable","23":"purchasable","24":"product-type-variable","25":"has-default-attributes"},"_links":{"self":[{"href":"https:\/\/www.makuku.pl\/shop\/index.php?rest_route=\/wp\/v2\/product\/6798","targetHints":{"allow":["GET"]}}],"collection":[{"href":"https:\/\/www.makuku.pl\/shop\/index.php?rest_route=\/wp\/v2\/product"}],"about":[{"href":"https:\/\/www.makuku.pl\/shop\/index.php?rest_route=\/wp\/v2\/types\/product"}],"wp:featuredmedia":[{"embeddable":true,"href":"https:\/\/www.makuku.pl\/shop\/index.php?rest_route=\/wp\/v2\/media\/6818"}],"wp:attachment":[{"href":"https:\/\/www.makuku.pl\/shop\/index.php?rest_route=%2Fwp%2Fv2%2Fmedia&parent=6798"}],"wp:term":[{"taxonomy":"product_brand","embeddable":true,"href":"https:\/\/www.makuku.pl\/shop\/index.php?rest_route=%2Fwp%2Fv2%2Fproduct_brand&post=6798"},{"taxonomy":"product_cat","embeddable":true,"href":"https:\/\/www.makuku.pl\/shop\/index.php?rest_route=%2Fwp%2Fv2%2Fproduct_cat&post=6798"},{"taxonomy":"product_tag","embeddable":true,"href":"https:\/\/www.makuku.pl\/shop\/index.php?rest_route=%2Fwp%2Fv2%2Fproduct_tag&post=6798"}],"curies":[{"name":"wp","href":"https:\/\/api.w.org\/{rel}","templated":true}]}}