{"id":6781,"date":"2023-08-12T22:07:15","date_gmt":"2023-08-12T21:07:15","guid":{"rendered":"https:\/\/www.makuku.pl\/shop\/?post_type=product&#038;p=6781"},"modified":"2025-11-15T15:21:09","modified_gmt":"2025-11-15T14:21:09","slug":"spodnie-garniturowe-lumino-black","status":"publish","type":"product","link":"https:\/\/www.makuku.pl\/shop\/?product=spodnie-garniturowe-lumino-black","title":{"rendered":"Spodnie garniturowe Lumino Black &#8211; wyprzedane"},"content":{"rendered":"<p>Bardzo stylowe spodnie garniturowe w kolorze czarnym. Uszyte s\u0105 z wysokiej jako\u015bci tkaniny z diagonalnym splotem. Szerokie spodnie o prostej nogawce posiadaj\u0105 wysoki stan dzi\u0119ki czemu idealnie komponuj\u0105 si\u0119 z kr\u00f3tk\u0105 marynark\u0105. Zapinane s\u0105 na zamek, po bokach maj\u0105 kieszenie, w pasie s\u0105 zaszewki &#8211; mo\u017cna za\u0142o\u017cy\u0107 do nich pasek. Spodnie wykonane z bardzo du\u017c\u0105 precyzj\u0105 i dba\u0142o\u015bci\u0105 o detale. Pasuj\u0105 zar\u00f3wno do obcas\u00f3w jak i sportowych but\u00f3w. Dost\u0119pne tak\u017ce w komplecie z marynark\u0105 &#8211; Garnitur Lumino Black.<\/p>\n<p><strong>Wymiary modelki:<\/strong><\/p>\n<ul>\n<li>Wzrost: 167 cm<\/li>\n<li>Szeroko\u015b\u0107 w biu\u015bcie: 82 cm<\/li>\n<li>Szeroko\u015b\u0107 pod biustem: 75 cm<\/li>\n<li>Szeroko\u015b\u0107 w talii: 70 cm<\/li>\n<li>Szeroko\u015b\u0107 w biodrach: 88 cm<\/li>\n<li>Nasza modelka ma na sobie<b> rozmiar S<\/b><\/li>\n<\/ul>\n<p><strong>Rozmiar S\u00a0<\/strong><\/p>\n<p><em>Spodnie:<\/em><\/p>\n<p>Pas 34cm<\/p>\n<p>Biodra 51cm<\/p>\n<p>D\u0142ugo\u015b\u0107 110cm<\/p>\n<p><strong>Rozmiar M\u00a0<\/strong><\/p>\n<p><em>Spodnie:<\/em><\/p>\n<p>Pas 37cm<\/p>\n<p>Biodra 55cm<\/p>\n<p>D\u0142ugo\u015b\u0107 110cm<\/p>\n<p><strong>Rozmiar L<\/strong><\/p>\n<p><em>Spodnie:<\/em><\/p>\n<p>Pas 41cm<\/p>\n<p>Biodra 59cm<\/p>\n<p>D\u0142ugo\u015b\u0107 110cm<\/p>\n<p>&nbsp;<\/p>\n<p><strong>Wymiary mog\u0105 r\u00f3\u017cni\u0107 si\u0119 o (+-) 2cm.<\/strong><\/p>\n<p><strong>Sk\u0142ad:<\/strong> 97% wiskoza, 3% elastan<\/p>\n<p>&nbsp;<\/p>\n","protected":false},"excerpt":{"rendered":"<p>Spodnie garniturowe <strong>Lumino\u00a0<\/strong>w kolorze czarnym. Dost\u0119pne w kilku kolorach.<\/p>\n<p>Wi\u0119kszo\u015b\u0107 produkt\u00f3w szyjemy na zam\u00f3wienie. Czas oczekiwania w zale\u017cno\u015bci od tkaniny od 2-10 dni roboczych. W przypadku produkt\u00f3w, kt\u00f3re s\u0105 na stanie, wysy\u0142ka do <strong>48h<\/strong>.<\/p>\n","protected":false},"featured_media":6171,"template":"","meta":[],"product_brand":[],"product_cat":[256,259],"product_tag":[264,265,269],"class_list":{"0":"post-6781","1":"product","2":"type-product","3":"status-publish","4":"has-post-thumbnail","6":"product_cat-garnitury","7":"product_cat-spodnie-garnitury","8":"product_tag-garnitur","9":"product_tag-lumino","10":"product_tag-spodnie","11":"pa_produkt-spodnie","12":"pa_rozmiar-small","13":"pa_rozmiar-medium","14":"pa_rozmiar-large","16":"first","17":"outofstock","18":"shipping-taxable","19":"purchasable","20":"product-type-variable","21":"has-default-attributes"},"_links":{"self":[{"href":"https:\/\/www.makuku.pl\/shop\/index.php?rest_route=\/wp\/v2\/product\/6781","targetHints":{"allow":["GET"]}}],"collection":[{"href":"https:\/\/www.makuku.pl\/shop\/index.php?rest_route=\/wp\/v2\/product"}],"about":[{"href":"https:\/\/www.makuku.pl\/shop\/index.php?rest_route=\/wp\/v2\/types\/product"}],"wp:featuredmedia":[{"embeddable":true,"href":"https:\/\/www.makuku.pl\/shop\/index.php?rest_route=\/wp\/v2\/media\/6171"}],"wp:attachment":[{"href":"https:\/\/www.makuku.pl\/shop\/index.php?rest_route=%2Fwp%2Fv2%2Fmedia&parent=6781"}],"wp:term":[{"taxonomy":"product_brand","embeddable":true,"href":"https:\/\/www.makuku.pl\/shop\/index.php?rest_route=%2Fwp%2Fv2%2Fproduct_brand&post=6781"},{"taxonomy":"product_cat","embeddable":true,"href":"https:\/\/www.makuku.pl\/shop\/index.php?rest_route=%2Fwp%2Fv2%2Fproduct_cat&post=6781"},{"taxonomy":"product_tag","embeddable":true,"href":"https:\/\/www.makuku.pl\/shop\/index.php?rest_route=%2Fwp%2Fv2%2Fproduct_tag&post=6781"}],"curies":[{"name":"wp","href":"https:\/\/api.w.org\/{rel}","templated":true}]}}