{"id":6684,"date":"2023-08-04T18:37:53","date_gmt":"2023-08-04T17:37:53","guid":{"rendered":"https:\/\/www.makuku.pl\/shop\/?post_type=product&#038;p=6684"},"modified":"2024-05-25T15:02:40","modified_gmt":"2024-05-25T14:02:40","slug":"komplet-kolumbia-stripes","status":"publish","type":"product","link":"https:\/\/www.makuku.pl\/shop\/?product=komplet-kolumbia-stripes","title":{"rendered":"Komplet Kolumbia Stripes"},"content":{"rendered":"<p>Str\u00f3j <strong>Kolumbia <\/strong>w kolorze neonowej limonki z czerni\u0105. Bardzo kobiecy top na cienkich rami\u0105czkach z ozdobn\u0105 kokardk\u0105 i wyci\u0119ciem. Dodatkowo posiada paseczek do zawi\u0105zania na szyj\u0119 (mo\u017cna go odwi\u0105za\u0107) oraz miejsce na wk\u0142adki. Szorty brazyliany z wysokim stanem i szerokimi paseczkami na udach. Mocno eksponuj\u0105 po\u015bladki oraz tali\u0119, posiadaj\u0105 marszczenie na pupie. Str\u00f3j prezentuje si\u0119 bardzo efektownie, idealny dla kobiet lubi\u0105cych si\u0119 wyr\u00f3\u017cni\u0107. Tkanina mocno elastyczna, z lekkim po\u0142yskiem.<\/p>\n<p>&nbsp;<\/p>\n<p><strong>Sk\u0142ad:<\/strong> 90% poliester, 10% lycra.<\/p>\n<p><strong> <br class=\"avia-permanent-lb\" \/>Wymiary modelki:<\/strong><\/p>\n<ul>\n<li>Wzrost: 167 cm<\/li>\n<li>Szeroko\u015b\u0107 w biu\u015bcie: 82 cm<\/li>\n<li>Szeroko\u015b\u0107 pod biustem: 75 cm<\/li>\n<li>Szeroko\u015b\u0107 w talii: 70 cm<\/li>\n<li>Szeroko\u015b\u0107 w biodrach: 88 cm<\/li>\n<li>Nasza modelka ma na sobie<b> rozmiar S<\/b><\/li>\n<\/ul>\n","protected":false},"excerpt":{"rendered":"<p>Str\u00f3j do Pole Dance <strong>Kolumbia Stripes <\/strong>w kolorze zielono-czarnym.<\/p>\n<p>Wi\u0119kszo\u015b\u0107 kostium\u00f3w szyjemy na indywidualne zam\u00f3wienie. Czas oczekiwania w zale\u017cno\u015bci od tkaniny od 2-10 dni roboczych. W przypadku produkt\u00f3w, kt\u00f3re s\u0105 na stanie, wysy\u0142ka do <strong>48h<\/strong>.<\/p>\n","protected":false},"featured_media":6713,"template":"","meta":[],"product_brand":[],"product_cat":[49,50],"product_tag":[166,53],"class_list":{"0":"post-6684","1":"product","2":"type-product","3":"status-publish","4":"has-post-thumbnail","6":"product_cat-pole-dance-exotic","7":"product_cat-komplety","8":"product_tag-kolumbia","9":"product_tag-pole-dance","10":"pa_produkt-stroje-pd","11":"pa_rozmiar-dol-x-small","12":"pa_rozmiar-dol-small","13":"pa_rozmiar-dol-medium","14":"pa_rozmiar-dol-large","15":"pa_rozmiar-gora-x-small","16":"pa_rozmiar-gora-small","17":"pa_rozmiar-gora-medium","18":"pa_rozmiar-gora-large","20":"first","21":"onbackorder","22":"shipping-taxable","23":"purchasable","24":"product-type-variable","25":"has-default-attributes"},"_links":{"self":[{"href":"https:\/\/www.makuku.pl\/shop\/index.php?rest_route=\/wp\/v2\/product\/6684","targetHints":{"allow":["GET"]}}],"collection":[{"href":"https:\/\/www.makuku.pl\/shop\/index.php?rest_route=\/wp\/v2\/product"}],"about":[{"href":"https:\/\/www.makuku.pl\/shop\/index.php?rest_route=\/wp\/v2\/types\/product"}],"wp:featuredmedia":[{"embeddable":true,"href":"https:\/\/www.makuku.pl\/shop\/index.php?rest_route=\/wp\/v2\/media\/6713"}],"wp:attachment":[{"href":"https:\/\/www.makuku.pl\/shop\/index.php?rest_route=%2Fwp%2Fv2%2Fmedia&parent=6684"}],"wp:term":[{"taxonomy":"product_brand","embeddable":true,"href":"https:\/\/www.makuku.pl\/shop\/index.php?rest_route=%2Fwp%2Fv2%2Fproduct_brand&post=6684"},{"taxonomy":"product_cat","embeddable":true,"href":"https:\/\/www.makuku.pl\/shop\/index.php?rest_route=%2Fwp%2Fv2%2Fproduct_cat&post=6684"},{"taxonomy":"product_tag","embeddable":true,"href":"https:\/\/www.makuku.pl\/shop\/index.php?rest_route=%2Fwp%2Fv2%2Fproduct_tag&post=6684"}],"curies":[{"name":"wp","href":"https:\/\/api.w.org\/{rel}","templated":true}]}}