{"id":6271,"date":"2023-06-13T22:07:09","date_gmt":"2023-06-13T21:07:09","guid":{"rendered":"https:\/\/www.makuku.pl\/shop\/?post_type=product&#038;p=6271"},"modified":"2025-11-15T15:16:40","modified_gmt":"2025-11-15T14:16:40","slug":"garnitur-lumino-black","status":"publish","type":"product","link":"https:\/\/www.makuku.pl\/shop\/?product=garnitur-lumino-black","title":{"rendered":"Garnitur Lumino Black"},"content":{"rendered":"<p>Bardzo stylowy garnitur z wysokiej jako\u015bci tkaniny z diagonalnym splotem w kolorze czarnym. Charakterystycznym elementem marynarki s\u0105 poszerzane r\u0119kawy, kr\u00f3tki fason i wzmocnione delikatn\u0105 poduszk\u0105 ramiona. Zapinana jest na jeden guzik. Szerokie spodnie o prostej nogawce posiadaj\u0105 wysoki stan dzi\u0119ki czemu idealnie komponuj\u0105 si\u0119 z kr\u00f3tk\u0105 marynark\u0105. Zapinane s\u0105 na zamek, po bokach maj\u0105 kieszenie, w pasie s\u0105 zaszewki &#8211; mo\u017cna za\u0142o\u017cy\u0107 do nich pasek. Komplet uszyty jest z bardzo du\u017c\u0105 precyzj\u0105 i dba\u0142o\u015bci\u0105 o detale.<\/p>\n<p><strong>Wymiary modelki:<\/strong><\/p>\n<ul>\n<li>Wzrost: 167 cm<\/li>\n<li>Szeroko\u015b\u0107 w biu\u015bcie: 82 cm<\/li>\n<li>Szeroko\u015b\u0107 pod biustem: 75 cm<\/li>\n<li>Szeroko\u015b\u0107 w talii: 70 cm<\/li>\n<li>Szeroko\u015b\u0107 w biodrach: 88 cm<\/li>\n<li>Nasza modelka ma na sobie<b> rozmiar S<\/b><\/li>\n<\/ul>\n<p><strong>Rozmiar S\u00a0<\/strong><\/p>\n<p><em>\u017bakiet:<\/em><\/p>\n<p>D\u0142ugo\u015b\u0107 52cm<\/p>\n<p>D\u0142ugo\u015b\u0107 r\u0119kawa 63cm<\/p>\n<p>Szeroko\u015b\u0107 45cm<\/p>\n<p><em>Spodnie:<\/em><\/p>\n<p>Pas 34cm<\/p>\n<p>Biodra 51cm<\/p>\n<p>D\u0142ugo\u015b\u0107 110cm<\/p>\n<p><strong>Rozmiar M\u00a0<\/strong><\/p>\n<p><em>\u017bakiet:<\/em><\/p>\n<p>D\u0142ugo\u015b\u0107 54cm<\/p>\n<p>D\u0142ugo\u015b\u0107 r\u0119kawa 63cm<\/p>\n<p>Szeroko\u015b\u0107 49cm<\/p>\n<p><em>Spodnie:<\/em><\/p>\n<p>Pas 37cm<\/p>\n<p>Biodra 55cm<\/p>\n<p>D\u0142ugo\u015b\u0107 110cm<\/p>\n<p><strong>Rozmiar L<\/strong><\/p>\n<p><em>\u017bakiet:<\/em><\/p>\n<p>D\u0142ugo\u015b\u0107 56cm<\/p>\n<p>D\u0142ugo\u015b\u0107 r\u0119kawa 63cm<\/p>\n<p>Szeroko\u015b\u0107 53cm<\/p>\n<p><em>Spodnie:<\/em><\/p>\n<p>Pas 41cm<\/p>\n<p>Biodra 59cm<\/p>\n<p>D\u0142ugo\u015b\u0107 110cm<\/p>\n<p><strong>Wymiary mog\u0105 r\u00f3\u017cni\u0107 si\u0119 o (+-) 2cm.<\/strong><\/p>\n<p><strong>Sk\u0142ad:<\/strong> 97% wiskoza, 3% elastan<\/p>\n<p>&nbsp;<\/p>\n","protected":false},"excerpt":{"rendered":"<p>Garnitur <strong>Lumino\u00a0<\/strong>w kolorze czarnym. Dost\u0119pny w kilku kolorach.<\/p>\n<p>Wi\u0119kszo\u015b\u0107 produkt\u00f3w szyjemy na zam\u00f3wienie. Czas oczekiwania w zale\u017cno\u015bci od tkaniny od 2-10 dni roboczych. W przypadku produkt\u00f3w, kt\u00f3re s\u0105 na stanie, wysy\u0142ka do <strong>48h<\/strong>.<\/p>\n","protected":false},"featured_media":6171,"template":"","meta":[],"product_brand":[],"product_cat":[256,257],"product_tag":[264,265],"class_list":{"0":"post-6271","1":"product","2":"type-product","3":"status-publish","4":"has-post-thumbnail","6":"product_cat-garnitury","7":"product_cat-komplety-garnitury","8":"product_tag-garnitur","9":"product_tag-lumino","10":"pa_produkt-garnitury","11":"pa_rozmiar-small","12":"pa_rozmiar-medium","13":"pa_rozmiar-large","15":"first","16":"outofstock","17":"shipping-taxable","18":"purchasable","19":"product-type-variable","20":"has-default-attributes"},"_links":{"self":[{"href":"https:\/\/www.makuku.pl\/shop\/index.php?rest_route=\/wp\/v2\/product\/6271","targetHints":{"allow":["GET"]}}],"collection":[{"href":"https:\/\/www.makuku.pl\/shop\/index.php?rest_route=\/wp\/v2\/product"}],"about":[{"href":"https:\/\/www.makuku.pl\/shop\/index.php?rest_route=\/wp\/v2\/types\/product"}],"wp:featuredmedia":[{"embeddable":true,"href":"https:\/\/www.makuku.pl\/shop\/index.php?rest_route=\/wp\/v2\/media\/6171"}],"wp:attachment":[{"href":"https:\/\/www.makuku.pl\/shop\/index.php?rest_route=%2Fwp%2Fv2%2Fmedia&parent=6271"}],"wp:term":[{"taxonomy":"product_brand","embeddable":true,"href":"https:\/\/www.makuku.pl\/shop\/index.php?rest_route=%2Fwp%2Fv2%2Fproduct_brand&post=6271"},{"taxonomy":"product_cat","embeddable":true,"href":"https:\/\/www.makuku.pl\/shop\/index.php?rest_route=%2Fwp%2Fv2%2Fproduct_cat&post=6271"},{"taxonomy":"product_tag","embeddable":true,"href":"https:\/\/www.makuku.pl\/shop\/index.php?rest_route=%2Fwp%2Fv2%2Fproduct_tag&post=6271"}],"curies":[{"name":"wp","href":"https:\/\/api.w.org\/{rel}","templated":true}]}}