{"id":6254,"date":"2023-06-12T10:07:29","date_gmt":"2023-06-12T09:07:29","guid":{"rendered":"https:\/\/www.makuku.pl\/shop\/?post_type=product&#038;p=6254"},"modified":"2023-12-08T19:14:27","modified_gmt":"2023-12-08T18:14:27","slug":"komplet-summer-emotions-light-cream","status":"publish","type":"product","link":"https:\/\/www.makuku.pl\/shop\/?product=komplet-summer-emotions-light-cream","title":{"rendered":"Komplet Summer Emotions Light Cream"},"content":{"rendered":"<p>Komplet dresowy kr\u00f3tki <strong>Summer Emotions<\/strong> w kolorze light cream. Zestaw nietuzinkowy i bardzo przyjemny w dotyku. Uszyty jest z wysokogatunkowego, mi\u0119ciutkiego weluru. Bluza o lekko oversizowym kroju i bardzo kobiecej linii, ma poszerzane i wyd\u0142u\u017cone r\u0119kawy zako\u0144czone \u015bci\u0105gaczem bez gumki. Jest lu\u017ana i nie kr\u0119puje ruch\u00f3w. Kr\u00f3tkie spodenki maj\u0105 wysoki stan oraz kieszonki po bokach. Bardzo letni i niebanalny kolor tworz\u0105 z fasonem bezkonkurencyjn\u0105 kompozycje na lato. Przekonaj si\u0119 sama, \u017ce w dresie mo\u017cna poczu\u0107 si\u0119 atrakcyjnie i wyj\u0105tkowo !<\/p>\n<p><strong>Wymiary modelki:<\/strong><\/p>\n<ul>\n<li>Wzrost: 167 cm<\/li>\n<li>Szeroko\u015b\u0107 w biu\u015bcie: 82 cm<\/li>\n<li>Szeroko\u015b\u0107 pod biustem: 75 cm<\/li>\n<li>Szeroko\u015b\u0107 w talii: 70 cm<\/li>\n<li>Szeroko\u015b\u0107 w biodrach: 88 cm<\/li>\n<li>Nasza modelka ma na sobie<b> rozmiar S<\/b><\/li>\n<\/ul>\n","protected":false},"excerpt":{"rendered":"<p>Komplet dresowy kr\u00f3tki <strong>Summer Emotions\u00a0<\/strong>w kolorze light cream. Dost\u0119pny w kilku kolorach.<\/p>\n<p>Wi\u0119kszo\u015b\u0107 dres\u00f3w szyjemy na zam\u00f3wienie. Czas oczekiwania w zale\u017cno\u015bci od tkaniny od 2-10 dni roboczych. W przypadku produkt\u00f3w, kt\u00f3re s\u0105 na stanie, wysy\u0142ka do <strong>48h<\/strong>.<\/p>\n","protected":false},"featured_media":6169,"template":"","meta":[],"product_brand":[],"product_cat":[54,56],"product_tag":[177,206,262],"class_list":{"0":"post-6254","1":"product","2":"type-product","3":"status-publish","4":"has-post-thumbnail","6":"product_cat-dresy","7":"product_cat-komplety-dresy","8":"product_tag-dres","9":"product_tag-krotki","10":"product_tag-summer-emotions","11":"pa_produkt-dresy","12":"pa_rozmiar-small","14":"first","15":"instock","16":"sale","17":"shipping-taxable","18":"purchasable","19":"product-type-variable","20":"has-default-attributes"},"_links":{"self":[{"href":"https:\/\/www.makuku.pl\/shop\/index.php?rest_route=\/wp\/v2\/product\/6254","targetHints":{"allow":["GET"]}}],"collection":[{"href":"https:\/\/www.makuku.pl\/shop\/index.php?rest_route=\/wp\/v2\/product"}],"about":[{"href":"https:\/\/www.makuku.pl\/shop\/index.php?rest_route=\/wp\/v2\/types\/product"}],"wp:featuredmedia":[{"embeddable":true,"href":"https:\/\/www.makuku.pl\/shop\/index.php?rest_route=\/wp\/v2\/media\/6169"}],"wp:attachment":[{"href":"https:\/\/www.makuku.pl\/shop\/index.php?rest_route=%2Fwp%2Fv2%2Fmedia&parent=6254"}],"wp:term":[{"taxonomy":"product_brand","embeddable":true,"href":"https:\/\/www.makuku.pl\/shop\/index.php?rest_route=%2Fwp%2Fv2%2Fproduct_brand&post=6254"},{"taxonomy":"product_cat","embeddable":true,"href":"https:\/\/www.makuku.pl\/shop\/index.php?rest_route=%2Fwp%2Fv2%2Fproduct_cat&post=6254"},{"taxonomy":"product_tag","embeddable":true,"href":"https:\/\/www.makuku.pl\/shop\/index.php?rest_route=%2Fwp%2Fv2%2Fproduct_tag&post=6254"}],"curies":[{"name":"wp","href":"https:\/\/api.w.org\/{rel}","templated":true}]}}