{"id":6210,"date":"2023-06-12T09:15:09","date_gmt":"2023-06-12T08:15:09","guid":{"rendered":"https:\/\/www.makuku.pl\/shop\/?post_type=product&#038;p=6210"},"modified":"2025-01-05T23:29:58","modified_gmt":"2025-01-05T22:29:58","slug":"komplet-fresh-diamond","status":"publish","type":"product","link":"https:\/\/www.makuku.pl\/shop\/?product=komplet-fresh-diamond","title":{"rendered":"Komplet Fresh Diamond"},"content":{"rendered":"<p>Str\u00f3j <strong>Fresh Diamond<\/strong> uszyty jest z wysokogatunkowej, matowej dzianiny w pr\u0105\u017cki. Posiada du\u017c\u0105 zawarto\u015b\u0107 w\u0142\u00f3kien elastycznych, dzi\u0119ki temu mocno si\u0119 naci\u0105ga. Kolor czarny. Top z p\u00f3\u0142okr\u0105g\u0142ym dekoltem i wyci\u0119tymi plecami, posiada miejsce na wk\u0142adki. Szorty z wysokim stanem, bezszwowe w pasie, zdobione \u015bci\u0105gaczami po bokach, na pupie maj\u0105 wszyt\u0105 modeluj\u0105c\u0105 gumk\u0119. Komplet idealny dla pa\u0144, kt\u00f3re chc\u0105 zakry\u0107 brzuch, a jednocze\u015bnie, aby nic nie opina\u0142o i tak\u017ce dla mi\u0142o\u015bniczek wysokich stan\u00f3w. Uniwersalny kolor sprawdzi si\u0119 dla ka\u017cdej wymagaj\u0105cej sylwetki.<\/p>\n<p><strong> <br class=\"avia-permanent-lb\" \/>Wymiary modelki:<\/strong><\/p>\n<ul>\n<li>Wzrost: 167 cm<\/li>\n<li>Szeroko\u015b\u0107 w biu\u015bcie: 82 cm<\/li>\n<li>Szeroko\u015b\u0107 pod biustem: 75 cm<\/li>\n<li>Szeroko\u015b\u0107 w talii: 70 cm<\/li>\n<li>Szeroko\u015b\u0107 w biodrach: 88 cm<\/li>\n<li>Nasza modelka ma na sobie<b> rozmiar S<\/b><\/li>\n<\/ul>\n","protected":false},"excerpt":{"rendered":"<p>Str\u00f3j <strong>Fresh Diamond <\/strong>w kolorze czarnym.<\/p>\n<p>Wi\u0119kszo\u015b\u0107 kostium\u00f3w szyjemy na zam\u00f3wienie. Czas oczekiwania w zale\u017cno\u015bci od tkaniny od 2-10 dni roboczych. W przypadku produkt\u00f3w, kt\u00f3re s\u0105 na stanie, wysy\u0142ka do <strong>48h<\/strong>.<\/p>\n","protected":false},"featured_media":6236,"template":"","meta":[],"product_brand":[],"product_cat":[49,50],"product_tag":[261,53],"class_list":{"0":"post-6210","1":"product","2":"type-product","3":"status-publish","4":"has-post-thumbnail","6":"product_cat-pole-dance-exotic","7":"product_cat-komplety","8":"product_tag-fresh-diamond","9":"product_tag-pole-dance","10":"pa_produkt-stroje-pd","11":"pa_rozmiar-dol-x-small","12":"pa_rozmiar-dol-small","13":"pa_rozmiar-dol-medium","14":"pa_rozmiar-dol-large","15":"pa_rozmiar-dol-x-large","16":"pa_rozmiar-gora-x-small","17":"pa_rozmiar-gora-small","18":"pa_rozmiar-gora-medium","19":"pa_rozmiar-gora-large","20":"pa_rozmiar-gora-x-large","22":"first","23":"onbackorder","24":"shipping-taxable","25":"purchasable","26":"product-type-variable","27":"has-default-attributes"},"_links":{"self":[{"href":"https:\/\/www.makuku.pl\/shop\/index.php?rest_route=\/wp\/v2\/product\/6210","targetHints":{"allow":["GET"]}}],"collection":[{"href":"https:\/\/www.makuku.pl\/shop\/index.php?rest_route=\/wp\/v2\/product"}],"about":[{"href":"https:\/\/www.makuku.pl\/shop\/index.php?rest_route=\/wp\/v2\/types\/product"}],"wp:featuredmedia":[{"embeddable":true,"href":"https:\/\/www.makuku.pl\/shop\/index.php?rest_route=\/wp\/v2\/media\/6236"}],"wp:attachment":[{"href":"https:\/\/www.makuku.pl\/shop\/index.php?rest_route=%2Fwp%2Fv2%2Fmedia&parent=6210"}],"wp:term":[{"taxonomy":"product_brand","embeddable":true,"href":"https:\/\/www.makuku.pl\/shop\/index.php?rest_route=%2Fwp%2Fv2%2Fproduct_brand&post=6210"},{"taxonomy":"product_cat","embeddable":true,"href":"https:\/\/www.makuku.pl\/shop\/index.php?rest_route=%2Fwp%2Fv2%2Fproduct_cat&post=6210"},{"taxonomy":"product_tag","embeddable":true,"href":"https:\/\/www.makuku.pl\/shop\/index.php?rest_route=%2Fwp%2Fv2%2Fproduct_tag&post=6210"}],"curies":[{"name":"wp","href":"https:\/\/api.w.org\/{rel}","templated":true}]}}