{"id":6092,"date":"2023-05-25T09:52:41","date_gmt":"2023-05-25T08:52:41","guid":{"rendered":"https:\/\/www.makuku.pl\/shop\/?post_type=product&#038;p=6092"},"modified":"2023-10-14T16:07:28","modified_gmt":"2023-10-14T15:07:28","slug":"komplet-deep-turkus","status":"publish","type":"product","link":"https:\/\/www.makuku.pl\/shop\/?product=komplet-deep-turkus","title":{"rendered":"Komplet Deep Turkus"},"content":{"rendered":"<p><strong>NOWA KOLEKCJA!<\/strong><\/p>\n<p>Str\u00f3j <strong>Deep Turkus<\/strong> w kolorze turkusowym. Uszyty jest z po\u0142yskliwej tkaniny o wysokiej jako\u015bci. W\u0142\u00f3kna s\u0105 mocno elastyczne. Top ma cienkie rami\u0105czka u\u0142o\u017cone na krzy\u017c na plecach. Z przodu ozdobne wyci\u0119cie, wewn\u0105trz\u00a0 z miejscem na wk\u0142adki. Szorty z wy\u017cszym stanem i ozdobnym wyci\u0119ciem, zakrywaj\u0105 3\/4 po\u015bladk\u00f3w. Na pupie maj\u0105 wszyt\u0105 modeluj\u0105c\u0105 gumk\u0119. Ca\u0142o\u015b\u0107 prezentuje si\u0119 bardzo efektownie, a g\u0142\u0119boki turkus dodaje uroku. Komplet przepi\u0119knie prezentuje si\u0119 na \u017cywo.<\/p>\n<p><strong> <br class=\"avia-permanent-lb\" \/>Wymiary modelki:<\/strong><\/p>\n<ul>\n<li>Wzrost: 167 cm<\/li>\n<li>Szeroko\u015b\u0107 w biu\u015bcie: 82 cm<\/li>\n<li>Szeroko\u015b\u0107 pod biustem: 75 cm<\/li>\n<li>Szeroko\u015b\u0107 w talii: 70 cm<\/li>\n<li>Szeroko\u015b\u0107 w biodrach: 88 cm<\/li>\n<li>Nasza modelka ma na sobie<b> rozmiar S<\/b><\/li>\n<\/ul>\n","protected":false},"excerpt":{"rendered":"<p>Komplet<strong> Deep Turkus <\/strong>w kolorze turkusowym.<\/p>\n<p>Wi\u0119kszo\u015b\u0107 kostium\u00f3w szyjemy na zam\u00f3wienie. Czas oczekiwania w zale\u017cno\u015bci od tkaniny od 2-10 dni roboczych. W przypadku produkt\u00f3w, kt\u00f3re s\u0105 na stanie, wysy\u0142ka do <strong>48h<\/strong>.<\/p>\n","protected":false},"featured_media":6153,"template":"","meta":[],"product_brand":[],"product_cat":[49,50],"product_tag":[255,53],"class_list":{"0":"post-6092","1":"product","2":"type-product","3":"status-publish","4":"has-post-thumbnail","6":"product_cat-pole-dance-exotic","7":"product_cat-komplety","8":"product_tag-deep-turkus","9":"product_tag-pole-dance","10":"pa_produkt-stroje-pd","11":"pa_rozmiar-dol-x-small","12":"pa_rozmiar-dol-small","13":"pa_rozmiar-dol-medium","14":"pa_rozmiar-dol-large","15":"pa_rozmiar-gora-x-small","16":"pa_rozmiar-gora-small","17":"pa_rozmiar-gora-medium","18":"pa_rozmiar-gora-large","20":"first","21":"instock","22":"shipping-taxable","23":"purchasable","24":"product-type-variable","25":"has-default-attributes"},"_links":{"self":[{"href":"https:\/\/www.makuku.pl\/shop\/index.php?rest_route=\/wp\/v2\/product\/6092","targetHints":{"allow":["GET"]}}],"collection":[{"href":"https:\/\/www.makuku.pl\/shop\/index.php?rest_route=\/wp\/v2\/product"}],"about":[{"href":"https:\/\/www.makuku.pl\/shop\/index.php?rest_route=\/wp\/v2\/types\/product"}],"wp:featuredmedia":[{"embeddable":true,"href":"https:\/\/www.makuku.pl\/shop\/index.php?rest_route=\/wp\/v2\/media\/6153"}],"wp:attachment":[{"href":"https:\/\/www.makuku.pl\/shop\/index.php?rest_route=%2Fwp%2Fv2%2Fmedia&parent=6092"}],"wp:term":[{"taxonomy":"product_brand","embeddable":true,"href":"https:\/\/www.makuku.pl\/shop\/index.php?rest_route=%2Fwp%2Fv2%2Fproduct_brand&post=6092"},{"taxonomy":"product_cat","embeddable":true,"href":"https:\/\/www.makuku.pl\/shop\/index.php?rest_route=%2Fwp%2Fv2%2Fproduct_cat&post=6092"},{"taxonomy":"product_tag","embeddable":true,"href":"https:\/\/www.makuku.pl\/shop\/index.php?rest_route=%2Fwp%2Fv2%2Fproduct_tag&post=6092"}],"curies":[{"name":"wp","href":"https:\/\/api.w.org\/{rel}","templated":true}]}}