{"id":6078,"date":"2023-05-22T22:40:53","date_gmt":"2023-05-22T21:40:53","guid":{"rendered":"https:\/\/www.makuku.pl\/shop\/?post_type=product&#038;p=6078"},"modified":"2025-01-05T23:36:38","modified_gmt":"2025-01-05T22:36:38","slug":"brazyliany-x-black","status":"publish","type":"product","link":"https:\/\/www.makuku.pl\/shop\/?product=brazyliany-x-black","title":{"rendered":"Brazyliany X Black"},"content":{"rendered":"<p>Brazyliany <strong>X Black<\/strong> w kolorze czarnym. Uszyte s\u0105 z elastycznej, bardzo wygodnej i lekko po\u0142yskliwej tkaniny. Wysoko\u015b\u0107\/stan \u2013 \u015bredni. Mocno eksponuj\u0105 i podkre\u015blaj\u0105 po\u015bladki, marszczone na pupie. \u015awietnie sprawdz\u0105 si\u0119 do Pole Dance, ale tak\u017ce na pla\u017c\u0119.<\/p>\n<p><strong> <br class=\"avia-permanent-lb\" \/>Wymiary modelki:<\/strong><\/p>\n<ul>\n<li>Wzrost: 167 cm<\/li>\n<li>Szeroko\u015b\u0107 w biu\u015bcie: 82 cm<\/li>\n<li>Szeroko\u015b\u0107 pod biustem: 75 cm<\/li>\n<li>Szeroko\u015b\u0107 w talii: 70 cm<\/li>\n<li>Szeroko\u015b\u0107 w biodrach: 88 cm<\/li>\n<li>Nasza modelka ma na sobie<b> rozmiar S<\/b><\/li>\n<\/ul>\n","protected":false},"excerpt":{"rendered":"<p>Brazyliany <strong>X Black<\/strong> w kolorze czarnym. Dost\u0119pne w wielu kolorach.<\/p>\n<p>Wi\u0119kszo\u015b\u0107 kostium\u00f3w szyjemy na indywidualne zam\u00f3wienie. Czas oczekiwania w zale\u017cno\u015bci od tkaniny od 2-10 dni roboczych. W przypadku produkt\u00f3w, kt\u00f3re s\u0105 na stanie, wysy\u0142ka do <strong>48h<\/strong>.<\/p>\n","protected":false},"featured_media":6151,"template":"","meta":[],"product_brand":[],"product_cat":[68,69,49,74],"product_tag":[160,53,218],"class_list":{"0":"post-6078","1":"product","2":"type-product","3":"status-publish","4":"has-post-thumbnail","6":"product_cat-plazowe","7":"product_cat-dol-kostium","8":"product_cat-pole-dance-exotic","9":"product_cat-szorty","10":"product_tag-brazyliany","11":"product_tag-pole-dance","12":"product_tag-x","13":"pa_produkt-brazyliany","14":"pa_rozmiar-x-small","15":"pa_rozmiar-small","16":"pa_rozmiar-medium","17":"pa_rozmiar-large","19":"first","20":"onbackorder","21":"shipping-taxable","22":"purchasable","23":"product-type-variable","24":"has-default-attributes"},"_links":{"self":[{"href":"https:\/\/www.makuku.pl\/shop\/index.php?rest_route=\/wp\/v2\/product\/6078","targetHints":{"allow":["GET"]}}],"collection":[{"href":"https:\/\/www.makuku.pl\/shop\/index.php?rest_route=\/wp\/v2\/product"}],"about":[{"href":"https:\/\/www.makuku.pl\/shop\/index.php?rest_route=\/wp\/v2\/types\/product"}],"wp:featuredmedia":[{"embeddable":true,"href":"https:\/\/www.makuku.pl\/shop\/index.php?rest_route=\/wp\/v2\/media\/6151"}],"wp:attachment":[{"href":"https:\/\/www.makuku.pl\/shop\/index.php?rest_route=%2Fwp%2Fv2%2Fmedia&parent=6078"}],"wp:term":[{"taxonomy":"product_brand","embeddable":true,"href":"https:\/\/www.makuku.pl\/shop\/index.php?rest_route=%2Fwp%2Fv2%2Fproduct_brand&post=6078"},{"taxonomy":"product_cat","embeddable":true,"href":"https:\/\/www.makuku.pl\/shop\/index.php?rest_route=%2Fwp%2Fv2%2Fproduct_cat&post=6078"},{"taxonomy":"product_tag","embeddable":true,"href":"https:\/\/www.makuku.pl\/shop\/index.php?rest_route=%2Fwp%2Fv2%2Fproduct_tag&post=6078"}],"curies":[{"name":"wp","href":"https:\/\/api.w.org\/{rel}","templated":true}]}}