{"id":5858,"date":"2023-04-04T17:15:13","date_gmt":"2023-04-04T16:15:13","guid":{"rendered":"https:\/\/www.makuku.pl\/shop\/?post_type=product&#038;p=5858"},"modified":"2024-05-23T20:10:45","modified_gmt":"2024-05-23T19:10:45","slug":"szorty-mirella","status":"publish","type":"product","link":"https:\/\/www.makuku.pl\/shop\/?product=szorty-mirella","title":{"rendered":"Szorty Mirella"},"content":{"rendered":"<p>Szorty <strong>Mirella<\/strong> w kolorze czarno-bia\u0142ym. Uszyte s\u0105 z elastycznej i bardzo wygodnej tkaniny dzianinowej. Stan wysoki, bezszwowe w pasie, lekko przylegaj\u0105ce do cia\u0142a. Po bokach maj\u0105 ozdobne wi\u0105zania i paseczki na udach, marszczone na pupie. Szorty idealne dla kobiet chc\u0105cych zakry\u0107 swoje niedoskona\u0142o\u015bci. Idealnie sprawdzaj\u0105 si\u0119 tak\u017ce do twerku. Podkre\u015blaj\u0105 tali\u0119. Wyst\u0119puj\u0105 r\u00f3wnie\u017c w komplecie z topem &#8211; <a href=\"https:\/\/www.makuku.pl\/shop\/?product=komplet-mirella\">Set Mirella<\/a><\/p>\n<p><strong> <br class=\"avia-permanent-lb\" \/>Wymiary modelki:<\/strong><\/p>\n<ul>\n<li>Wzrost: 167 cm<\/li>\n<li>Szeroko\u015b\u0107 w biu\u015bcie: 82 cm<\/li>\n<li>Szeroko\u015b\u0107 pod biustem: 75 cm<\/li>\n<li>Szeroko\u015b\u0107 w talii: 70 cm<\/li>\n<li>Szeroko\u015b\u0107 w biodrach: 88 cm<\/li>\n<li>Nasza modelka ma na sobie<b> rozmiar S<\/b><\/li>\n<\/ul>\n","protected":false},"excerpt":{"rendered":"<p>Szorty <strong>Mirella<\/strong> w kolorze czarno-bia\u0142ym.<\/p>\n<p>Wi\u0119kszo\u015b\u0107 produkt\u00f3w szyjemy na zam\u00f3wienie. Czas oczekiwania w zale\u017cno\u015bci od tkaniny od 2-10 dni roboczych. W przypadku produkt\u00f3w, kt\u00f3re s\u0105 na stanie, wysy\u0142ka do <strong>48h<\/strong>.<\/p>\n","protected":false},"featured_media":5864,"template":"","meta":[],"product_brand":[],"product_cat":[49,74],"product_tag":[252,53,159],"class_list":{"0":"post-5858","1":"product","2":"type-product","3":"status-publish","4":"has-post-thumbnail","6":"product_cat-pole-dance-exotic","7":"product_cat-szorty","8":"product_tag-mirella","9":"product_tag-pole-dance","10":"product_tag-szorty","11":"pa_produkt-szorty","12":"pa_rozmiar-x-small","13":"pa_rozmiar-small","14":"pa_rozmiar-medium","15":"pa_rozmiar-large","16":"pa_rozmiar-x-large","18":"first","19":"outofstock","20":"shipping-taxable","21":"purchasable","22":"product-type-variable","23":"has-default-attributes"},"_links":{"self":[{"href":"https:\/\/www.makuku.pl\/shop\/index.php?rest_route=\/wp\/v2\/product\/5858","targetHints":{"allow":["GET"]}}],"collection":[{"href":"https:\/\/www.makuku.pl\/shop\/index.php?rest_route=\/wp\/v2\/product"}],"about":[{"href":"https:\/\/www.makuku.pl\/shop\/index.php?rest_route=\/wp\/v2\/types\/product"}],"wp:featuredmedia":[{"embeddable":true,"href":"https:\/\/www.makuku.pl\/shop\/index.php?rest_route=\/wp\/v2\/media\/5864"}],"wp:attachment":[{"href":"https:\/\/www.makuku.pl\/shop\/index.php?rest_route=%2Fwp%2Fv2%2Fmedia&parent=5858"}],"wp:term":[{"taxonomy":"product_brand","embeddable":true,"href":"https:\/\/www.makuku.pl\/shop\/index.php?rest_route=%2Fwp%2Fv2%2Fproduct_brand&post=5858"},{"taxonomy":"product_cat","embeddable":true,"href":"https:\/\/www.makuku.pl\/shop\/index.php?rest_route=%2Fwp%2Fv2%2Fproduct_cat&post=5858"},{"taxonomy":"product_tag","embeddable":true,"href":"https:\/\/www.makuku.pl\/shop\/index.php?rest_route=%2Fwp%2Fv2%2Fproduct_tag&post=5858"}],"curies":[{"name":"wp","href":"https:\/\/api.w.org\/{rel}","templated":true}]}}