{"id":5821,"date":"2023-04-04T12:03:06","date_gmt":"2023-04-04T11:03:06","guid":{"rendered":"https:\/\/www.makuku.pl\/shop\/?post_type=product&#038;p=5821"},"modified":"2024-05-23T20:10:57","modified_gmt":"2024-05-23T19:10:57","slug":"komplet-mirella","status":"publish","type":"product","link":"https:\/\/www.makuku.pl\/shop\/?product=komplet-mirella","title":{"rendered":"Komplet Mirella"},"content":{"rendered":"<p>Str\u00f3j <strong>Mirella <\/strong>w kolorze bia\u0142o-czarnym. Komplet uszyty jest z bardzo przyjemnej i elastycznej tkaniny &#8211; wz\u00f3r bia\u0142o-czarna pepitka. Top zabudowany z przodu, za to mocno eksponuje plecy, posiada miejsce na wk\u0142adki. Szorty z wysokim stanem, bezszwowe w pasie, z ozdobnymi wi\u0105zaniami po bokach i paseczkami na udach. Posiadaj\u0105 modeluj\u0105c\u0105 gumk\u0119 na pupie. Idealne dla kobiet chc\u0105cych zas\u0142oni\u0107 brzuch i dla fanek wysokiego stanu. Ca\u0142o\u015b\u0107 jest bardzo wygodna i na \u017cywo prezentuje si\u0119 znakomicie.<\/p>\n<p><strong> <br class=\"avia-permanent-lb\" \/>Wymiary modelki:<\/strong><\/p>\n<ul>\n<li>Wzrost: 167 cm<\/li>\n<li>Szeroko\u015b\u0107 w biu\u015bcie: 82 cm<\/li>\n<li>Szeroko\u015b\u0107 pod biustem: 75 cm<\/li>\n<li>Szeroko\u015b\u0107 w talii: 70 cm<\/li>\n<li>Szeroko\u015b\u0107 w biodrach: 88 cm<\/li>\n<li>Nasza modelka ma na sobie<b> rozmiar S<\/b><\/li>\n<\/ul>\n","protected":false},"excerpt":{"rendered":"<p>Str\u00f3j <strong>Mirella <\/strong>w\u00a0kolorze bia\u0142o-czarnym.<strong><br \/>\n<\/strong><\/p>\n<p>Wi\u0119kszo\u015b\u0107 kostium\u00f3w szyjemy na zam\u00f3wienie. Czas oczekiwania w zale\u017cno\u015bci od tkaniny od 2-10 dni roboczych. W przypadku produkt\u00f3w, kt\u00f3re s\u0105 na stanie, wysy\u0142ka do <strong>48h<\/strong>.<\/p>\n","protected":false},"featured_media":5854,"template":"","meta":[],"product_brand":[],"product_cat":[49,50],"product_tag":[252,53],"class_list":{"0":"post-5821","1":"product","2":"type-product","3":"status-publish","4":"has-post-thumbnail","6":"product_cat-pole-dance-exotic","7":"product_cat-komplety","8":"product_tag-mirella","9":"product_tag-pole-dance","10":"pa_produkt-stroje-pd","11":"pa_rozmiar-dol-x-small","12":"pa_rozmiar-dol-small","13":"pa_rozmiar-dol-medium","14":"pa_rozmiar-dol-large","15":"pa_rozmiar-dol-x-large","16":"pa_rozmiar-gora-x-small","17":"pa_rozmiar-gora-small","18":"pa_rozmiar-gora-medium","19":"pa_rozmiar-gora-large","20":"pa_rozmiar-gora-x-large","22":"first","23":"outofstock","24":"shipping-taxable","25":"purchasable","26":"product-type-variable","27":"has-default-attributes"},"_links":{"self":[{"href":"https:\/\/www.makuku.pl\/shop\/index.php?rest_route=\/wp\/v2\/product\/5821","targetHints":{"allow":["GET"]}}],"collection":[{"href":"https:\/\/www.makuku.pl\/shop\/index.php?rest_route=\/wp\/v2\/product"}],"about":[{"href":"https:\/\/www.makuku.pl\/shop\/index.php?rest_route=\/wp\/v2\/types\/product"}],"wp:featuredmedia":[{"embeddable":true,"href":"https:\/\/www.makuku.pl\/shop\/index.php?rest_route=\/wp\/v2\/media\/5854"}],"wp:attachment":[{"href":"https:\/\/www.makuku.pl\/shop\/index.php?rest_route=%2Fwp%2Fv2%2Fmedia&parent=5821"}],"wp:term":[{"taxonomy":"product_brand","embeddable":true,"href":"https:\/\/www.makuku.pl\/shop\/index.php?rest_route=%2Fwp%2Fv2%2Fproduct_brand&post=5821"},{"taxonomy":"product_cat","embeddable":true,"href":"https:\/\/www.makuku.pl\/shop\/index.php?rest_route=%2Fwp%2Fv2%2Fproduct_cat&post=5821"},{"taxonomy":"product_tag","embeddable":true,"href":"https:\/\/www.makuku.pl\/shop\/index.php?rest_route=%2Fwp%2Fv2%2Fproduct_tag&post=5821"}],"curies":[{"name":"wp","href":"https:\/\/api.w.org\/{rel}","templated":true}]}}