{"id":5795,"date":"2023-03-30T09:14:47","date_gmt":"2023-03-30T08:14:47","guid":{"rendered":"https:\/\/www.makuku.pl\/shop\/?post_type=product&#038;p=5795"},"modified":"2025-01-05T23:43:39","modified_gmt":"2025-01-05T22:43:39","slug":"szorty-la-viva","status":"publish","type":"product","link":"https:\/\/www.makuku.pl\/shop\/?product=szorty-la-viva","title":{"rendered":"Szorty La Viva"},"content":{"rendered":"<p>Szorty <strong>La Viva<\/strong> w kolorze czarnym z materia\u0142u sk\u00f3ropodobnego. Wygodne i elastyczne, eksponuj\u0105 po\u015bladki oraz podkre\u015blaj\u0105 talie. Pikanterii dodaj\u0105 paseczki na udach oraz modeluj\u0105ca gumka na pupie.<\/p>\n<p>&nbsp;<\/p>\n<p><strong>Sk\u0142ad:<\/strong> 97 poliester, 3% lycra.<\/p>\n<p><strong> <br class=\"avia-permanent-lb\" \/>Wymiary modelki:<\/strong><\/p>\n<ul>\n<li>Wzrost: 167 cm<\/li>\n<li>Szeroko\u015b\u0107 w biu\u015bcie: 82 cm<\/li>\n<li>Szeroko\u015b\u0107 pod biustem: 75 cm<\/li>\n<li>Szeroko\u015b\u0107 w talii: 70 cm<\/li>\n<li>Szeroko\u015b\u0107 w biodrach: 88 cm<\/li>\n<li>Nasza modelka ma na sobie<b> rozmiar S<\/b><\/li>\n<\/ul>\n","protected":false},"excerpt":{"rendered":"<p>Szorty <strong>La Viva<\/strong> w kolorze czarnym.<\/p>\n<p>Wi\u0119kszo\u015b\u0107 kostium\u00f3w szyjemy na zam\u00f3wienie. Czas oczekiwania w zale\u017cno\u015bci od tkaniny od 2-10 dni roboczych. W przypadku produkt\u00f3w, kt\u00f3re s\u0105 na stanie, wysy\u0142ka do <strong>48h<\/strong>.<\/p>\n","protected":false},"featured_media":5801,"template":"","meta":[],"product_brand":[],"product_cat":[49,74],"product_tag":[246,53,159],"class_list":{"0":"post-5795","1":"product","2":"type-product","3":"status-publish","4":"has-post-thumbnail","6":"product_cat-pole-dance-exotic","7":"product_cat-szorty","8":"product_tag-la-viva","9":"product_tag-pole-dance","10":"product_tag-szorty","11":"pa_produkt-szorty","12":"pa_rozmiar-x-small","13":"pa_rozmiar-small","14":"pa_rozmiar-medium","15":"pa_rozmiar-large","16":"pa_rozmiar-x-large","18":"first","19":"onbackorder","20":"shipping-taxable","21":"purchasable","22":"product-type-variable","23":"has-default-attributes"},"_links":{"self":[{"href":"https:\/\/www.makuku.pl\/shop\/index.php?rest_route=\/wp\/v2\/product\/5795","targetHints":{"allow":["GET"]}}],"collection":[{"href":"https:\/\/www.makuku.pl\/shop\/index.php?rest_route=\/wp\/v2\/product"}],"about":[{"href":"https:\/\/www.makuku.pl\/shop\/index.php?rest_route=\/wp\/v2\/types\/product"}],"wp:featuredmedia":[{"embeddable":true,"href":"https:\/\/www.makuku.pl\/shop\/index.php?rest_route=\/wp\/v2\/media\/5801"}],"wp:attachment":[{"href":"https:\/\/www.makuku.pl\/shop\/index.php?rest_route=%2Fwp%2Fv2%2Fmedia&parent=5795"}],"wp:term":[{"taxonomy":"product_brand","embeddable":true,"href":"https:\/\/www.makuku.pl\/shop\/index.php?rest_route=%2Fwp%2Fv2%2Fproduct_brand&post=5795"},{"taxonomy":"product_cat","embeddable":true,"href":"https:\/\/www.makuku.pl\/shop\/index.php?rest_route=%2Fwp%2Fv2%2Fproduct_cat&post=5795"},{"taxonomy":"product_tag","embeddable":true,"href":"https:\/\/www.makuku.pl\/shop\/index.php?rest_route=%2Fwp%2Fv2%2Fproduct_tag&post=5795"}],"curies":[{"name":"wp","href":"https:\/\/api.w.org\/{rel}","templated":true}]}}