{"id":5746,"date":"2023-03-15T21:18:24","date_gmt":"2023-03-15T20:18:24","guid":{"rendered":"https:\/\/www.makuku.pl\/shop\/?post_type=product&#038;p=5746"},"modified":"2025-01-05T23:58:44","modified_gmt":"2025-01-05T22:58:44","slug":"top-vivien-plum","status":"publish","type":"product","link":"https:\/\/www.makuku.pl\/shop\/?product=top-vivien-plum","title":{"rendered":"Top Vivien Plum"},"content":{"rendered":"<p>Top <strong>Vivien<\/strong> w kolorze \u015bliwkowym. Uszyty jest z elastycznego i wygodnego weluru. Wewn\u0105trz posiada podszewk\u0119 i miejsce na wk\u0142adki. Prz\u00f3d mocno zabudowany z wyeksponowanymi plecami. Sprawdzi si\u0119 zar\u00f3wno na ma\u0142y i du\u017cy biust. Bardzo efektowny kolor dodaje uroku.<\/p>\n<p><strong> <br class=\"avia-permanent-lb\" \/>Wymiary modelki:<\/strong><\/p>\n<ul>\n<li>Wzrost: 167 cm<\/li>\n<li>Szeroko\u015b\u0107 w biu\u015bcie: 82 cm<\/li>\n<li>Szeroko\u015b\u0107 pod biustem: 75 cm<\/li>\n<li>Szeroko\u015b\u0107 w talii: 70 cm<\/li>\n<li>Szeroko\u015b\u0107 w biodrach: 88 cm<\/li>\n<li>Nasza modelka ma na sobie<b> rozmiar S<\/b><\/li>\n<\/ul>\n","protected":false},"excerpt":{"rendered":"<p>Top <strong>Vivien<\/strong> w kolorze \u015bliwkowym.<strong><br \/>\n<\/strong><\/p>\n<p>Wi\u0119kszo\u015b\u0107 kostium\u00f3w szyjemy na indywidualne zam\u00f3wienie. Czas oczekiwania w zale\u017cno\u015bci od tkaniny od 2-10 dni roboczych. W przypadku produkt\u00f3w, kt\u00f3re s\u0105 na stanie, wysy\u0142ka do <strong>48h<\/strong>.<\/p>\n","protected":false},"featured_media":5752,"template":"","meta":[],"product_brand":[],"product_cat":[49,75],"product_tag":[53,212,199],"class_list":{"0":"post-5746","1":"product","2":"type-product","3":"status-publish","4":"has-post-thumbnail","6":"product_cat-pole-dance-exotic","7":"product_cat-topy","8":"product_tag-pole-dance","9":"product_tag-top","10":"product_tag-vivien","11":"pa_produkt-topy","12":"pa_rozmiar-x-small","13":"pa_rozmiar-small","14":"pa_rozmiar-medium","15":"pa_rozmiar-large","16":"pa_rozmiar-x-large","18":"first","19":"onbackorder","20":"shipping-taxable","21":"purchasable","22":"product-type-variable","23":"has-default-attributes"},"_links":{"self":[{"href":"https:\/\/www.makuku.pl\/shop\/index.php?rest_route=\/wp\/v2\/product\/5746","targetHints":{"allow":["GET"]}}],"collection":[{"href":"https:\/\/www.makuku.pl\/shop\/index.php?rest_route=\/wp\/v2\/product"}],"about":[{"href":"https:\/\/www.makuku.pl\/shop\/index.php?rest_route=\/wp\/v2\/types\/product"}],"wp:featuredmedia":[{"embeddable":true,"href":"https:\/\/www.makuku.pl\/shop\/index.php?rest_route=\/wp\/v2\/media\/5752"}],"wp:attachment":[{"href":"https:\/\/www.makuku.pl\/shop\/index.php?rest_route=%2Fwp%2Fv2%2Fmedia&parent=5746"}],"wp:term":[{"taxonomy":"product_brand","embeddable":true,"href":"https:\/\/www.makuku.pl\/shop\/index.php?rest_route=%2Fwp%2Fv2%2Fproduct_brand&post=5746"},{"taxonomy":"product_cat","embeddable":true,"href":"https:\/\/www.makuku.pl\/shop\/index.php?rest_route=%2Fwp%2Fv2%2Fproduct_cat&post=5746"},{"taxonomy":"product_tag","embeddable":true,"href":"https:\/\/www.makuku.pl\/shop\/index.php?rest_route=%2Fwp%2Fv2%2Fproduct_tag&post=5746"}],"curies":[{"name":"wp","href":"https:\/\/api.w.org\/{rel}","templated":true}]}}