{"id":5683,"date":"2023-03-12T19:03:40","date_gmt":"2023-03-12T18:03:40","guid":{"rendered":"https:\/\/www.makuku.pl\/shop\/?post_type=product&#038;p=5683"},"modified":"2023-07-08T09:18:54","modified_gmt":"2023-07-08T08:18:54","slug":"komplet-rubio-gold","status":"publish","type":"product","link":"https:\/\/www.makuku.pl\/shop\/?product=komplet-rubio-gold","title":{"rendered":"Komplet Rubio Gold"},"content":{"rendered":"<p>Str\u00f3j <strong>Rubio<\/strong> w kolorze z\u0142otym. Uszyty jest z elastycznego materia\u0142u przypominaj\u0105cego sk\u00f3r\u0119. Top na szerokich rami\u0105czkach zdobiony fr\u0119dzlami, wewn\u0105trz ma miejsce na wk\u0142adki. Szorty typu brazyliany, mocniej wyci\u0119te i marszczone na pupie, zdobione paseczkami na udach oraz fr\u0119dzlami po bokach. Ca\u0142o\u015b\u0107 jest bardzo wygodna. Str\u00f3j idealny do Pole Dance, do sesji zdj\u0119ciowych oraz na scen\u0119 teatraln\u0105. Nietuzinkowy i wyr\u00f3\u017cniaj\u0105cy si\u0119 fason.<\/p>\n<p><strong> <br class=\"avia-permanent-lb\" \/>Wymiary modelki:<\/strong><\/p>\n<ul>\n<li>Wzrost: 167 cm<\/li>\n<li>Szeroko\u015b\u0107 w biu\u015bcie: 82 cm<\/li>\n<li>Szeroko\u015b\u0107 pod biustem: 75 cm<\/li>\n<li>Szeroko\u015b\u0107 w talii: 70 cm<\/li>\n<li>Szeroko\u015b\u0107 w biodrach: 88 cm<\/li>\n<li>Nasza modelka ma na sobie<b> rozmiar S<\/b><\/li>\n<\/ul>\n","protected":false},"excerpt":{"rendered":"<p>Str\u00f3j <strong>Rubio<\/strong> w kolorze z\u0142otym.<strong><br \/>\n<\/strong><\/p>\n<p>Wi\u0119kszo\u015b\u0107 kostium\u00f3w szyjemy na zam\u00f3wienie. Czas oczekiwania w zale\u017cno\u015bci od tkaniny od 2-10 dni roboczych. W przypadku produkt\u00f3w, kt\u00f3re s\u0105 na stanie, wysy\u0142ka do <strong>48h<\/strong>.<\/p>\n","protected":false},"featured_media":5709,"template":"","meta":[],"product_brand":[],"product_cat":[63,49,50],"product_tag":[53,251],"class_list":{"0":"post-5683","1":"product","2":"type-product","3":"status-publish","4":"has-post-thumbnail","6":"product_cat-sale","7":"product_cat-pole-dance-exotic","8":"product_cat-komplety","9":"product_tag-pole-dance","10":"product_tag-rubio","11":"pa_produkt-stroje-pd","12":"pa_rozmiar-dol-x-small","13":"pa_rozmiar-dol-small","14":"pa_rozmiar-dol-medium","15":"pa_rozmiar-dol-large","16":"pa_rozmiar-dol-x-large","17":"pa_rozmiar-gora-x-small","18":"pa_rozmiar-gora-small","19":"pa_rozmiar-gora-medium","20":"pa_rozmiar-gora-large","21":"pa_rozmiar-gora-x-large","23":"first","24":"onbackorder","25":"sale","26":"shipping-taxable","27":"purchasable","28":"product-type-variable","29":"has-default-attributes"},"_links":{"self":[{"href":"https:\/\/www.makuku.pl\/shop\/index.php?rest_route=\/wp\/v2\/product\/5683","targetHints":{"allow":["GET"]}}],"collection":[{"href":"https:\/\/www.makuku.pl\/shop\/index.php?rest_route=\/wp\/v2\/product"}],"about":[{"href":"https:\/\/www.makuku.pl\/shop\/index.php?rest_route=\/wp\/v2\/types\/product"}],"wp:featuredmedia":[{"embeddable":true,"href":"https:\/\/www.makuku.pl\/shop\/index.php?rest_route=\/wp\/v2\/media\/5709"}],"wp:attachment":[{"href":"https:\/\/www.makuku.pl\/shop\/index.php?rest_route=%2Fwp%2Fv2%2Fmedia&parent=5683"}],"wp:term":[{"taxonomy":"product_brand","embeddable":true,"href":"https:\/\/www.makuku.pl\/shop\/index.php?rest_route=%2Fwp%2Fv2%2Fproduct_brand&post=5683"},{"taxonomy":"product_cat","embeddable":true,"href":"https:\/\/www.makuku.pl\/shop\/index.php?rest_route=%2Fwp%2Fv2%2Fproduct_cat&post=5683"},{"taxonomy":"product_tag","embeddable":true,"href":"https:\/\/www.makuku.pl\/shop\/index.php?rest_route=%2Fwp%2Fv2%2Fproduct_tag&post=5683"}],"curies":[{"name":"wp","href":"https:\/\/api.w.org\/{rel}","templated":true}]}}