{"id":5529,"date":"2023-03-07T23:05:04","date_gmt":"2023-03-07T22:05:04","guid":{"rendered":"https:\/\/www.makuku.pl\/shop\/?post_type=product&#038;p=5529"},"modified":"2024-05-25T15:06:09","modified_gmt":"2024-05-25T14:06:09","slug":"welurowe-body-your-choice-green","status":"publish","type":"product","link":"https:\/\/www.makuku.pl\/shop\/?product=welurowe-body-your-choice-green","title":{"rendered":"Welurowe Body Your Choice Green"},"content":{"rendered":"<p><strong>NOWA KOLEKCJA!<\/strong><\/p>\n<p>Body <strong>Your Choice<\/strong> w kolorze butelkowej zieleni zaprojektowane zosta\u0142y z my\u015bl\u0105 o kobietach, kt\u00f3re ceni\u0105 sobie wygod\u0119 oraz szeroko poj\u0119t\u0105 zmys\u0142owo\u015b\u0107. Zabudowany (z nisk\u0105 st\u00f3jk\u0105) i dopasowany fason znakomicie podkre\u015bli atuty kobiecej sylwetki. W po\u0142\u0105czeniu z eleganckimi spodniami i szpilkami stworz\u0105 bardzo sensualn\u0105 stylizacj\u0119. Sprawdz\u0105 si\u0119 r\u00f3wnie\u017c do wygodnych d\u017cins\u00f3w. Zapi\u0119cie na zatrzaski zapewni swobod\u0119 ruchu oraz komfort. Efektowna tkanina oraz pi\u0119kny kolor sprawi\u0105, \u017ce b\u0119dziesz czu\u0142a si\u0119 wyj\u0105tkowo.<\/p>\n<p><strong> <br class=\"avia-permanent-lb\" \/>Wymiary modelki:<\/strong><\/p>\n<ul>\n<li>Wzrost: 167 cm<\/li>\n<li>Szeroko\u015b\u0107 w biu\u015bcie: 82 cm<\/li>\n<li>Szeroko\u015b\u0107 pod biustem: 75 cm<\/li>\n<li>Szeroko\u015b\u0107 w talii: 70 cm<\/li>\n<li>Szeroko\u015b\u0107 w biodrach: 88 cm<\/li>\n<li>Nasza modelka ma na sobie<b> rozmiar S<\/b><\/li>\n<\/ul>\n","protected":false},"excerpt":{"rendered":"<p>Body <strong>Your Choice<\/strong> w kolorze butelkowej zieleni.<\/p>\n<p>Wi\u0119kszo\u015b\u0107 produkt\u00f3w szyjemy na zam\u00f3wienie. Czas oczekiwania w zale\u017cno\u015bci od tkaniny od 2-10 dni roboczych. W przypadku produkt\u00f3w, kt\u00f3re s\u0105 na stanie, wysy\u0142ka do <strong>48h<\/strong>.<\/p>\n","protected":false},"featured_media":5551,"template":"","meta":[],"product_brand":[],"product_cat":[132],"product_tag":[249,250,53],"class_list":{"0":"post-5529","1":"product","2":"type-product","3":"status-publish","4":"has-post-thumbnail","6":"product_cat-body","7":"product_tag-body","8":"product_tag-my-choice","9":"product_tag-pole-dance","10":"pa_produkt-body","11":"pa_rozmiar-small","12":"pa_rozmiar-medium","13":"pa_rozmiar-large","14":"pa_rozmiar-x-large","16":"first","17":"onbackorder","18":"shipping-taxable","19":"purchasable","20":"product-type-variable","21":"has-default-attributes"},"_links":{"self":[{"href":"https:\/\/www.makuku.pl\/shop\/index.php?rest_route=\/wp\/v2\/product\/5529","targetHints":{"allow":["GET"]}}],"collection":[{"href":"https:\/\/www.makuku.pl\/shop\/index.php?rest_route=\/wp\/v2\/product"}],"about":[{"href":"https:\/\/www.makuku.pl\/shop\/index.php?rest_route=\/wp\/v2\/types\/product"}],"wp:featuredmedia":[{"embeddable":true,"href":"https:\/\/www.makuku.pl\/shop\/index.php?rest_route=\/wp\/v2\/media\/5551"}],"wp:attachment":[{"href":"https:\/\/www.makuku.pl\/shop\/index.php?rest_route=%2Fwp%2Fv2%2Fmedia&parent=5529"}],"wp:term":[{"taxonomy":"product_brand","embeddable":true,"href":"https:\/\/www.makuku.pl\/shop\/index.php?rest_route=%2Fwp%2Fv2%2Fproduct_brand&post=5529"},{"taxonomy":"product_cat","embeddable":true,"href":"https:\/\/www.makuku.pl\/shop\/index.php?rest_route=%2Fwp%2Fv2%2Fproduct_cat&post=5529"},{"taxonomy":"product_tag","embeddable":true,"href":"https:\/\/www.makuku.pl\/shop\/index.php?rest_route=%2Fwp%2Fv2%2Fproduct_tag&post=5529"}],"curies":[{"name":"wp","href":"https:\/\/api.w.org\/{rel}","templated":true}]}}