{"id":5484,"date":"2023-03-07T22:16:01","date_gmt":"2023-03-07T21:16:01","guid":{"rendered":"https:\/\/www.makuku.pl\/shop\/?post_type=product&#038;p=5484"},"modified":"2025-01-05T23:47:27","modified_gmt":"2025-01-05T22:47:27","slug":"komplet-my-way-green","status":"publish","type":"product","link":"https:\/\/www.makuku.pl\/shop\/?product=komplet-my-way-green","title":{"rendered":"Komplet My Way Green"},"content":{"rendered":"<p><strong>NOWA KOLEKCJA!<\/strong><\/p>\n<p>Str\u00f3j <strong>My Way<\/strong> w kolorze ciemno-zielonym. Uszyty jest z mocno elastycznej, matowej i bardzo wygodnej tkaniny. Top na cienkich rami\u0105czkach z miejscem na wk\u0142adki. Szorty z wy\u017cszym stanem typu brazyliany eksponuj\u0105ce oraz podkre\u015blaj\u0105ce po\u015bladki. Dodatkowo zdobione s\u0105 paseczkami na udach oraz marszczeniem na pupie. Ca\u0142o\u015b\u0107 prezentuje si\u0119 bardzo efektownie, a g\u0142\u0119boka ziele\u0144 dodaje uroku. Komplet pi\u0119knie prezentuje si\u0119 na \u017cywo.<\/p>\n<p><strong> <br class=\"avia-permanent-lb\" \/>Wymiary modelki:<\/strong><\/p>\n<ul>\n<li>Wzrost: 167 cm<\/li>\n<li>Szeroko\u015b\u0107 w biu\u015bcie: 82 cm<\/li>\n<li>Szeroko\u015b\u0107 pod biustem: 75 cm<\/li>\n<li>Szeroko\u015b\u0107 w talii: 70 cm<\/li>\n<li>Szeroko\u015b\u0107 w biodrach: 88 cm<\/li>\n<li>Nasza modelka ma na sobie<b> rozmiar S<\/b><\/li>\n<\/ul>\n","protected":false},"excerpt":{"rendered":"<p>Komplet<strong> My Way <\/strong>w kolorze ciemno-zielonym.<\/p>\n<p>Wi\u0119kszo\u015b\u0107 kostium\u00f3w szyjemy na zam\u00f3wienie. Czas oczekiwania w zale\u017cno\u015bci od tkaniny od 2-10 dni roboczych. W przypadku produkt\u00f3w, kt\u00f3re s\u0105 na stanie, wysy\u0142ka do <strong>48h<\/strong>.<\/p>\n","protected":false},"featured_media":5505,"template":"","meta":[],"product_brand":[],"product_cat":[49,50],"product_tag":[248,53],"class_list":{"0":"post-5484","1":"product","2":"type-product","3":"status-publish","4":"has-post-thumbnail","6":"product_cat-pole-dance-exotic","7":"product_cat-komplety","8":"product_tag-my-way","9":"product_tag-pole-dance","10":"pa_produkt-stroje-pd","11":"pa_rozmiar-dol-x-small","12":"pa_rozmiar-dol-small","13":"pa_rozmiar-dol-medium","14":"pa_rozmiar-dol-large","15":"pa_rozmiar-gora-x-small","16":"pa_rozmiar-gora-small","17":"pa_rozmiar-gora-medium","18":"pa_rozmiar-gora-large","20":"first","21":"onbackorder","22":"shipping-taxable","23":"purchasable","24":"product-type-variable","25":"has-default-attributes"},"_links":{"self":[{"href":"https:\/\/www.makuku.pl\/shop\/index.php?rest_route=\/wp\/v2\/product\/5484","targetHints":{"allow":["GET"]}}],"collection":[{"href":"https:\/\/www.makuku.pl\/shop\/index.php?rest_route=\/wp\/v2\/product"}],"about":[{"href":"https:\/\/www.makuku.pl\/shop\/index.php?rest_route=\/wp\/v2\/types\/product"}],"wp:featuredmedia":[{"embeddable":true,"href":"https:\/\/www.makuku.pl\/shop\/index.php?rest_route=\/wp\/v2\/media\/5505"}],"wp:attachment":[{"href":"https:\/\/www.makuku.pl\/shop\/index.php?rest_route=%2Fwp%2Fv2%2Fmedia&parent=5484"}],"wp:term":[{"taxonomy":"product_brand","embeddable":true,"href":"https:\/\/www.makuku.pl\/shop\/index.php?rest_route=%2Fwp%2Fv2%2Fproduct_brand&post=5484"},{"taxonomy":"product_cat","embeddable":true,"href":"https:\/\/www.makuku.pl\/shop\/index.php?rest_route=%2Fwp%2Fv2%2Fproduct_cat&post=5484"},{"taxonomy":"product_tag","embeddable":true,"href":"https:\/\/www.makuku.pl\/shop\/index.php?rest_route=%2Fwp%2Fv2%2Fproduct_tag&post=5484"}],"curies":[{"name":"wp","href":"https:\/\/api.w.org\/{rel}","templated":true}]}}