{"id":5464,"date":"2023-03-07T22:01:29","date_gmt":"2023-03-07T21:01:29","guid":{"rendered":"https:\/\/www.makuku.pl\/shop\/?post_type=product&#038;p=5464"},"modified":"2025-02-25T10:43:30","modified_gmt":"2025-02-25T09:43:30","slug":"komplet-sonique-green","status":"publish","type":"product","link":"https:\/\/www.makuku.pl\/shop\/?product=komplet-sonique-green","title":{"rendered":"Komplet Sonique Green"},"content":{"rendered":"<p><strong>NOWA KOLEKCJA!<\/strong><\/p>\n<p>Str\u00f3j <strong>Sonique<\/strong> w kolorze zielonym. Uszyty jest z mocno elastycznej, matowej i bardzo wygodnej tkaniny. Top na prostych rami\u0105czkach z miejscem na wk\u0142adki. Szorty z wy\u017cszym stanem zdobione paseczkami na udach i paseczkiem z boku, dodatkowo s\u0105 marszczone na pupie. Ca\u0142o\u015b\u0107 prezentuje si\u0119 bardzo efektownie. Energetyczny kolor dodaje uroku. We wszystkich paseczkach wszyte s\u0105 gumki. Komplet b\u0119dzie \u015bwietnym wyborem dla ka\u017cdej kobiety chc\u0105cej si\u0119 wyr\u00f3\u017cni\u0107. Doskonale le\u017cy, a jeszcze lepiej prezentuje si\u0119 na \u017cywo.<\/p>\n<p>ZMIANA: na zdj\u0119ciu w szortach wszyte s\u0105 na udach 2 gumki, obecnie szorty posiadaj\u0105 jedn\u0105 gumk\u0119.<\/p>\n<p><strong> <br class=\"avia-permanent-lb\" \/>Wymiary modelki:<\/strong><\/p>\n<ul>\n<li>Wzrost: 167 cm<\/li>\n<li>Szeroko\u015b\u0107 w biu\u015bcie: 82 cm<\/li>\n<li>Szeroko\u015b\u0107 pod biustem: 75 cm<\/li>\n<li>Szeroko\u015b\u0107 w talii: 70 cm<\/li>\n<li>Szeroko\u015b\u0107 w biodrach: 88 cm<\/li>\n<li>Nasza modelka ma na sobie<b> rozmiar S<\/b><\/li>\n<\/ul>\n","protected":false},"excerpt":{"rendered":"<p>Komplet<strong> Sonique <\/strong>w kolorze zielonym.<\/p>\n<p>Wi\u0119kszo\u015b\u0107 kostium\u00f3w szyjemy na zam\u00f3wienie. Czas oczekiwania w zale\u017cno\u015bci od tkaniny od 2-10 dni roboczych. W przypadku produkt\u00f3w, kt\u00f3re s\u0105 na stanie, wysy\u0142ka do <strong>48h<\/strong>.<\/p>\n","protected":false},"featured_media":5481,"template":"","meta":[],"product_brand":[],"product_cat":[49,50],"product_tag":[53,247],"class_list":{"0":"post-5464","1":"product","2":"type-product","3":"status-publish","4":"has-post-thumbnail","6":"product_cat-pole-dance-exotic","7":"product_cat-komplety","8":"product_tag-pole-dance","9":"product_tag-sonique","10":"pa_produkt-stroje-pd","11":"pa_rozmiar-dol-x-small","12":"pa_rozmiar-dol-small","13":"pa_rozmiar-dol-medium","14":"pa_rozmiar-dol-large","15":"pa_rozmiar-gora-x-small","16":"pa_rozmiar-gora-small","17":"pa_rozmiar-gora-medium","18":"pa_rozmiar-gora-large","20":"first","21":"onbackorder","22":"shipping-taxable","23":"purchasable","24":"product-type-variable","25":"has-default-attributes"},"_links":{"self":[{"href":"https:\/\/www.makuku.pl\/shop\/index.php?rest_route=\/wp\/v2\/product\/5464","targetHints":{"allow":["GET"]}}],"collection":[{"href":"https:\/\/www.makuku.pl\/shop\/index.php?rest_route=\/wp\/v2\/product"}],"about":[{"href":"https:\/\/www.makuku.pl\/shop\/index.php?rest_route=\/wp\/v2\/types\/product"}],"wp:featuredmedia":[{"embeddable":true,"href":"https:\/\/www.makuku.pl\/shop\/index.php?rest_route=\/wp\/v2\/media\/5481"}],"wp:attachment":[{"href":"https:\/\/www.makuku.pl\/shop\/index.php?rest_route=%2Fwp%2Fv2%2Fmedia&parent=5464"}],"wp:term":[{"taxonomy":"product_brand","embeddable":true,"href":"https:\/\/www.makuku.pl\/shop\/index.php?rest_route=%2Fwp%2Fv2%2Fproduct_brand&post=5464"},{"taxonomy":"product_cat","embeddable":true,"href":"https:\/\/www.makuku.pl\/shop\/index.php?rest_route=%2Fwp%2Fv2%2Fproduct_cat&post=5464"},{"taxonomy":"product_tag","embeddable":true,"href":"https:\/\/www.makuku.pl\/shop\/index.php?rest_route=%2Fwp%2Fv2%2Fproduct_tag&post=5464"}],"curies":[{"name":"wp","href":"https:\/\/api.w.org\/{rel}","templated":true}]}}