{"id":5275,"date":"2023-01-23T00:03:30","date_gmt":"2023-01-22T23:03:30","guid":{"rendered":"https:\/\/www.makuku.pl\/shop\/?post_type=product&#038;p=5275"},"modified":"2025-01-06T00:04:56","modified_gmt":"2025-01-05T23:04:56","slug":"szorty-mirror-pink","status":"publish","type":"product","link":"https:\/\/www.makuku.pl\/shop\/?product=szorty-mirror-pink","title":{"rendered":"Szorty Mirror Pink"},"content":{"rendered":"<p>Szorty <strong>Mirror<\/strong> w kolorze pudrowego r\u00f3\u017cu. Uszyte z wygodnego i elastycznego weluru. Kolor delikatnie si\u0119 mieni. Szorty mocniej wyci\u0119te na pupie. Stan wysoki, s\u0105 bezszwowe w pasie. Z boku posiadaj\u0105 ozdobne wi\u0105zania, marszczone na pupie. Idealne dla kobiet, kt\u00f3re chc\u0105 zas\u0142oni\u0107 brzuch, a wyeksponowa\u0107 pup\u0119.<\/p>\n<p>&nbsp;<\/p>\n<p><strong>Sk\u0142ad:<\/strong> 95% poliester, 5% elastan. <strong>Gramatura:<\/strong> 280g.<\/p>\n<p><strong> <br class=\"avia-permanent-lb\" \/>Wymiary modelki:<\/strong><\/p>\n<ul>\n<li>Wzrost: 167 cm<\/li>\n<li>Szeroko\u015b\u0107 w biu\u015bcie: 82 cm<\/li>\n<li>Szeroko\u015b\u0107 pod biustem: 75 cm<\/li>\n<li>Szeroko\u015b\u0107 w talii: 70 cm<\/li>\n<li>Szeroko\u015b\u0107 w biodrach: 88 cm<\/li>\n<li>Nasza modelka ma na sobie<b> rozmiar S<\/b><\/li>\n<\/ul>\n","protected":false},"excerpt":{"rendered":"<p>Szorty <strong>Mirror<\/strong> w kolorze pudrowego r\u00f3\u017cu.<\/p>\n<p>Wi\u0119kszo\u015b\u0107 kostium\u00f3w szyjemy na indywidualne zam\u00f3wienie. Czas oczekiwania w zale\u017cno\u015bci od tkaniny od 2-10 dni roboczych. W przypadku produkt\u00f3w, kt\u00f3re s\u0105 na stanie, wysy\u0142ka do <strong>48h<\/strong>.<\/p>\n","protected":false},"featured_media":5616,"template":"","meta":[],"product_brand":[],"product_cat":[49,74],"product_tag":[245,53,159],"class_list":{"0":"post-5275","1":"product","2":"type-product","3":"status-publish","4":"has-post-thumbnail","6":"product_cat-pole-dance-exotic","7":"product_cat-szorty","8":"product_tag-mirror","9":"product_tag-pole-dance","10":"product_tag-szorty","11":"pa_produkt-szorty","12":"pa_rozmiar-x-small","13":"pa_rozmiar-small","14":"pa_rozmiar-medium","15":"pa_rozmiar-large","17":"first","18":"onbackorder","19":"shipping-taxable","20":"purchasable","21":"product-type-variable","22":"has-default-attributes"},"_links":{"self":[{"href":"https:\/\/www.makuku.pl\/shop\/index.php?rest_route=\/wp\/v2\/product\/5275","targetHints":{"allow":["GET"]}}],"collection":[{"href":"https:\/\/www.makuku.pl\/shop\/index.php?rest_route=\/wp\/v2\/product"}],"about":[{"href":"https:\/\/www.makuku.pl\/shop\/index.php?rest_route=\/wp\/v2\/types\/product"}],"wp:featuredmedia":[{"embeddable":true,"href":"https:\/\/www.makuku.pl\/shop\/index.php?rest_route=\/wp\/v2\/media\/5616"}],"wp:attachment":[{"href":"https:\/\/www.makuku.pl\/shop\/index.php?rest_route=%2Fwp%2Fv2%2Fmedia&parent=5275"}],"wp:term":[{"taxonomy":"product_brand","embeddable":true,"href":"https:\/\/www.makuku.pl\/shop\/index.php?rest_route=%2Fwp%2Fv2%2Fproduct_brand&post=5275"},{"taxonomy":"product_cat","embeddable":true,"href":"https:\/\/www.makuku.pl\/shop\/index.php?rest_route=%2Fwp%2Fv2%2Fproduct_cat&post=5275"},{"taxonomy":"product_tag","embeddable":true,"href":"https:\/\/www.makuku.pl\/shop\/index.php?rest_route=%2Fwp%2Fv2%2Fproduct_tag&post=5275"}],"curies":[{"name":"wp","href":"https:\/\/api.w.org\/{rel}","templated":true}]}}