{"id":5208,"date":"2023-01-22T15:51:06","date_gmt":"2023-01-22T14:51:06","guid":{"rendered":"https:\/\/www.makuku.pl\/shop\/?post_type=product&#038;p=5208"},"modified":"2025-01-06T15:14:44","modified_gmt":"2025-01-06T14:14:44","slug":"komplet-mirror-pink","status":"publish","type":"product","link":"https:\/\/www.makuku.pl\/shop\/?product=komplet-mirror-pink","title":{"rendered":"Komplet Mirror Pink"},"content":{"rendered":"<p>Str\u00f3j do Pole Dance <strong>Mirror<\/strong> w kolorze r\u00f3\u017cowym-pudrowym. Uszyty jest z wygodnego i elastycznego weluru. Top z ozdobnymi paseczkami pod biustem, posiada miejsce na wk\u0142adki. Szorty mocno wyci\u0119te na pupie z wysokim stanem, bezszwowe w pasie, z ozdobnymi wi\u0105zaniami po bokach, marszczone na pupie. Idealne dla kobiet chc\u0105cych zakry\u0107 brzuch.<\/p>\n<p><strong>Sk\u0142ad:<\/strong> 95% poliester, 5% elastan. <strong>Gramatura:<\/strong> 280g.<\/p>\n<p><strong> <br class=\"avia-permanent-lb\" \/>Wymiary modelki:<\/strong><\/p>\n<ul>\n<li>Wzrost: 167 cm<\/li>\n<li>Szeroko\u015b\u0107 w biu\u015bcie: 82 cm<\/li>\n<li>Szeroko\u015b\u0107 pod biustem: 75 cm<\/li>\n<li>Szeroko\u015b\u0107 w talii: 70 cm<\/li>\n<li>Szeroko\u015b\u0107 w biodrach: 88 cm<\/li>\n<li>Nasza modelka ma na sobie<b> rozmiar S<\/b><\/li>\n<\/ul>\n","protected":false},"excerpt":{"rendered":"<p>Str\u00f3j do Pole Dance <strong>Mirror<\/strong> w kolorze r\u00f3\u017cowym-pudrowym.<strong><br \/>\n<\/strong><\/p>\n<p>Wi\u0119kszo\u015b\u0107 kostium\u00f3w szyjemy na zam\u00f3wienie. Czas oczekiwania w zale\u017cno\u015bci od tkaniny od 2-10 dni roboczych. W przypadku produkt\u00f3w, kt\u00f3re s\u0105 na stanie, wysy\u0142ka do <strong>48h<\/strong>.<\/p>\n","protected":false},"featured_media":5507,"template":"","meta":[],"product_brand":[],"product_cat":[49,50],"product_tag":[274,245,53],"class_list":{"0":"post-5208","1":"product","2":"type-product","3":"status-publish","4":"has-post-thumbnail","6":"product_cat-pole-dance-exotic","7":"product_cat-komplety","8":"product_tag-komplet","9":"product_tag-mirror","10":"product_tag-pole-dance","11":"pa_produkt-stroje-pd","12":"pa_rozmiar-dol-x-small","13":"pa_rozmiar-dol-small","14":"pa_rozmiar-dol-medium","15":"pa_rozmiar-dol-large","16":"pa_rozmiar-gora-x-small","17":"pa_rozmiar-gora-small","18":"pa_rozmiar-gora-medium","19":"pa_rozmiar-gora-large","21":"first","22":"onbackorder","23":"shipping-taxable","24":"purchasable","25":"product-type-variable","26":"has-default-attributes"},"_links":{"self":[{"href":"https:\/\/www.makuku.pl\/shop\/index.php?rest_route=\/wp\/v2\/product\/5208","targetHints":{"allow":["GET"]}}],"collection":[{"href":"https:\/\/www.makuku.pl\/shop\/index.php?rest_route=\/wp\/v2\/product"}],"about":[{"href":"https:\/\/www.makuku.pl\/shop\/index.php?rest_route=\/wp\/v2\/types\/product"}],"wp:featuredmedia":[{"embeddable":true,"href":"https:\/\/www.makuku.pl\/shop\/index.php?rest_route=\/wp\/v2\/media\/5507"}],"wp:attachment":[{"href":"https:\/\/www.makuku.pl\/shop\/index.php?rest_route=%2Fwp%2Fv2%2Fmedia&parent=5208"}],"wp:term":[{"taxonomy":"product_brand","embeddable":true,"href":"https:\/\/www.makuku.pl\/shop\/index.php?rest_route=%2Fwp%2Fv2%2Fproduct_brand&post=5208"},{"taxonomy":"product_cat","embeddable":true,"href":"https:\/\/www.makuku.pl\/shop\/index.php?rest_route=%2Fwp%2Fv2%2Fproduct_cat&post=5208"},{"taxonomy":"product_tag","embeddable":true,"href":"https:\/\/www.makuku.pl\/shop\/index.php?rest_route=%2Fwp%2Fv2%2Fproduct_tag&post=5208"}],"curies":[{"name":"wp","href":"https:\/\/api.w.org\/{rel}","templated":true}]}}