{"id":5048,"date":"2023-01-21T12:35:36","date_gmt":"2023-01-21T11:35:36","guid":{"rendered":"https:\/\/www.makuku.pl\/shop\/?post_type=product&#038;p=5048"},"modified":"2023-07-19T09:36:02","modified_gmt":"2023-07-19T08:36:02","slug":"komplet-negroni-green","status":"publish","type":"product","link":"https:\/\/www.makuku.pl\/shop\/?product=komplet-negroni-green","title":{"rendered":"Komplet Negroni Green"},"content":{"rendered":"<p>Str\u00f3j do Pole Dance <strong>Negroni<\/strong> w kolorze szmaragdowym. Komplet uszyty z bardzo elastycznej, lekko po\u0142yskliwej\u00a0 i wygodnej tkaniny. Top z dwoma paseczkami na plecach z g\u0142\u0119bokim dekoltem, posiada miejsce na wk\u0142adki. Szorty typu brazyliany, mocno wyci\u0119te na pupie, posiadaj\u0105 marszczenie.<\/p>\n<p><strong> <br class=\"avia-permanent-lb\" \/>Wymiary modelki:<\/strong><\/p>\n<ul>\n<li>Wzrost: 167 cm<\/li>\n<li>Szeroko\u015b\u0107 w biu\u015bcie: 82 cm<\/li>\n<li>Szeroko\u015b\u0107 pod biustem: 75 cm<\/li>\n<li>Szeroko\u015b\u0107 w talii: 70 cm<\/li>\n<li>Szeroko\u015b\u0107 w biodrach: 88 cm<\/li>\n<li>Nasza modelka ma na sobie<b> rozmiar S<\/b><\/li>\n<\/ul>\n","protected":false},"excerpt":{"rendered":"<p>Str\u00f3j do Pole Dance <strong>Negroni<\/strong> w kolorze szmaragdowym.<strong><br \/>\n<\/strong><\/p>\n<p>Wi\u0119kszo\u015b\u0107 kostium\u00f3w szyjemy na zam\u00f3wienie. Czas oczekiwania w zale\u017cno\u015bci od tkaniny od 2-10 dni roboczych. W przypadku produkt\u00f3w, kt\u00f3re s\u0105 na stanie, wysy\u0142ka do <strong>48h<\/strong>.<\/p>\n","protected":false},"featured_media":5067,"template":"","meta":[],"product_brand":[],"product_cat":[49,50],"product_tag":[236,53],"class_list":{"0":"post-5048","1":"product","2":"type-product","3":"status-publish","4":"has-post-thumbnail","6":"product_cat-pole-dance-exotic","7":"product_cat-komplety","8":"product_tag-negroni","9":"product_tag-pole-dance","10":"pa_produkt-stroje-pd","11":"pa_rozmiar-dol-x-small","12":"pa_rozmiar-dol-small","13":"pa_rozmiar-dol-medium","14":"pa_rozmiar-dol-large","15":"pa_rozmiar-gora-x-small","16":"pa_rozmiar-gora-small","17":"pa_rozmiar-gora-medium","18":"pa_rozmiar-gora-large","20":"first","21":"onbackorder","22":"shipping-taxable","23":"purchasable","24":"product-type-variable","25":"has-default-attributes"},"_links":{"self":[{"href":"https:\/\/www.makuku.pl\/shop\/index.php?rest_route=\/wp\/v2\/product\/5048","targetHints":{"allow":["GET"]}}],"collection":[{"href":"https:\/\/www.makuku.pl\/shop\/index.php?rest_route=\/wp\/v2\/product"}],"about":[{"href":"https:\/\/www.makuku.pl\/shop\/index.php?rest_route=\/wp\/v2\/types\/product"}],"wp:featuredmedia":[{"embeddable":true,"href":"https:\/\/www.makuku.pl\/shop\/index.php?rest_route=\/wp\/v2\/media\/5067"}],"wp:attachment":[{"href":"https:\/\/www.makuku.pl\/shop\/index.php?rest_route=%2Fwp%2Fv2%2Fmedia&parent=5048"}],"wp:term":[{"taxonomy":"product_brand","embeddable":true,"href":"https:\/\/www.makuku.pl\/shop\/index.php?rest_route=%2Fwp%2Fv2%2Fproduct_brand&post=5048"},{"taxonomy":"product_cat","embeddable":true,"href":"https:\/\/www.makuku.pl\/shop\/index.php?rest_route=%2Fwp%2Fv2%2Fproduct_cat&post=5048"},{"taxonomy":"product_tag","embeddable":true,"href":"https:\/\/www.makuku.pl\/shop\/index.php?rest_route=%2Fwp%2Fv2%2Fproduct_tag&post=5048"}],"curies":[{"name":"wp","href":"https:\/\/api.w.org\/{rel}","templated":true}]}}