{"id":4934,"date":"2023-01-18T23:34:31","date_gmt":"2023-01-18T22:34:31","guid":{"rendered":"https:\/\/www.makuku.pl\/shop\/?post_type=product&#038;p=4934"},"modified":"2023-06-30T20:42:07","modified_gmt":"2023-06-30T19:42:07","slug":"wkladki-do-topu","status":"publish","type":"product","link":"https:\/\/www.makuku.pl\/shop\/?product=wkladki-do-topu","title":{"rendered":"Wk\u0142adki do topu"},"content":{"rendered":"<p>Wk\u0142adki do topu w rozmiarze uniwersalnym. Cena za par\u0119 wk\u0142adek.<\/p>\n","protected":false},"excerpt":{"rendered":"<p>Wk\u0142adki do topu w rozmiarze uniwersalnym. Cena za par\u0119 wk\u0142adek.<strong><br \/>\n<\/strong><\/p>\n<p>Wi\u0119kszo\u015b\u0107 kostium\u00f3w szyjemy na indywidualne zam\u00f3wienie. Czas oczekiwania w zale\u017cno\u015bci od tkaniny od 2-10 dni roboczych. W przypadku produkt\u00f3w, kt\u00f3re s\u0105 na stanie, wysy\u0142ka do <strong>48h<\/strong>.<\/p>\n","protected":false},"featured_media":4940,"template":"","meta":[],"product_brand":[],"product_cat":[238,49,75],"product_tag":[212,239],"class_list":{"0":"post-4934","1":"product","2":"type-product","3":"status-publish","4":"has-post-thumbnail","6":"product_cat-wkladki-do-topu","7":"product_cat-pole-dance-exotic","8":"product_cat-topy","9":"product_tag-top","10":"product_tag-wkladki","11":"pa_produkt-wkladki-do-topu","12":"pa_rozmiar-uniwersalny","14":"first","15":"instock","16":"shipping-taxable","17":"purchasable","18":"product-type-variable","19":"has-default-attributes"},"_links":{"self":[{"href":"https:\/\/www.makuku.pl\/shop\/index.php?rest_route=\/wp\/v2\/product\/4934","targetHints":{"allow":["GET"]}}],"collection":[{"href":"https:\/\/www.makuku.pl\/shop\/index.php?rest_route=\/wp\/v2\/product"}],"about":[{"href":"https:\/\/www.makuku.pl\/shop\/index.php?rest_route=\/wp\/v2\/types\/product"}],"wp:featuredmedia":[{"embeddable":true,"href":"https:\/\/www.makuku.pl\/shop\/index.php?rest_route=\/wp\/v2\/media\/4940"}],"wp:attachment":[{"href":"https:\/\/www.makuku.pl\/shop\/index.php?rest_route=%2Fwp%2Fv2%2Fmedia&parent=4934"}],"wp:term":[{"taxonomy":"product_brand","embeddable":true,"href":"https:\/\/www.makuku.pl\/shop\/index.php?rest_route=%2Fwp%2Fv2%2Fproduct_brand&post=4934"},{"taxonomy":"product_cat","embeddable":true,"href":"https:\/\/www.makuku.pl\/shop\/index.php?rest_route=%2Fwp%2Fv2%2Fproduct_cat&post=4934"},{"taxonomy":"product_tag","embeddable":true,"href":"https:\/\/www.makuku.pl\/shop\/index.php?rest_route=%2Fwp%2Fv2%2Fproduct_tag&post=4934"}],"curies":[{"name":"wp","href":"https:\/\/api.w.org\/{rel}","templated":true}]}}