{"id":4865,"date":"2023-01-17T21:24:35","date_gmt":"2023-01-17T20:24:35","guid":{"rendered":"https:\/\/www.makuku.pl\/shop\/?post_type=product&#038;p=4865"},"modified":"2025-01-07T21:12:27","modified_gmt":"2025-01-07T20:12:27","slug":"top-alani-black","status":"publish","type":"product","link":"https:\/\/www.makuku.pl\/shop\/?product=top-alani-black","title":{"rendered":"Top Alani Black"},"content":{"rendered":"<p>Top do Pole Dance <strong>Alani<\/strong> w kolorze czarnym b\u0119dzie doskona\u0142ym wyborem dla ka\u017cdej kobiety chc\u0105cej si\u0119 wyr\u00f3\u017cni\u0107. Doskonale le\u017cy a jeszcze lepiej prezentuje si\u0119 na \u017cywo.<\/p>\n<p><strong> <br class=\"avia-permanent-lb\" \/>Wymiary modelki:<\/strong><\/p>\n<ul>\n<li>Wzrost: 167 cm<\/li>\n<li>Szeroko\u015b\u0107 w biu\u015bcie: 82 cm<\/li>\n<li>Szeroko\u015b\u0107 pod biustem: 75 cm<\/li>\n<li>Szeroko\u015b\u0107 w talii: 70 cm<\/li>\n<li>Szeroko\u015b\u0107 w biodrach: 88 cm<\/li>\n<li>Nasza modelka ma na sobie<b> rozmiar S<\/b><\/li>\n<\/ul>\n","protected":false},"excerpt":{"rendered":"<p>Top do Pole Dance <strong>Alani<\/strong> w kolorze czarnym.<strong><br \/>\n<\/strong><\/p>\n<p>Wi\u0119kszo\u015b\u0107 kostium\u00f3w szyjemy na indywidualne zam\u00f3wienie. Czas oczekiwania w zale\u017cno\u015bci od tkaniny od 2-10 dni roboczych. W przypadku produkt\u00f3w, kt\u00f3re s\u0105 na stanie, wysy\u0142ka do <strong>48h<\/strong>.<\/p>\n","protected":false},"featured_media":4870,"template":"","meta":[],"product_brand":[],"product_cat":[49,75],"product_tag":[209,53,212],"class_list":{"0":"post-4865","1":"product","2":"type-product","3":"status-publish","4":"has-post-thumbnail","6":"product_cat-pole-dance-exotic","7":"product_cat-topy","8":"product_tag-alani","9":"product_tag-pole-dance","10":"product_tag-top","11":"pa_produkt-topy","12":"pa_rozmiar-x-small","13":"pa_rozmiar-small","14":"pa_rozmiar-medium","15":"pa_rozmiar-large","17":"first","18":"onbackorder","19":"shipping-taxable","20":"purchasable","21":"product-type-variable","22":"has-default-attributes"},"_links":{"self":[{"href":"https:\/\/www.makuku.pl\/shop\/index.php?rest_route=\/wp\/v2\/product\/4865","targetHints":{"allow":["GET"]}}],"collection":[{"href":"https:\/\/www.makuku.pl\/shop\/index.php?rest_route=\/wp\/v2\/product"}],"about":[{"href":"https:\/\/www.makuku.pl\/shop\/index.php?rest_route=\/wp\/v2\/types\/product"}],"wp:featuredmedia":[{"embeddable":true,"href":"https:\/\/www.makuku.pl\/shop\/index.php?rest_route=\/wp\/v2\/media\/4870"}],"wp:attachment":[{"href":"https:\/\/www.makuku.pl\/shop\/index.php?rest_route=%2Fwp%2Fv2%2Fmedia&parent=4865"}],"wp:term":[{"taxonomy":"product_brand","embeddable":true,"href":"https:\/\/www.makuku.pl\/shop\/index.php?rest_route=%2Fwp%2Fv2%2Fproduct_brand&post=4865"},{"taxonomy":"product_cat","embeddable":true,"href":"https:\/\/www.makuku.pl\/shop\/index.php?rest_route=%2Fwp%2Fv2%2Fproduct_cat&post=4865"},{"taxonomy":"product_tag","embeddable":true,"href":"https:\/\/www.makuku.pl\/shop\/index.php?rest_route=%2Fwp%2Fv2%2Fproduct_tag&post=4865"}],"curies":[{"name":"wp","href":"https:\/\/api.w.org\/{rel}","templated":true}]}}