{"id":4800,"date":"2023-01-15T18:57:16","date_gmt":"2023-01-15T17:57:16","guid":{"rendered":"https:\/\/www.makuku.pl\/shop\/?post_type=product&#038;p=4800"},"modified":"2023-04-11T09:56:52","modified_gmt":"2023-04-11T08:56:52","slug":"komplet-lejdi-blue","status":"publish","type":"product","link":"https:\/\/www.makuku.pl\/shop\/?product=komplet-lejdi-blue","title":{"rendered":"Komplet Lejdi Blue"},"content":{"rendered":"<p>Str\u00f3j <strong>Lejdi <\/strong>w kolorze chabrowym. Uszyty jest z elastycznego i wygodnego weluru. Top na szerokich rami\u0105czkach z dekoltem w serek, posiada miejsce na wk\u0142adki. Szorty typu brazyliany z podwy\u017cszonym stanem i marszczeniem na pupie, dodatkowo posiadaj\u0105 paseczki na udach. Sprawdzi si\u0119 na ka\u017cdy rodzaj sylwetki.<\/p>\n<p><strong> <br class=\"avia-permanent-lb\" \/>Wymiary modelki:<\/strong><\/p>\n<ul>\n<li>Wzrost: 167 cm<\/li>\n<li>Szeroko\u015b\u0107 w biu\u015bcie: 82 cm<\/li>\n<li>Szeroko\u015b\u0107 pod biustem: 75 cm<\/li>\n<li>Szeroko\u015b\u0107 w talii: 70 cm<\/li>\n<li>Szeroko\u015b\u0107 w biodrach: 88 cm<\/li>\n<li>Nasza modelka ma na sobie<b> rozmiar XS<\/b><\/li>\n<\/ul>\n","protected":false},"excerpt":{"rendered":"<p>Str\u00f3j do Pole Dance <strong>Lejdi <\/strong>w kolorze chabrowym. Ostatnia sztuka.<\/p>\n<p>Wi\u0119kszo\u015b\u0107 kostium\u00f3w szyjemy na indywidualne zam\u00f3wienie. Czas oczekiwania w zale\u017cno\u015bci od tkaniny od 2-10 dni roboczych. W przypadku produkt\u00f3w, kt\u00f3re s\u0105 na stanie, wysy\u0142ka do <strong>48h<\/strong>.<\/p>\n","protected":false},"featured_media":4829,"template":"","meta":[],"product_brand":[],"product_cat":[63,49,50],"product_tag":[228,53],"class_list":{"0":"post-4800","1":"product","2":"type-product","3":"status-publish","4":"has-post-thumbnail","6":"product_cat-sale","7":"product_cat-pole-dance-exotic","8":"product_cat-komplety","9":"product_tag-lejdi","10":"product_tag-pole-dance","11":"pa_produkt-stroje-pd","12":"pa_rozmiar-dol-x-small","13":"pa_rozmiar-gora-x-small","15":"first","16":"outofstock","17":"sale","18":"shipping-taxable","19":"purchasable","20":"product-type-variable","21":"has-default-attributes"},"_links":{"self":[{"href":"https:\/\/www.makuku.pl\/shop\/index.php?rest_route=\/wp\/v2\/product\/4800","targetHints":{"allow":["GET"]}}],"collection":[{"href":"https:\/\/www.makuku.pl\/shop\/index.php?rest_route=\/wp\/v2\/product"}],"about":[{"href":"https:\/\/www.makuku.pl\/shop\/index.php?rest_route=\/wp\/v2\/types\/product"}],"wp:featuredmedia":[{"embeddable":true,"href":"https:\/\/www.makuku.pl\/shop\/index.php?rest_route=\/wp\/v2\/media\/4829"}],"wp:attachment":[{"href":"https:\/\/www.makuku.pl\/shop\/index.php?rest_route=%2Fwp%2Fv2%2Fmedia&parent=4800"}],"wp:term":[{"taxonomy":"product_brand","embeddable":true,"href":"https:\/\/www.makuku.pl\/shop\/index.php?rest_route=%2Fwp%2Fv2%2Fproduct_brand&post=4800"},{"taxonomy":"product_cat","embeddable":true,"href":"https:\/\/www.makuku.pl\/shop\/index.php?rest_route=%2Fwp%2Fv2%2Fproduct_cat&post=4800"},{"taxonomy":"product_tag","embeddable":true,"href":"https:\/\/www.makuku.pl\/shop\/index.php?rest_route=%2Fwp%2Fv2%2Fproduct_tag&post=4800"}],"curies":[{"name":"wp","href":"https:\/\/api.w.org\/{rel}","templated":true}]}}