{"id":4558,"date":"2023-01-15T00:25:29","date_gmt":"2023-01-14T23:25:29","guid":{"rendered":"https:\/\/www.makuku.pl\/shop\/?post_type=product&#038;p=4558"},"modified":"2025-01-06T14:44:36","modified_gmt":"2025-01-06T13:44:36","slug":"top-sporty-bordo","status":"publish","type":"product","link":"https:\/\/www.makuku.pl\/shop\/?product=top-sporty-bordo","title":{"rendered":"Top Sporty Neon Pink"},"content":{"rendered":"<p>Top <strong>Sporty<\/strong> w kolorze neonowego r\u00f3\u017cu. Uszyty jest z elastycznej i lekko po\u0142yskliwej tkaniny. Prz\u00f3d zabudowany, z ty\u0142u wyci\u0119cie w kszta\u0142cie litery V z ozdobnym paseczkiem. Posiada miejsce na wk\u0142adki.<\/p>\n<p>&nbsp;<\/p>\n<p><strong>Sk\u0142ad:<\/strong> 90% poliester, 10% lycra.<\/p>\n<p><strong> <br class=\"avia-permanent-lb\" \/>Wymiary modelki:<\/strong><\/p>\n<ul>\n<li>Wzrost: 167 cm<\/li>\n<li>Szeroko\u015b\u0107 w biu\u015bcie: 82 cm<\/li>\n<li>Szeroko\u015b\u0107 pod biustem: 75 cm<\/li>\n<li>Szeroko\u015b\u0107 w talii: 70 cm<\/li>\n<li>Szeroko\u015b\u0107 w biodrach: 88 cm<\/li>\n<li>Nasza modelka ma na sobie<b> rozmiar S<\/b><\/li>\n<\/ul>\n","protected":false},"excerpt":{"rendered":"<p>Top do Pole Dance <strong>Sporty<\/strong> w kolorze neonowego r\u00f3\u017cu.<strong><br \/>\n<\/strong><\/p>\n<p>Wi\u0119kszo\u015b\u0107 kostium\u00f3w szyjemy na indywidualne zam\u00f3wienie. Czas oczekiwania w zale\u017cno\u015bci od tkaniny od 2-10 dni roboczych. W przypadku produkt\u00f3w, kt\u00f3re s\u0105 na stanie, wysy\u0142ka do <strong>48h<\/strong>.<\/p>\n","protected":false},"featured_media":5622,"template":"","meta":[],"product_brand":[],"product_cat":[49,75],"product_tag":[53,223,212],"class_list":{"0":"post-4558","1":"product","2":"type-product","3":"status-publish","4":"has-post-thumbnail","6":"product_cat-pole-dance-exotic","7":"product_cat-topy","8":"product_tag-pole-dance","9":"product_tag-sporty","10":"product_tag-top","11":"pa_produkt-topy","12":"pa_rozmiar-x-small","13":"pa_rozmiar-small","14":"pa_rozmiar-medium","15":"pa_rozmiar-large","16":"pa_rozmiar-x-large","18":"first","19":"onbackorder","20":"shipping-taxable","21":"purchasable","22":"product-type-variable","23":"has-default-attributes"},"_links":{"self":[{"href":"https:\/\/www.makuku.pl\/shop\/index.php?rest_route=\/wp\/v2\/product\/4558","targetHints":{"allow":["GET"]}}],"collection":[{"href":"https:\/\/www.makuku.pl\/shop\/index.php?rest_route=\/wp\/v2\/product"}],"about":[{"href":"https:\/\/www.makuku.pl\/shop\/index.php?rest_route=\/wp\/v2\/types\/product"}],"wp:featuredmedia":[{"embeddable":true,"href":"https:\/\/www.makuku.pl\/shop\/index.php?rest_route=\/wp\/v2\/media\/5622"}],"wp:attachment":[{"href":"https:\/\/www.makuku.pl\/shop\/index.php?rest_route=%2Fwp%2Fv2%2Fmedia&parent=4558"}],"wp:term":[{"taxonomy":"product_brand","embeddable":true,"href":"https:\/\/www.makuku.pl\/shop\/index.php?rest_route=%2Fwp%2Fv2%2Fproduct_brand&post=4558"},{"taxonomy":"product_cat","embeddable":true,"href":"https:\/\/www.makuku.pl\/shop\/index.php?rest_route=%2Fwp%2Fv2%2Fproduct_cat&post=4558"},{"taxonomy":"product_tag","embeddable":true,"href":"https:\/\/www.makuku.pl\/shop\/index.php?rest_route=%2Fwp%2Fv2%2Fproduct_tag&post=4558"}],"curies":[{"name":"wp","href":"https:\/\/api.w.org\/{rel}","templated":true}]}}