{"id":4537,"date":"2023-01-15T00:11:12","date_gmt":"2023-01-14T23:11:12","guid":{"rendered":"https:\/\/www.makuku.pl\/shop\/?post_type=product&#038;p=4537"},"modified":"2023-07-24T21:07:05","modified_gmt":"2023-07-24T20:07:05","slug":"top-kolumbia-red","status":"publish","type":"product","link":"https:\/\/www.makuku.pl\/shop\/?product=top-kolumbia-red","title":{"rendered":"Top Kolumbia Red"},"content":{"rendered":"<p>Top do Pole Dance <strong>Kolumbia<\/strong> w kolorze czerwonym. Uszyty jest z mocno elastycznej i lekko po\u0142yskliwej tkaniny. Top na cienkich rami\u0105czkach z ozdobnym wyci\u0119ciem, posiada miejsce na wk\u0142adki. Zalecamy maksymalnie na miseczk\u0119 C. Bardzo kobiecy i efektowny fason.<\/p>\n<p>&nbsp;<\/p>\n<p><strong>Sk\u0142ad: <\/strong>90% poliester, 10% lycra.<\/p>\n<p><strong> <br class=\"avia-permanent-lb\" \/>Wymiary modelki:<\/strong><\/p>\n<ul>\n<li>Wzrost: 167 cm<\/li>\n<li>Szeroko\u015b\u0107 w biu\u015bcie: 82 cm<\/li>\n<li>Szeroko\u015b\u0107 pod biustem: 75 cm<\/li>\n<li>Szeroko\u015b\u0107 w talii: 70 cm<\/li>\n<li>Szeroko\u015b\u0107 w biodrach: 88 cm<\/li>\n<li>Nasza modelka ma na sobie<b> rozmiar S<\/b><\/li>\n<\/ul>\n","protected":false},"excerpt":{"rendered":"<p>Top do Pole Dance <strong>Kolumbia<\/strong> w kolorze czerwonym.<strong><br \/>\n<\/strong><\/p>\n<p>Wi\u0119kszo\u015b\u0107 kostium\u00f3w szyjemy na indywidualne zam\u00f3wienie. Czas oczekiwania w zale\u017cno\u015bci od tkaniny od 2-10 dni roboczych. W przypadku produkt\u00f3w, kt\u00f3re s\u0105 na stanie, wysy\u0142ka do <strong>48h<\/strong>.<\/p>\n","protected":false},"featured_media":4542,"template":"","meta":[],"product_brand":[],"product_cat":[49,75],"product_tag":[166,53,212],"class_list":{"0":"post-4537","1":"product","2":"type-product","3":"status-publish","4":"has-post-thumbnail","6":"product_cat-pole-dance-exotic","7":"product_cat-topy","8":"product_tag-kolumbia","9":"product_tag-pole-dance","10":"product_tag-top","11":"pa_produkt-topy","12":"pa_rozmiar-x-small","13":"pa_rozmiar-small","14":"pa_rozmiar-medium","15":"pa_rozmiar-large","17":"first","18":"onbackorder","19":"shipping-taxable","20":"purchasable","21":"product-type-variable","22":"has-default-attributes"},"_links":{"self":[{"href":"https:\/\/www.makuku.pl\/shop\/index.php?rest_route=\/wp\/v2\/product\/4537","targetHints":{"allow":["GET"]}}],"collection":[{"href":"https:\/\/www.makuku.pl\/shop\/index.php?rest_route=\/wp\/v2\/product"}],"about":[{"href":"https:\/\/www.makuku.pl\/shop\/index.php?rest_route=\/wp\/v2\/types\/product"}],"wp:featuredmedia":[{"embeddable":true,"href":"https:\/\/www.makuku.pl\/shop\/index.php?rest_route=\/wp\/v2\/media\/4542"}],"wp:attachment":[{"href":"https:\/\/www.makuku.pl\/shop\/index.php?rest_route=%2Fwp%2Fv2%2Fmedia&parent=4537"}],"wp:term":[{"taxonomy":"product_brand","embeddable":true,"href":"https:\/\/www.makuku.pl\/shop\/index.php?rest_route=%2Fwp%2Fv2%2Fproduct_brand&post=4537"},{"taxonomy":"product_cat","embeddable":true,"href":"https:\/\/www.makuku.pl\/shop\/index.php?rest_route=%2Fwp%2Fv2%2Fproduct_cat&post=4537"},{"taxonomy":"product_tag","embeddable":true,"href":"https:\/\/www.makuku.pl\/shop\/index.php?rest_route=%2Fwp%2Fv2%2Fproduct_tag&post=4537"}],"curies":[{"name":"wp","href":"https:\/\/api.w.org\/{rel}","templated":true}]}}