{"id":4525,"date":"2023-01-15T00:03:06","date_gmt":"2023-01-14T23:03:06","guid":{"rendered":"https:\/\/www.makuku.pl\/shop\/?post_type=product&#038;p=4525"},"modified":"2023-07-24T21:29:05","modified_gmt":"2023-07-24T20:29:05","slug":"szorty-velvet-stripes-black","status":"publish","type":"product","link":"https:\/\/www.makuku.pl\/shop\/?product=szorty-velvet-stripes-black","title":{"rendered":"Szorty Velvet Stripes Black"},"content":{"rendered":"<p>Czarne szorty\u00a0<strong>Velvet Stripes<\/strong> uszyte s\u0105 z elastycznej i bardzo wygodnej tkaniny welurowej. Stan lekko podwy\u017cszony. Dodatkowo posiadaj\u0105 paseczki na udach oraz marszczenie na pupie. Bardzo klasyczny i pasuj\u0105cy na ka\u017cd\u0105 sylwetk\u0119 fason.<\/p>\n<p>&nbsp;<\/p>\n<p><strong>Sk\u0142ad:<\/strong> 95% poliester, 5% elastan.<\/p>\n<p><strong> <br class=\"avia-permanent-lb\" \/>Wymiary modelki:<\/strong><\/p>\n<ul>\n<li>Wzrost: 167 cm<\/li>\n<li>Szeroko\u015b\u0107 w biu\u015bcie: 82 cm<\/li>\n<li>Szeroko\u015b\u0107 pod biustem: 75 cm<\/li>\n<li>Szeroko\u015b\u0107 w talii: 70 cm<\/li>\n<li>Szeroko\u015b\u0107 w biodrach: 88 cm<\/li>\n<li>Nasza modelka ma na sobie<b> rozmiar S<\/b><\/li>\n<\/ul>\n","protected":false},"excerpt":{"rendered":"<p>Czarne szorty\u00a0<strong>Velvet Stripes<\/strong>.<\/p>\n<p>Wi\u0119kszo\u015b\u0107 produkt\u00f3w szyjemy na indywidualne zam\u00f3wienie. Czas oczekiwania w zale\u017cno\u015bci od tkaniny od 2-10 dni roboczych. W przypadku produkt\u00f3w, kt\u00f3re s\u0105 na stanie, wysy\u0142ka do <strong>48h<\/strong>.<\/p>\n","protected":false},"featured_media":5621,"template":"","meta":[],"product_brand":[],"product_cat":[49,74],"product_tag":[53,222,159,140],"class_list":{"0":"post-4525","1":"product","2":"type-product","3":"status-publish","4":"has-post-thumbnail","6":"product_cat-pole-dance-exotic","7":"product_cat-szorty","8":"product_tag-pole-dance","9":"product_tag-stripes","10":"product_tag-szorty","11":"product_tag-velvet","12":"pa_produkt-szorty","13":"pa_rozmiar-x-small","14":"pa_rozmiar-small","15":"pa_rozmiar-medium","16":"pa_rozmiar-large","17":"pa_rozmiar-x-large","19":"first","20":"onbackorder","21":"shipping-taxable","22":"purchasable","23":"product-type-variable","24":"has-default-attributes"},"_links":{"self":[{"href":"https:\/\/www.makuku.pl\/shop\/index.php?rest_route=\/wp\/v2\/product\/4525","targetHints":{"allow":["GET"]}}],"collection":[{"href":"https:\/\/www.makuku.pl\/shop\/index.php?rest_route=\/wp\/v2\/product"}],"about":[{"href":"https:\/\/www.makuku.pl\/shop\/index.php?rest_route=\/wp\/v2\/types\/product"}],"wp:featuredmedia":[{"embeddable":true,"href":"https:\/\/www.makuku.pl\/shop\/index.php?rest_route=\/wp\/v2\/media\/5621"}],"wp:attachment":[{"href":"https:\/\/www.makuku.pl\/shop\/index.php?rest_route=%2Fwp%2Fv2%2Fmedia&parent=4525"}],"wp:term":[{"taxonomy":"product_brand","embeddable":true,"href":"https:\/\/www.makuku.pl\/shop\/index.php?rest_route=%2Fwp%2Fv2%2Fproduct_brand&post=4525"},{"taxonomy":"product_cat","embeddable":true,"href":"https:\/\/www.makuku.pl\/shop\/index.php?rest_route=%2Fwp%2Fv2%2Fproduct_cat&post=4525"},{"taxonomy":"product_tag","embeddable":true,"href":"https:\/\/www.makuku.pl\/shop\/index.php?rest_route=%2Fwp%2Fv2%2Fproduct_tag&post=4525"}],"curies":[{"name":"wp","href":"https:\/\/api.w.org\/{rel}","templated":true}]}}