{"id":3413,"date":"2023-01-11T11:21:41","date_gmt":"2023-01-11T10:21:41","guid":{"rendered":"https:\/\/www.makuku.pl\/shop\/?post_type=product&#038;p=3413"},"modified":"2025-01-06T15:47:32","modified_gmt":"2025-01-06T14:47:32","slug":"komplet-sneaky-szmaragd","status":"publish","type":"product","link":"https:\/\/www.makuku.pl\/shop\/?product=komplet-sneaky-szmaragd","title":{"rendered":"Komplet Sneaky Szmaragd"},"content":{"rendered":"<p>Str\u00f3j do Pole Dance <strong>Sneaky<\/strong> w kolorze szmaragdowym uszyty z elastycznego i wygodnego weluru. Top zabudowany z przodu, z wyci\u0119tymi plecami, posiada miejsce na wk\u0142adki. Szorty bezszwowe w pasie, z wysokim stanem, ozdobnymi wi\u0105zaniami po bokach i marszczone na pupie. Idealny dla kobiet chc\u0105cych zakry\u0107 swoje niedoskona\u0142o\u015bci.<\/p>\n<p><strong> <br class=\"avia-permanent-lb\" \/>Wymiary modelki:<\/strong><\/p>\n<ul>\n<li>Wzrost: 167 cm<\/li>\n<li>Szeroko\u015b\u0107 w biu\u015bcie: 82 cm<\/li>\n<li>Szeroko\u015b\u0107 pod biustem: 75 cm<\/li>\n<li>Szeroko\u015b\u0107 w talii: 70 cm<\/li>\n<li>Szeroko\u015b\u0107 w biodrach: 88 cm<\/li>\n<li>Nasza modelka ma na sobie<b> rozmiar S<\/b><\/li>\n<\/ul>\n","protected":false},"excerpt":{"rendered":"<p>Str\u00f3j do Pole Dance <strong>Sneaky<\/strong> w kolorze szmaragdowym.<strong><br \/>\n<\/strong><\/p>\n<p>Wi\u0119kszo\u015b\u0107 kostium\u00f3w szyjemy na indywidualne zam\u00f3wienie. Czas oczekiwania w zale\u017cno\u015bci od tkaniny od 2-10 dni roboczych. W przypadku produkt\u00f3w, kt\u00f3re s\u0105 na stanie, wysy\u0142ka do <strong>48h<\/strong>.<\/p>\n","protected":false},"featured_media":3465,"template":"","meta":[],"product_brand":[],"product_cat":[49,50],"product_tag":[53,158],"class_list":{"0":"post-3413","1":"product","2":"type-product","3":"status-publish","4":"has-post-thumbnail","6":"product_cat-pole-dance-exotic","7":"product_cat-komplety","8":"product_tag-pole-dance","9":"product_tag-sneaky","10":"pa_produkt-stroje-pd","11":"pa_rozmiar-dol-x-small","12":"pa_rozmiar-dol-small","13":"pa_rozmiar-dol-medium","14":"pa_rozmiar-dol-large","15":"pa_rozmiar-dol-x-large","16":"pa_rozmiar-gora-x-small","17":"pa_rozmiar-gora-small","18":"pa_rozmiar-gora-medium","19":"pa_rozmiar-gora-large","20":"pa_rozmiar-gora-x-large","22":"first","23":"onbackorder","24":"shipping-taxable","25":"purchasable","26":"product-type-variable","27":"has-default-attributes"},"_links":{"self":[{"href":"https:\/\/www.makuku.pl\/shop\/index.php?rest_route=\/wp\/v2\/product\/3413","targetHints":{"allow":["GET"]}}],"collection":[{"href":"https:\/\/www.makuku.pl\/shop\/index.php?rest_route=\/wp\/v2\/product"}],"about":[{"href":"https:\/\/www.makuku.pl\/shop\/index.php?rest_route=\/wp\/v2\/types\/product"}],"wp:featuredmedia":[{"embeddable":true,"href":"https:\/\/www.makuku.pl\/shop\/index.php?rest_route=\/wp\/v2\/media\/3465"}],"wp:attachment":[{"href":"https:\/\/www.makuku.pl\/shop\/index.php?rest_route=%2Fwp%2Fv2%2Fmedia&parent=3413"}],"wp:term":[{"taxonomy":"product_brand","embeddable":true,"href":"https:\/\/www.makuku.pl\/shop\/index.php?rest_route=%2Fwp%2Fv2%2Fproduct_brand&post=3413"},{"taxonomy":"product_cat","embeddable":true,"href":"https:\/\/www.makuku.pl\/shop\/index.php?rest_route=%2Fwp%2Fv2%2Fproduct_cat&post=3413"},{"taxonomy":"product_tag","embeddable":true,"href":"https:\/\/www.makuku.pl\/shop\/index.php?rest_route=%2Fwp%2Fv2%2Fproduct_tag&post=3413"}],"curies":[{"name":"wp","href":"https:\/\/api.w.org\/{rel}","templated":true}]}}