{"id":3144,"date":"2023-01-11T00:44:02","date_gmt":"2023-01-10T23:44:02","guid":{"rendered":"https:\/\/www.makuku.pl\/shop\/?post_type=product&#038;p=3144"},"modified":"2025-01-07T21:42:14","modified_gmt":"2025-01-07T20:42:14","slug":"komplet-marella","status":"publish","type":"product","link":"https:\/\/www.makuku.pl\/shop\/?product=komplet-marella","title":{"rendered":"Komplet Marella"},"content":{"rendered":"<p>Str\u00f3j do Pole Dance <strong>Marella<\/strong> w kolorze fioletowym uszyty z mocno elastycznej i wygodnej lycry. Top zak\u0142adany na szyj\u0119 z ozdobnym marszczeniem na biu\u015bcie, posiada miejsce na wk\u0142adki, mocno eksponuje plecy. Doskonale sprawdzi si\u0119 zar\u00f3wno na ma\u0142y jak i du\u017cy biust. Szorty z wysokim stanem podkre\u015blaj\u0105cym tali\u0119, marszczone na pupie oraz paseczkami na udach. W paseczkach wszyte s\u0105 gumki, nie wrzynaj\u0105 si\u0119.<\/p>\n<p><strong> <br class=\"avia-permanent-lb\" \/>Wymiary modelki:<\/strong><\/p>\n<ul>\n<li>Wzrost: 167 cm<\/li>\n<li>Szeroko\u015b\u0107 w biu\u015bcie: 82 cm<\/li>\n<li>Szeroko\u015b\u0107 pod biustem: 75 cm<\/li>\n<li>Szeroko\u015b\u0107 w talii: 70 cm<\/li>\n<li>Szeroko\u015b\u0107 w biodrach: 88 cm<\/li>\n<li>Nasza modelka ma na sobie<b> rozmiar S<\/b><\/li>\n<\/ul>\n","protected":false},"excerpt":{"rendered":"<p>Str\u00f3j do Pole Dance <strong>Marella<\/strong> w kolorze fioletowym.<strong><br \/>\n<\/strong><\/p>\n<p>Wi\u0119kszo\u015b\u0107 kostium\u00f3w szyjemy na indywidualne zam\u00f3wienie. Czas oczekiwania w zale\u017cno\u015bci od tkaniny od 2-10 dni roboczych. W przypadku produkt\u00f3w, kt\u00f3re s\u0105 na stanie, wysy\u0142ka do <strong>48h<\/strong>.<\/p>\n","protected":false},"featured_media":3195,"template":"","meta":[],"product_brand":[],"product_cat":[63,49,50],"product_tag":[274,188,53],"class_list":{"0":"post-3144","1":"product","2":"type-product","3":"status-publish","4":"has-post-thumbnail","6":"product_cat-sale","7":"product_cat-pole-dance-exotic","8":"product_cat-komplety","9":"product_tag-komplet","10":"product_tag-marella","11":"product_tag-pole-dance","12":"pa_produkt-stroje-pd","13":"pa_rozmiar-dol-x-small","14":"pa_rozmiar-dol-small","15":"pa_rozmiar-dol-medium","16":"pa_rozmiar-dol-large","17":"pa_rozmiar-dol-x-large","18":"pa_rozmiar-gora-x-small","19":"pa_rozmiar-gora-small","20":"pa_rozmiar-gora-medium","21":"pa_rozmiar-gora-large","22":"pa_rozmiar-gora-x-large","24":"first","25":"onbackorder","26":"sale","27":"shipping-taxable","28":"purchasable","29":"product-type-variable","30":"has-default-attributes"},"_links":{"self":[{"href":"https:\/\/www.makuku.pl\/shop\/index.php?rest_route=\/wp\/v2\/product\/3144","targetHints":{"allow":["GET"]}}],"collection":[{"href":"https:\/\/www.makuku.pl\/shop\/index.php?rest_route=\/wp\/v2\/product"}],"about":[{"href":"https:\/\/www.makuku.pl\/shop\/index.php?rest_route=\/wp\/v2\/types\/product"}],"wp:featuredmedia":[{"embeddable":true,"href":"https:\/\/www.makuku.pl\/shop\/index.php?rest_route=\/wp\/v2\/media\/3195"}],"wp:attachment":[{"href":"https:\/\/www.makuku.pl\/shop\/index.php?rest_route=%2Fwp%2Fv2%2Fmedia&parent=3144"}],"wp:term":[{"taxonomy":"product_brand","embeddable":true,"href":"https:\/\/www.makuku.pl\/shop\/index.php?rest_route=%2Fwp%2Fv2%2Fproduct_brand&post=3144"},{"taxonomy":"product_cat","embeddable":true,"href":"https:\/\/www.makuku.pl\/shop\/index.php?rest_route=%2Fwp%2Fv2%2Fproduct_cat&post=3144"},{"taxonomy":"product_tag","embeddable":true,"href":"https:\/\/www.makuku.pl\/shop\/index.php?rest_route=%2Fwp%2Fv2%2Fproduct_tag&post=3144"}],"curies":[{"name":"wp","href":"https:\/\/api.w.org\/{rel}","templated":true}]}}