{"id":2967,"date":"2023-01-11T00:21:36","date_gmt":"2023-01-10T23:21:36","guid":{"rendered":"https:\/\/www.makuku.pl\/shop\/?post_type=product&#038;p=2967"},"modified":"2025-01-05T22:57:00","modified_gmt":"2025-01-05T21:57:00","slug":"komplet-black-sensual","status":"publish","type":"product","link":"https:\/\/www.makuku.pl\/shop\/?product=komplet-black-sensual","title":{"rendered":"Komplet Black Sensual"},"content":{"rendered":"<p>Str\u00f3j do Pole Dance <strong>Black Sensual<\/strong> w kolorze czarnym. Uszyty jest z elastycznego materia\u0142u przypominaj\u0105cego sk\u00f3r\u0119. Top z zak\u0142adanymi paseczkami pod biustem, wewn\u0105trz ma miejsce na wk\u0142adki. Szorty zdobione paseczkami na udach i po bokach, marszczone na pupie. Ca\u0142o\u015b\u0107 bardzo wygodna z nut\u0105 pikanterii. B\u0119dzie doskona\u0142ym wyborem dla ka\u017cdej kobiety chc\u0105cej si\u0119 wyr\u00f3\u017cni\u0107.<\/p>\n<p><strong> <br class=\"avia-permanent-lb\" \/>Wymiary modelki:<\/strong><\/p>\n<ul>\n<li>Wzrost: 167 cm<\/li>\n<li>Szeroko\u015b\u0107 w biu\u015bcie: 82 cm<\/li>\n<li>Szeroko\u015b\u0107 pod biustem: 75 cm<\/li>\n<li>Szeroko\u015b\u0107 w talii: 70 cm<\/li>\n<li>Szeroko\u015b\u0107 w biodrach: 88 cm<\/li>\n<li>Nasza modelka ma na sobie<b> rozmiar S<\/b><\/li>\n<\/ul>\n","protected":false},"excerpt":{"rendered":"<p>Str\u00f3j do Pole Dance <strong>Black Sensual<\/strong> w kolorze czarnym.<strong><br \/>\n<\/strong><\/p>\n<p>Wi\u0119kszo\u015b\u0107 kostium\u00f3w szyjemy na indywidualne zam\u00f3wienie. Czas oczekiwania w zale\u017cno\u015bci od tkaniny od 2-10 dni roboczych. W przypadku produkt\u00f3w, kt\u00f3re s\u0105 na stanie, wysy\u0142ka do <strong>48h<\/strong>.<\/p>\n","protected":false},"featured_media":2995,"template":"","meta":[],"product_brand":[],"product_cat":[49,50],"product_tag":[53,184],"class_list":{"0":"post-2967","1":"product","2":"type-product","3":"status-publish","4":"has-post-thumbnail","6":"product_cat-pole-dance-exotic","7":"product_cat-komplety","8":"product_tag-pole-dance","9":"product_tag-sensual","10":"pa_produkt-stroje-pd","11":"pa_rozmiar-dol-x-small","12":"pa_rozmiar-dol-small","13":"pa_rozmiar-dol-medium","14":"pa_rozmiar-dol-large","15":"pa_rozmiar-dol-x-large","16":"pa_rozmiar-gora-x-small","17":"pa_rozmiar-gora-small","18":"pa_rozmiar-gora-medium","19":"pa_rozmiar-gora-large","20":"pa_rozmiar-gora-x-large","22":"first","23":"onbackorder","24":"shipping-taxable","25":"purchasable","26":"product-type-variable","27":"has-default-attributes"},"_links":{"self":[{"href":"https:\/\/www.makuku.pl\/shop\/index.php?rest_route=\/wp\/v2\/product\/2967","targetHints":{"allow":["GET"]}}],"collection":[{"href":"https:\/\/www.makuku.pl\/shop\/index.php?rest_route=\/wp\/v2\/product"}],"about":[{"href":"https:\/\/www.makuku.pl\/shop\/index.php?rest_route=\/wp\/v2\/types\/product"}],"wp:featuredmedia":[{"embeddable":true,"href":"https:\/\/www.makuku.pl\/shop\/index.php?rest_route=\/wp\/v2\/media\/2995"}],"wp:attachment":[{"href":"https:\/\/www.makuku.pl\/shop\/index.php?rest_route=%2Fwp%2Fv2%2Fmedia&parent=2967"}],"wp:term":[{"taxonomy":"product_brand","embeddable":true,"href":"https:\/\/www.makuku.pl\/shop\/index.php?rest_route=%2Fwp%2Fv2%2Fproduct_brand&post=2967"},{"taxonomy":"product_cat","embeddable":true,"href":"https:\/\/www.makuku.pl\/shop\/index.php?rest_route=%2Fwp%2Fv2%2Fproduct_cat&post=2967"},{"taxonomy":"product_tag","embeddable":true,"href":"https:\/\/www.makuku.pl\/shop\/index.php?rest_route=%2Fwp%2Fv2%2Fproduct_tag&post=2967"}],"curies":[{"name":"wp","href":"https:\/\/api.w.org\/{rel}","templated":true}]}}