{"id":2851,"date":"2023-01-10T23:54:38","date_gmt":"2023-01-10T22:54:38","guid":{"rendered":"https:\/\/www.makuku.pl\/shop\/?post_type=product&#038;p=2851"},"modified":"2023-12-08T18:09:17","modified_gmt":"2023-12-08T17:09:17","slug":"komplet-dresowy-freedom-violet","status":"publish","type":"product","link":"https:\/\/www.makuku.pl\/shop\/?product=komplet-dresowy-freedom-violet","title":{"rendered":"Komplet Dresowy Freedom Violet"},"content":{"rendered":"<p>Komplet dresowy <strong>Freedom <\/strong>w kolorze fioletowym. Uszyty jest z wygodnej i przyjemnej tkaniny dresowej. D\u0142uga bluza z kapturem i kieszeni\u0105, spodnie z wy\u017cszym stanem i kieszonka na pupie. Dresik przyda si\u0119 w ka\u017cdej szafie i sprawdzi na wiele okazji.<\/p>\n<p><strong> <br class=\"avia-permanent-lb\" \/>Wymiary modelki:<\/strong><\/p>\n<ul>\n<li>Wzrost: 167 cm<\/li>\n<li>Szeroko\u015b\u0107 w biu\u015bcie: 82 cm<\/li>\n<li>Szeroko\u015b\u0107 pod biustem: 75 cm<\/li>\n<li>Szeroko\u015b\u0107 w talii: 70 cm<\/li>\n<li>Szeroko\u015b\u0107 w biodrach: 88 cm<\/li>\n<li>Nasza modelka ma na sobie<b> rozmiar S<\/b><\/li>\n<\/ul>\n","protected":false},"excerpt":{"rendered":"<p>Komplet dresowy <strong>Freedom <\/strong>w kolorze fioletowym.<\/p>\n<p>Wi\u0119kszo\u015b\u0107 dres\u00f3w szyjemy na indywidualne zam\u00f3wienie. Czas oczekiwania w zale\u017cno\u015bci od tkaniny od 2-10 dni roboczych. W przypadku produkt\u00f3w, kt\u00f3re s\u0105 na stanie, wysy\u0142ka do <strong>48h<\/strong>.<\/p>\n","protected":false},"featured_media":2858,"template":"","meta":[],"product_brand":[],"product_cat":[54,56],"product_tag":[177,179],"class_list":{"0":"post-2851","1":"product","2":"type-product","3":"status-publish","4":"has-post-thumbnail","6":"product_cat-dresy","7":"product_cat-komplety-dresy","8":"product_tag-dres","9":"product_tag-freedom","10":"pa_produkt-dresy","11":"pa_rozmiar-small","12":"pa_rozmiar-medium","13":"pa_rozmiar-large","15":"first","16":"outofstock","17":"shipping-taxable","18":"purchasable","19":"product-type-variable","20":"has-default-attributes"},"_links":{"self":[{"href":"https:\/\/www.makuku.pl\/shop\/index.php?rest_route=\/wp\/v2\/product\/2851","targetHints":{"allow":["GET"]}}],"collection":[{"href":"https:\/\/www.makuku.pl\/shop\/index.php?rest_route=\/wp\/v2\/product"}],"about":[{"href":"https:\/\/www.makuku.pl\/shop\/index.php?rest_route=\/wp\/v2\/types\/product"}],"wp:featuredmedia":[{"embeddable":true,"href":"https:\/\/www.makuku.pl\/shop\/index.php?rest_route=\/wp\/v2\/media\/2858"}],"wp:attachment":[{"href":"https:\/\/www.makuku.pl\/shop\/index.php?rest_route=%2Fwp%2Fv2%2Fmedia&parent=2851"}],"wp:term":[{"taxonomy":"product_brand","embeddable":true,"href":"https:\/\/www.makuku.pl\/shop\/index.php?rest_route=%2Fwp%2Fv2%2Fproduct_brand&post=2851"},{"taxonomy":"product_cat","embeddable":true,"href":"https:\/\/www.makuku.pl\/shop\/index.php?rest_route=%2Fwp%2Fv2%2Fproduct_cat&post=2851"},{"taxonomy":"product_tag","embeddable":true,"href":"https:\/\/www.makuku.pl\/shop\/index.php?rest_route=%2Fwp%2Fv2%2Fproduct_tag&post=2851"}],"curies":[{"name":"wp","href":"https:\/\/api.w.org\/{rel}","templated":true}]}}