{"id":2841,"date":"2023-01-10T23:52:14","date_gmt":"2023-01-10T22:52:14","guid":{"rendered":"https:\/\/www.makuku.pl\/shop\/?post_type=product&#038;p=2841"},"modified":"2025-11-15T15:23:06","modified_gmt":"2025-11-15T14:23:06","slug":"komplet-dresowy-velvet-class-beige","status":"publish","type":"product","link":"https:\/\/www.makuku.pl\/shop\/?product=komplet-dresowy-velvet-class-beige","title":{"rendered":"Komplet Dresowy Velvet Class Beige &#8211; wyprzedane"},"content":{"rendered":"<p>Komplet dresowy <strong>Velvet Class <\/strong>w kolorze be\u017cowym. Uszyty z bardzo przyjemnego i mi\u0119kkiego weluru. Bluza \u015bredniej d\u0142ugo\u015bci oraz spodnie z wy\u017cszym stanem i \u015bci\u0105gaczami na nogawkach. Przyda si\u0119 w ka\u017cdej kobiecej szafie.<\/p>\n<p><strong> <br class=\"avia-permanent-lb\" \/>Wymiary modelki:<\/strong><\/p>\n<ul>\n<li>Wzrost: 167 cm<\/li>\n<li>Szeroko\u015b\u0107 w biu\u015bcie: 82 cm<\/li>\n<li>Szeroko\u015b\u0107 pod biustem: 75 cm<\/li>\n<li>Szeroko\u015b\u0107 w talii: 70 cm<\/li>\n<li>Szeroko\u015b\u0107 w biodrach: 88 cm<\/li>\n<li>Nasza modelka ma na sobie<b> rozmiar S<\/b><\/li>\n<\/ul>\n","protected":false},"excerpt":{"rendered":"<p>Komplet dresowy z serii <strong>Velvet Class <\/strong>w kolorze be\u017cowym. Dost\u0119pny w wielu kolorach.<\/p>\n<p>Wi\u0119kszo\u015b\u0107 dres\u00f3w szyjemy na indywidualne zam\u00f3wienie. Czas oczekiwania w zale\u017cno\u015bci od tkaniny od 2-10 dni roboczych. W przypadku produkt\u00f3w, kt\u00f3re s\u0105 na stanie, wysy\u0142ka do <strong>48h<\/strong>.<\/p>\n","protected":false},"featured_media":2847,"template":"","meta":[],"product_brand":[],"product_cat":[54,56],"product_tag":[178,177,140],"class_list":{"0":"post-2841","1":"product","2":"type-product","3":"status-publish","4":"has-post-thumbnail","6":"product_cat-dresy","7":"product_cat-komplety-dresy","8":"product_tag-class","9":"product_tag-dres","10":"product_tag-velvet","11":"pa_produkt-dresy","12":"pa_rozmiar-small","14":"first","15":"instock","16":"sale","17":"shipping-taxable","18":"purchasable","19":"product-type-variable","20":"has-default-attributes"},"_links":{"self":[{"href":"https:\/\/www.makuku.pl\/shop\/index.php?rest_route=\/wp\/v2\/product\/2841","targetHints":{"allow":["GET"]}}],"collection":[{"href":"https:\/\/www.makuku.pl\/shop\/index.php?rest_route=\/wp\/v2\/product"}],"about":[{"href":"https:\/\/www.makuku.pl\/shop\/index.php?rest_route=\/wp\/v2\/types\/product"}],"wp:featuredmedia":[{"embeddable":true,"href":"https:\/\/www.makuku.pl\/shop\/index.php?rest_route=\/wp\/v2\/media\/2847"}],"wp:attachment":[{"href":"https:\/\/www.makuku.pl\/shop\/index.php?rest_route=%2Fwp%2Fv2%2Fmedia&parent=2841"}],"wp:term":[{"taxonomy":"product_brand","embeddable":true,"href":"https:\/\/www.makuku.pl\/shop\/index.php?rest_route=%2Fwp%2Fv2%2Fproduct_brand&post=2841"},{"taxonomy":"product_cat","embeddable":true,"href":"https:\/\/www.makuku.pl\/shop\/index.php?rest_route=%2Fwp%2Fv2%2Fproduct_cat&post=2841"},{"taxonomy":"product_tag","embeddable":true,"href":"https:\/\/www.makuku.pl\/shop\/index.php?rest_route=%2Fwp%2Fv2%2Fproduct_tag&post=2841"}],"curies":[{"name":"wp","href":"https:\/\/api.w.org\/{rel}","templated":true}]}}