{"id":2018,"date":"2023-01-10T20:47:17","date_gmt":"2023-01-10T19:47:17","guid":{"rendered":"https:\/\/www.makuku.pl\/shop\/?post_type=product&#038;p=2018"},"modified":"2025-01-07T21:56:00","modified_gmt":"2025-01-07T20:56:00","slug":"komplet-fokus-velvet-black","status":"publish","type":"product","link":"https:\/\/www.makuku.pl\/shop\/?product=komplet-fokus-velvet-black","title":{"rendered":"Komplet Fokus Velvet Black"},"content":{"rendered":"<p>Str\u00f3j <strong>Fokus Velvet <\/strong>w kolorze czarnym. Top na cienkich rami\u0105czkach u\u0142o\u017conych w krzy\u017c na plecach, z miejscem na wk\u0142adki. Szorty z podwy\u017cszonym stanem i paseczkami na udach, marszczone na pupie. Materia\u0142 to elastyczny i wygodny welur.<\/p>\n<p><strong> <br class=\"avia-permanent-lb\" \/>Wymiary modelki:<\/strong><\/p>\n<ul>\n<li>Wzrost: 167 cm<\/li>\n<li>Szeroko\u015b\u0107 w biu\u015bcie: 82 cm<\/li>\n<li>Szeroko\u015b\u0107 pod biustem: 75 cm<\/li>\n<li>Szeroko\u015b\u0107 w talii: 70 cm<\/li>\n<li>Szeroko\u015b\u0107 w biodrach: 88 cm<\/li>\n<li>Nasza modelka ma na sobie<b> rozmiar S<\/b><\/li>\n<\/ul>\n","protected":false},"excerpt":{"rendered":"<p>Str\u00f3j do Pole Dance <strong>Fokus Velvet <\/strong>w kolorze czarnym.<\/p>\n<p>Wi\u0119kszo\u015b\u0107 kostium\u00f3w szyjemy na indywidualne zam\u00f3wienie. Czas oczekiwania w zale\u017cno\u015bci od tkaniny od 2-10 dni roboczych. W przypadku produkt\u00f3w, kt\u00f3re s\u0105 na stanie, wysy\u0142ka do <strong>48h<\/strong>.<\/p>\n","protected":false},"featured_media":2069,"template":"","meta":[],"product_brand":[],"product_cat":[49,50],"product_tag":[165,53,140],"class_list":{"0":"post-2018","1":"product","2":"type-product","3":"status-publish","4":"has-post-thumbnail","6":"product_cat-pole-dance-exotic","7":"product_cat-komplety","8":"product_tag-fokus","9":"product_tag-pole-dance","10":"product_tag-velvet","11":"pa_produkt-stroje-pd","12":"pa_rozmiar-dol-x-small","13":"pa_rozmiar-dol-small","14":"pa_rozmiar-dol-medium","15":"pa_rozmiar-dol-large","16":"pa_rozmiar-dol-x-large","17":"pa_rozmiar-gora-x-small","18":"pa_rozmiar-gora-small","19":"pa_rozmiar-gora-medium","20":"pa_rozmiar-gora-large","21":"pa_rozmiar-gora-x-large","23":"first","24":"onbackorder","25":"shipping-taxable","26":"purchasable","27":"product-type-variable","28":"has-default-attributes"},"_links":{"self":[{"href":"https:\/\/www.makuku.pl\/shop\/index.php?rest_route=\/wp\/v2\/product\/2018","targetHints":{"allow":["GET"]}}],"collection":[{"href":"https:\/\/www.makuku.pl\/shop\/index.php?rest_route=\/wp\/v2\/product"}],"about":[{"href":"https:\/\/www.makuku.pl\/shop\/index.php?rest_route=\/wp\/v2\/types\/product"}],"wp:featuredmedia":[{"embeddable":true,"href":"https:\/\/www.makuku.pl\/shop\/index.php?rest_route=\/wp\/v2\/media\/2069"}],"wp:attachment":[{"href":"https:\/\/www.makuku.pl\/shop\/index.php?rest_route=%2Fwp%2Fv2%2Fmedia&parent=2018"}],"wp:term":[{"taxonomy":"product_brand","embeddable":true,"href":"https:\/\/www.makuku.pl\/shop\/index.php?rest_route=%2Fwp%2Fv2%2Fproduct_brand&post=2018"},{"taxonomy":"product_cat","embeddable":true,"href":"https:\/\/www.makuku.pl\/shop\/index.php?rest_route=%2Fwp%2Fv2%2Fproduct_cat&post=2018"},{"taxonomy":"product_tag","embeddable":true,"href":"https:\/\/www.makuku.pl\/shop\/index.php?rest_route=%2Fwp%2Fv2%2Fproduct_tag&post=2018"}],"curies":[{"name":"wp","href":"https:\/\/api.w.org\/{rel}","templated":true}]}}