{"id":1874,"date":"2023-01-10T20:27:59","date_gmt":"2023-01-10T19:27:59","guid":{"rendered":"https:\/\/www.makuku.pl\/shop\/?post_type=product&#038;p=1874"},"modified":"2025-02-27T22:31:27","modified_gmt":"2025-02-27T21:31:27","slug":"komplet-classic-velvet-ii-graphite","status":"publish","type":"product","link":"https:\/\/www.makuku.pl\/shop\/?product=komplet-classic-velvet-ii-graphite","title":{"rendered":"Komplet Classic Velvet II Graphite \/ WYPRZEDANY"},"content":{"rendered":"<p>Str\u00f3j <strong>Classic Velvet II <\/strong>w kolorze grafitowym. Uszyty z elastycznego i wygodnego weluru. Tkanina i kolor prezentuj\u0105 si\u0119 bardzo efektownie. Top na szerokich rami\u0105czkach z p\u00f3\u0142okr\u0105g\u0142ym dekoltem, posiada miejsce na wk\u0142adki. Szorty z podwy\u017cszonym stanem i paseczkami na udach, marszczone na pupie.<\/p>\n<p><strong> <br class=\"avia-permanent-lb\" \/>Wymiary modelki:<\/strong><\/p>\n<ul>\n<li>Wzrost: 167 cm<\/li>\n<li>Szeroko\u015b\u0107 w biu\u015bcie: 82 cm<\/li>\n<li>Szeroko\u015b\u0107 pod biustem: 75 cm<\/li>\n<li>Szeroko\u015b\u0107 w talii: 70 cm<\/li>\n<li>Szeroko\u015b\u0107 w biodrach: 88 cm<\/li>\n<li>Nasza modelka ma na sobie<b> rozmiar S<\/b><\/li>\n<\/ul>\n","protected":false},"excerpt":{"rendered":"<p>Str\u00f3j do Pole Dance <strong>Classic Velvet II <\/strong>w kolorze grafitowym. Dost\u0119pny w wielu kolorach.<\/p>\n<p>Wi\u0119kszo\u015b\u0107 kostium\u00f3w szyjemy na indywidualne zam\u00f3wienie. Czas oczekiwania w zale\u017cno\u015bci od tkaniny od 2-10 dni roboczych. W przypadku produkt\u00f3w, kt\u00f3re s\u0105 na stanie, wysy\u0142ka do <strong>48h<\/strong>.<\/p>\n","protected":false},"featured_media":1926,"template":"","meta":[],"product_brand":[],"product_cat":[49,50],"product_tag":[143,53,140],"class_list":{"0":"post-1874","1":"product","2":"type-product","3":"status-publish","4":"has-post-thumbnail","6":"product_cat-pole-dance-exotic","7":"product_cat-komplety","8":"product_tag-classic","9":"product_tag-pole-dance","10":"product_tag-velvet","11":"pa_produkt-stroje-pd","12":"pa_rozmiar-dol-x-small","13":"pa_rozmiar-dol-small","14":"pa_rozmiar-dol-medium","15":"pa_rozmiar-dol-large","16":"pa_rozmiar-dol-x-large","17":"pa_rozmiar-gora-x-small","18":"pa_rozmiar-gora-small","19":"pa_rozmiar-gora-medium","20":"pa_rozmiar-gora-large","21":"pa_rozmiar-gora-x-large","23":"first","24":"outofstock","25":"shipping-taxable","26":"purchasable","27":"product-type-variable","28":"has-default-attributes"},"_links":{"self":[{"href":"https:\/\/www.makuku.pl\/shop\/index.php?rest_route=\/wp\/v2\/product\/1874","targetHints":{"allow":["GET"]}}],"collection":[{"href":"https:\/\/www.makuku.pl\/shop\/index.php?rest_route=\/wp\/v2\/product"}],"about":[{"href":"https:\/\/www.makuku.pl\/shop\/index.php?rest_route=\/wp\/v2\/types\/product"}],"wp:featuredmedia":[{"embeddable":true,"href":"https:\/\/www.makuku.pl\/shop\/index.php?rest_route=\/wp\/v2\/media\/1926"}],"wp:attachment":[{"href":"https:\/\/www.makuku.pl\/shop\/index.php?rest_route=%2Fwp%2Fv2%2Fmedia&parent=1874"}],"wp:term":[{"taxonomy":"product_brand","embeddable":true,"href":"https:\/\/www.makuku.pl\/shop\/index.php?rest_route=%2Fwp%2Fv2%2Fproduct_brand&post=1874"},{"taxonomy":"product_cat","embeddable":true,"href":"https:\/\/www.makuku.pl\/shop\/index.php?rest_route=%2Fwp%2Fv2%2Fproduct_cat&post=1874"},{"taxonomy":"product_tag","embeddable":true,"href":"https:\/\/www.makuku.pl\/shop\/index.php?rest_route=%2Fwp%2Fv2%2Fproduct_tag&post=1874"}],"curies":[{"name":"wp","href":"https:\/\/api.w.org\/{rel}","templated":true}]}}