{"id":1836,"date":"2023-01-10T20:11:41","date_gmt":"2023-01-10T19:11:41","guid":{"rendered":"https:\/\/www.makuku.pl\/shop\/?post_type=product&#038;p=1836"},"modified":"2025-03-30T17:11:28","modified_gmt":"2025-03-30T16:11:28","slug":"brazyliany-black-panther","status":"publish","type":"product","link":"https:\/\/www.makuku.pl\/shop\/?product=brazyliany-black-panther","title":{"rendered":"Brazyliany Black Panther"},"content":{"rendered":"<p>Szorty <strong>Black Panther<\/strong> w kolorze czarno-bia\u0142ej panterki. Uszyte s\u0105 z elastycznej i bardzo wygodnej tkaniny. Szorty typu brazyliany, mocno eksponuj\u0105 po\u015bladki, marszczone na pupie. Stan \u015bredni. Idealnie podkre\u015blaj\u0105 po\u015bladki i kobiece kszta\u0142ty.<\/p>\n<p><strong> <br class=\"avia-permanent-lb\" \/>Wymiary modelki:<\/strong><\/p>\n<ul>\n<li>Wzrost: 167 cm<\/li>\n<li>Szeroko\u015b\u0107 w biu\u015bcie: 82 cm<\/li>\n<li>Szeroko\u015b\u0107 pod biustem: 75 cm<\/li>\n<li>Szeroko\u015b\u0107 w talii: 70 cm<\/li>\n<li>Szeroko\u015b\u0107 w biodrach: 88 cm<\/li>\n<li>Nasza modelka ma na sobie<b> rozmiar S<\/b><\/li>\n<\/ul>\n","protected":false},"excerpt":{"rendered":"<p>Brazyliany do Pole Dance z serii <strong>Black Panther<\/strong> czarno-bia\u0142e.<\/p>\n<p>Wi\u0119kszo\u015b\u0107 kostium\u00f3w szyjemy na indywidualne zam\u00f3wienie. Czas oczekiwania w zale\u017cno\u015bci od tkaniny od 2-10 dni roboczych. W przypadku produkt\u00f3w, kt\u00f3re s\u0105 na stanie, wysy\u0142ka do <strong>48h<\/strong>.<\/p>\n","protected":false},"featured_media":1848,"template":"","meta":[],"product_brand":[],"product_cat":[68,69,49,74],"product_tag":[161,160,53],"class_list":{"0":"post-1836","1":"product","2":"type-product","3":"status-publish","4":"has-post-thumbnail","6":"product_cat-plazowe","7":"product_cat-dol-kostium","8":"product_cat-pole-dance-exotic","9":"product_cat-szorty","10":"product_tag-black-panther","11":"product_tag-brazyliany","12":"product_tag-pole-dance","13":"pa_produkt-brazyliany","14":"pa_rozmiar-x-small","15":"pa_rozmiar-small","16":"pa_rozmiar-medium","17":"pa_rozmiar-large","18":"pa_rozmiar-x-large","20":"first","21":"outofstock","22":"shipping-taxable","23":"purchasable","24":"product-type-variable","25":"has-default-attributes"},"_links":{"self":[{"href":"https:\/\/www.makuku.pl\/shop\/index.php?rest_route=\/wp\/v2\/product\/1836","targetHints":{"allow":["GET"]}}],"collection":[{"href":"https:\/\/www.makuku.pl\/shop\/index.php?rest_route=\/wp\/v2\/product"}],"about":[{"href":"https:\/\/www.makuku.pl\/shop\/index.php?rest_route=\/wp\/v2\/types\/product"}],"wp:featuredmedia":[{"embeddable":true,"href":"https:\/\/www.makuku.pl\/shop\/index.php?rest_route=\/wp\/v2\/media\/1848"}],"wp:attachment":[{"href":"https:\/\/www.makuku.pl\/shop\/index.php?rest_route=%2Fwp%2Fv2%2Fmedia&parent=1836"}],"wp:term":[{"taxonomy":"product_brand","embeddable":true,"href":"https:\/\/www.makuku.pl\/shop\/index.php?rest_route=%2Fwp%2Fv2%2Fproduct_brand&post=1836"},{"taxonomy":"product_cat","embeddable":true,"href":"https:\/\/www.makuku.pl\/shop\/index.php?rest_route=%2Fwp%2Fv2%2Fproduct_cat&post=1836"},{"taxonomy":"product_tag","embeddable":true,"href":"https:\/\/www.makuku.pl\/shop\/index.php?rest_route=%2Fwp%2Fv2%2Fproduct_tag&post=1836"}],"curies":[{"name":"wp","href":"https:\/\/api.w.org\/{rel}","templated":true}]}}